{"id":940,"date":"2021-05-20T11:47:04","date_gmt":"2021-05-20T09:47:04","guid":{"rendered":"https:\/\/www.jazz-premium-events.com\/rechtliche-hinweise-und-impressum\/"},"modified":"2021-06-21T14:46:32","modified_gmt":"2021-06-21T12:46:32","slug":"rechtliche-hinweise-und-impressum","status":"publish","type":"page","link":"https:\/\/www.jazz-premium-events.com\/de\/rechtliche-hinweise-und-impressum\/","title":{"rendered":"Rechtliche Hinweise und Impressum"},"content":{"rendered":"\n<h1 class=\"has-text-align-center wp-block-heading\">Rechtliche Hinweise und Impressum<\/h1>\n\n<h2 class=\"wp-block-heading\">Definitionen<\/h2>\n\n<p><strong>Kunde<\/strong>: Jeder gewerbliche Nachfrager oder jede nat\u00fcrliche gesch\u00e4ftsf\u00e4hige Person im Sinne des Artikels 1123 ff. des franz\u00f6sischen B\u00fcrgerlichen Gesetzbuches (Code Civil) oder jede juristische Person, die die Website besucht, auf die sich die gegenst\u00e4ndlichen rechtlichen Hinweise beziehen.<\/p>\n\n<p><strong>Benutzer<\/strong>: Internetnutzer, der eine Verbindung zum Internet herstellt und die Website jazz-premium-events.com nutzt.<\/p>\n\n<p><strong>Personenbezogene Daten<\/strong>: \u201eInformationen, die in irgendeiner Form, direkt oder indirekt, die Identifizierung von nat\u00fcrlichen Personen erm\u00f6glichen, auf die sie sich beziehen\u201c (Artikel\u00a04 des Gesetzes Nr.\u00a078-17 vom 6. Januar\u00a01978).<\/p>\n\n<h2 class=\"wp-block-heading\">Pr\u00e4sentation der Website<\/h2>\n\n<p>Gem\u00e4\u00df Artikel 6 des Gesetzes Nr. 2004-575 vom 21. Juni 2004 \u00fcber das Vertrauen in die digitale Wirtschaft werden die Nutzer der Website jazz-premium-events.com \u00fcber die Identit\u00e4t der verschiedenen Parteien informiert, die an ihrer Erstellung und \u00dcberwachung beteiligten sind:<\/p>\n\n<p><strong>Inhaber:<\/strong>&#13;\nLaurent Muller&#13;\nSIRET-Nummer: 815\u00a0277\u00a0611\u00a000027&#13;\nAdresse: 87, rue de Lyon \u2013 67640 FEGERSHEIM<\/p>\n\n<p><strong>Verantwortlich f\u00fcr die Ver\u00f6ffentlichung<\/strong>:&#13;\nLaurent Muller \u2013 <a href=\"mailto:contact@jazz-premium-events.com\">contact@jazz-premium-events.com<\/a><\/p>\n\n<p><strong>Datenschutzbeauftragter<\/strong>:&#13;\nLaurent Muller \u2013 <a href=\"mailto:contact@jazz-premium-events.com\">contact@jazz-premium-events.com<\/a><\/p>\n\n<p><strong>Webhosting<\/strong>:&#13;\nIonos \u2013 7,\u00a0place de la Gare \u2013 BP 70109 \u2013 57200 Sarreguemines Cedex<\/p>\n\n<h2 class=\"wp-block-heading\">2. Vertragliche Beschr\u00e4nkungen f\u00fcr technische Daten<\/h2>\n\n<p>Die Website verwendet die JavaScript-Technologie. Die Website jazz-premium-events.com kann nicht f\u00fcr materielle Sch\u00e4den im Zusammenhang mit ihrer Nutzung verantwortlich gemacht werden. Dar\u00fcber hinaus verpflichtet sich der Nutzer der Website, mit aktuellen und zeitgem\u00e4\u00dfen Ger\u00e4ten, die frei von Viren sind, auf die Website zuzugreifen und mit einem upgedateten Browser der letzten Generation. Die Seite jazz-premium-events.com wird durch einen Dienstleister auf dem Gebiet der Europ\u00e4ischen Union gehostet, in \u00dcbereinstimmung mit den Bestimmungen der Datenschutzgrundverordnung (DSGVO: Nr. 2016-679).<\/p>\n\n<p>Der Webhosting-Anbieter gew\u00e4hrleistet die Kontinuit\u00e4t seiner Dienstleistung rund um die Uhr. Er beh\u00e4lt sich jedoch das Recht vor, die Hostingdienste f\u00fcr einen m\u00f6glichst kurzen Zeitraum zu unterbrechen, insbesondere zu Wartungszwecken, zur Verbesserung seiner Infrastruktur, bei einem Ausfall seiner Infrastruktur oder wenn die Website jazz-premium-events.com einen als unerlaubt geltenden Datenverkehr erzeugt.<\/p>\n\n<p>Die Website jazz-premium-events.com und der Webhosting-Anbieter k\u00f6nnen nicht f\u00fcr St\u00f6rungen der Internetverbindung, der Telefonleitungen oder der Computer- und Telefonausr\u00fcstung haftbar gemacht werden, insbesondere nicht bei einer \u00dcberlastung des Netzes, die den Zugang zum Server verhindert.<\/p>\n\n<h2 class=\"wp-block-heading\">3. Geistiges Eigentum und F\u00e4lschungen<\/h2>\n\n<p>Die Website jazz-premium-events.com stellt eine geistige Sch\u00f6pfung dar, die durch die Bestimmungen des franz\u00f6sischen Gesetzbuchs der Urheberrechte und gewerblichen Schutzrechte (Code de la Propri\u00e9t\u00e9 Intellectuelle) und die geltenden internationalen Regelungen gesch\u00fctzt ist. Der Kunde darf Elemente oder Werke der Website in keiner Weise, weder zur G\u00e4nze noch in Teilen, wiederverwenden, \u00fcbertragen oder auf eigene Rechnung verwerten.<\/p>\n\n<p>Laurent Muller ist Inhaber s\u00e4mtlicher Rechte des geistigen Eigentums und besitzt die Nutzungsrechte an allen auf der Website jazz-premium-events.com sichtbaren und zug\u00e4nglichen Elementen, insbesondere an den Texten, Bildern, Grafiken, Logos, Icons sowie Ton- und Videosequenzen. Jegliche Vervielf\u00e4ltigung, Darstellung, \u00c4nderung, Ver\u00f6ffentlichung, Anpassung aller oder eines Teils der Elemente der Website, unabh\u00e4ngig von den verwendeten Mitteln oder Verfahren, ist untersagt, es sei denn, es liegt eine vorherige schriftliche Genehmigung von Herrn Laurent Muller vor.<\/p>\n\n<p>Jede unbefugte Nutzung der Website oder eines der darin enthaltenen Elemente wird als Versto\u00df betrachtet und gem\u00e4\u00df den Bestimmungen der Artikel L.335-2 ff. des franz\u00f6sischen Gesetzbuchs der Urheberrechte und gewerblichen Schutzrechte (Code de Propri\u00e9t\u00e9 Intellectuelle) verfolgt.<\/p>\n\n<h2 class=\"wp-block-heading\">4. Impressum<\/h2>\n\n<div class=\"wp-block-columns is-layout-flex wp-container-3 wp-block-columns-is-layout-flex\">\n<div class=\"wp-block-column is-layout-flow wp-block-column-is-layout-flow\">\n<p><strong>Erstellung der Website<\/strong>&#13;\n<a href=\"https:\/\/www.echappee-web.fr\" target=\"_blank\" rel=\"noreferrer noopener\">\u00c9chapp\u00e9e Web<\/a> \u2013 contact@echappee-web.fr<\/p>\n\n\n\n<p><strong>Suchmaschinenoptimierung<\/strong>&#13;\n<a href=\"https:\/\/coati-referencement.fr\/\" target=\"_blank\" rel=\"noreferrer noopener\">Coati R\u00e9f\u00e9rencement<\/a> \u2013 cedric@coati-referencement.fr<\/p>\n\n\n\n<p><strong>Visuelle Identit\u00e4t und Logo<br\/><\/strong>C\u00e9line R. &#8211; <a href=\"https:\/\/celine-r.com\/\" target=\"_blank\" rel=\"noreferrer noopener\">celine-r.com<\/a><\/p>\n\n\n\n<p><strong>Icons<\/strong>&#13;\nDie Icons sind frei von Rechten und werden von der Website \u201eThe Noun Project\u201c zur Verf\u00fcgung gestellt:<\/p>\n\n\n\n<ul><li>Guitar by Vectors Market from the Noun Project<\/li><li>Scene by Rauan from the Noun Project<\/li><li>Cocktail by Satisfactory from the Noun Project<\/li><li>Pennants by ProSymbols from the Noun Project<\/li><li>Wedding by Adrien Coquet from the Noun Project<\/li><\/ul><\/div>\n\n\n\n<div class=\"wp-block-column is-layout-flow wp-block-column-is-layout-flow\">\n<p><strong>Fotografie<\/strong><\/p>\n\n\n\n<ul><li>Claude Masselot Photographie<\/li><li>Lucile K Photographie<\/li><li>Manon Badermann<\/li><li>Gregory Kauffmann<\/li><li>F\u00e9lix13<\/li><li>Alexandra Koenig<\/li><li>123 Cheese &#8211; Raoul Schweitzer<\/li><li>Studio F40 Francis Streicher<\/li><li>Cl\u00e9ment Renaut<\/li><li>Pierre Pommereau<\/li><\/ul><\/div>\n<\/div>\n\n<h2 class=\"wp-block-heading\">5. Schutz personenbezogener Daten<\/h2>\n\n<h3 class=\"wp-block-heading\">Verwendung der erhobenen personenbezogenen Daten<\/h3>\n\n<h4 class=\"wp-block-heading\">Kontaktformular<\/h4>\n\n<p>Wir sammeln folgende Informationen \u00fcber unser Kontaktformular:<\/p>\n\n<ul><li>Name<\/li><li>Vorname<\/li><li>Vollst\u00e4ndige Adresse<\/li><li>E-Mail<\/li><li>Telefon<\/li><\/ul>\n<p>Diese personenbezogenen Daten werden \u00fcber unser Kontaktformular erhoben und k\u00f6nnen bis maximal 3 Jahre gespeichert werden (6 Jahre, wenn Sie ein Vertragsverh\u00e4ltnis mit Laurent Muller haben). Wir verwenden die so gesammelten Daten nur, um Ihre Anfrage zu beantworten, die Sie \u00fcber das Kontaktformular gestellt haben.<\/p>\n\n<h4 class=\"wp-block-heading\">Sicherheit der Website<\/h4>\n\n<p>Die Website jazz-premium-events.com verwendet Wordfence als Sicherheitssystem. Dieses Plugin sammelt automatisch die IP-Adressen der Besucher der Website, um b\u00f6swillige Angriffe auf die Website jazz-premium-events.com zu melden und ggf. zu verhindern (z.B. durch Einstellen eines Zeitintervalls zwischen jedem Anmeldeversuchen). Diese IP-Adresse kann an die Server von Wordfence, die sich in den Vereinigten Staaten befinden, gesendet werden, wenn das folgende Verhalten als b\u00f6sartig erkannt wurde (zum Beispiel: die IP-Adresse folgt einem Muster, das typischerweise von Hackern verwendet wird, es wurden Hacking-Versuche auf der Website identifiziert, Versuch, mit einem nicht erkannten Login Id auf die Website-Administration zugreifen &#8230;).&#13;\nBei der normalen Nutzung der Website jazz-premium-events.com wird Ihre IP-Adresse nicht an Wordfence \u00fcbermittelt.Dans le cas d\u2019une utilisation normale du site internet jazz-premium-events.com, votre adresse IP ne sera pas transmise \u00e0 Wordfence.<\/p>\n\n<p><a href=\"https:\/\/www.wordfence.com\/privacy-policy\/\" target=\"_blank\" rel=\"noreferrer noopener\">Lesen Sie die Wordfence-Datenschutzrichtlinie<\/a><\/p>\n\n<h4 class=\"wp-block-heading\">Eingebetteter Inhalt von anderen Websites<\/h4>\n\n<p>Elemente auf dieser Seite k\u00f6nnen eingebettete Inhalte enthalten (z. B. Videos, Bilder, Artikel \u2026). Eingebetteter Inhalt wird von einer Website in eine andere Website importiert und ist dort direkt einsehbar, so als ob der Besucher auf dieser anderen Seite w\u00e4re.<\/p>\n\n<p>Diese Websites k\u00f6nnten Daten \u00fcber Sie sammeln, Cookies verwenden, Tracking-Tools von Drittanbietern einbetten und Ihre Interaktionen mit eingebetteten Inhalten verfolgen, wenn Sie ein Konto auf deren Website haben.<\/p>\n\n<h3 class=\"wp-block-heading\">Nicht\u00fcbermittlung von personenbezogenen Daten<\/h3>\n\n<p>Es werden keinerlei personenbezogene Daten des Nutzers der Website jazz-premium-events.com ohne dessen Wissen ver\u00f6ffentlicht, ausgetauscht, \u00fcbertragen, weitergegeben oder auf irgendeinem Medium an Dritte verkauft, au\u00dfer an die von uns eingesetzten Subunternehmer. Weder Laurent Muller noch einer seiner Subunternehmer vermarktet personenbezogene Daten der Nutzer seiner Website. Nur die Hypothese des R\u00fcckkaufs von Cordology und seiner Rechte w\u00fcrde die Weitergabe der besagten Daten an den eventuellen Erwerber erlauben, der seinerseits an die gleiche Verpflichtung zur Aufbewahrung und \u00c4nderung der Daten gegen\u00fcber dem Nutzer der Website jazz-premium-events.com gebunden w\u00e4re.<\/p>\n\n<h3 class=\"wp-block-heading\">Cookies<\/h3>\n\n<p>Cookies sind kleine Textdateien, die von Websites auf Ihrem Endger\u00e4t (Computer, Tablet oder mobiles Ger\u00e4t) gespeichert werden, wenn Sie diese besuchen. Der Einsatz von Cookies hilft diesen Websites dabei, Ihr Nutzungsverhalten \u00fcber einen bestimmten Zeitraum (zeitlich befristet) aufzuzeichnen.&#13;\nDie unten aufgef\u00fchrten Cookies k\u00f6nnen gesetzt werden, wenn Sie die Website jazz-premium-events.com besuchen.<\/p>\n\n<p>Diese Seite verwendet Cookies nur, um das Publikum zu messen und das Funktionieren der Seite zu gew\u00e4hrleisten. Die sogenannten &#8222;technischen&#8220; Cookies sind von der Einwilligung ausgenommen. <\/p>\n\n<p>Sie k\u00f6nnen die Hinterlegung aller Cookies steuern, wie Sie es m\u00f6chten. Es ist m\u00f6glich, alle bereits auf Ihrem Computer gespeicherten Cookies zu l\u00f6schen und die wichtigsten Webbrowser so einzustellen, dass Cookies blockiert werden. Wenn Sie dies jedoch tun, m\u00fcssen Sie m\u00f6glicherweise bei jedem Besuch einer Website bestimmte Pr\u00e4ferenzen selbst angeben und dann kann es auch sein, dass nicht alle technischen Funktionen nutzbar sind.<\/p>\n\n<div class=\"wp-block-group\"><div class=\"wp-block-group__inner-container is-layout-flow wp-block-group-is-layout-flow\">\n<h4 class=\"wp-block-heading\">Statistik und Reichweitenmessung<\/h4>\n\n\n\n<p>Diese Website benutzt Matomo, ein von der franz\u00f6sischen Datenschutzbeh\u00f6rde (CNIL) empfohlenes Webanalyse-Tool. Die f\u00fcr die Publikumsmessung notwendigen Daten werden f\u00fcr 12 Monate in einem Format aufbewahrt, das es nicht erlaubt, Personen anhand ihrer IP-Adresse zu identifizieren. Es werden Cookies hinterlegt, um Ihre Bewegungen auf unserer Website zu verfolgen, aber Sie k\u00f6nnen unten jederzeit widersprechen:<\/p>\n\n\n\n<p id=\"matomo_opted_out_intro\" style=\"display:none;\">Opt-out abgeschlossen; Ihre Besuche auf dieser Webseite werden nicht vom Webanalysetool erfasst. Bitte beachten Sie, dass auch der Matomo-Deaktivierungs-Cookie dieser Webseite gel\u00f6scht wird, wenn Sie die in Ihrem Browser abgelegten Cookies entfernen. Au\u00dferdem m\u00fcssen Sie, wenn Sie einen anderen Computer oder einen anderen Webbrowser verwenden, die Deaktivierungsprozedur nochmals absolvieren.<\/p><p id=\"matomo_opted_in_intro\" >Sie haben die M\u00f6glichkeit zu verhindern, dass von Ihnen hier get\u00e4tigte Aktionen analysiert und verkn\u00fcpft werden. Dies wird Ihre Privatsph\u00e4re sch\u00fctzen, aber wird auch den Besitzer daran hindern, aus Ihren Aktionen zu lernen und die Bedienbarkeit f\u00fcr Sie und andere Benutzer zu verbessern.<\/p><form>\n        <input type=\"checkbox\" id=\"matomo_optout_checkbox\" checked=\"checked\"\/>\n        <label for=\"matomo_optout_checkbox\"><strong>\n        <span id=\"matomo_opted_in_label\" >Ihr Besuch dieser Webseite wird aktuell von der Matomo Webanalyse erfasst. Diese Checkbox abw\u00e4hlen f\u00fcr Opt-Out.<\/span>\n\t\t<span id=\"matomo_opted_out_label\" style=\"display:none;\">Ihr Besuch dieser Webseite wird aktuell von der Matomo Webanalyse nicht erfasst. Diese Checkbox aktivieren f\u00fcr Opt-In.<\/span>\n        <\/strong><\/label><\/form><noscript><p><strong style=\"color: #ff0000;\">This opt out feature requires JavaScript.<\/strong><\/p><\/noscript><p id=\"matomo_outout_err_cookies\" style=\"display: none;\"><strong>Die Tracking opt-out Funktion ben\u00f6tigt aktivierte Cookies.<\/strong><\/p>\n<\/div><\/div>\n\n<h3 class=\"wp-block-heading\">Recht auf Auskunft und auf L\u00f6schung personenbezogener Daten<\/h3>\n\n<p>Sie k\u00f6nnen eine Datei anfordern, die alle personenbezogenen Daten enth\u00e4lt, die wir \u00fcber Sie gespeichert haben, einschlie\u00dflich der Daten, die Sie uns zur Verf\u00fcgung gestellt haben. Sie k\u00f6nnen auch die L\u00f6schung Ihrer personenbezogenen Daten verlangen. Hiervon ausgenommen sind Daten, die f\u00fcr administrative, rechtliche oder sicherheitstechnische Zwecke gespeichert wurden.<\/p>\n\n<h4 class=\"wp-block-heading\">Kontaktinformationen<\/h4>\n\n<p>Bitte wenden Sie sich an: Laurent Muller, 87, rue de Lyon \u2013 67640 FEGERSHEIM.&#13;\nSie k\u00f6nnen uns auch gerne eine Mail an folgende Adresse senden: <a href=\"mailto:contact@jazz-premium-events.com\">contact@jazz-premium-events.com<\/a>.<\/p>\n\n<h3 class=\"wp-block-heading\">Wie wir Ihre Daten sch\u00fctzen<\/h3>\n\n<p>Die Daten, die \u00fcber die Website geleitet werden, sind gesichert, um den Schutz Ihrer Privatsph\u00e4re zu gew\u00e4hrleisten. Unsere Website ist durch das HTTPS-Protokoll gesichert. Der Zugang zum Backoffice der Website ist durch die Verwendung komplexer Passw\u00f6rter gesch\u00fctzt.<\/p>\n\n<div style=\"height:60px\" aria-hidden=\"true\" class=\"wp-block-spacer\"><\/div>\n","protected":false},"excerpt":{"rendered":"<p>Rechtliche Hinweise und Impressum Definitionen Kunde: Jeder gewerbliche Nachfrager oder jede nat\u00fcrliche gesch\u00e4ftsf\u00e4hige Person im Sinne des Artikels 1123 ff. des franz\u00f6sischen B\u00fcrgerlichen Gesetzbuches (Code Civil) oder jede juristische Person, die die Website besucht, auf &#8230;<\/p>\n","protected":false},"author":1,"featured_media":738,"parent":0,"menu_order":0,"comment_status":"closed","ping_status":"closed","template":"","meta":{"footnotes":""},"acf":[],"yoast_head":"<!-- This site is optimized with the Yoast SEO plugin v21.3 - https:\/\/yoast.com\/wordpress\/plugins\/seo\/ -->\n<title>Rechtliche Hinweise und Impressum - Cordology<\/title>\n<meta name=\"robots\" content=\"noindex, nofollow\" \/>\n<meta property=\"og:locale\" content=\"de_DE\" \/>\n<meta property=\"og:type\" content=\"article\" \/>\n<meta property=\"og:title\" content=\"Rechtliche Hinweise und Impressum - Cordology\" \/>\n<meta property=\"og:description\" content=\"Rechtliche Hinweise und Impressum Definitionen Kunde: Jeder gewerbliche Nachfrager oder jede nat\u00fcrliche gesch\u00e4ftsf\u00e4hige Person im Sinne des Artikels 1123 ff. des franz\u00f6sischen B\u00fcrgerlichen Gesetzbuches (Code Civil) oder jede juristische Person, die die Website besucht, auf ...\" \/>\n<meta property=\"og:url\" content=\"https:\/\/www.jazz-premium-events.com\/de\/rechtliche-hinweise-und-impressum\/\" \/>\n<meta property=\"og:site_name\" content=\"Cordology\" \/>\n<meta property=\"article:modified_time\" content=\"2021-06-21T12:46:32+00:00\" \/>\n<meta property=\"og:image\" content=\"https:\/\/www.jazz-premium-events.com\/wp-content\/uploads\/2021\/03\/banner-mentions-legales-1.jpg\" \/>\n\t<meta property=\"og:image:width\" content=\"1920\" \/>\n\t<meta property=\"og:image:height\" content=\"505\" \/>\n\t<meta property=\"og:image:type\" content=\"image\/jpeg\" \/>\n<meta name=\"twitter:card\" content=\"summary_large_image\" \/>\n<meta name=\"twitter:label1\" content=\"Gesch\u00e4tzte Lesezeit\" \/>\n\t<meta name=\"twitter:data1\" content=\"7\u00a0Minuten\" \/>\n<script type=\"application\/ld+json\" class=\"yoast-schema-graph\">{\"@context\":\"https:\/\/schema.org\",\"@graph\":[{\"@type\":\"WebPage\",\"@id\":\"https:\/\/www.jazz-premium-events.com\/de\/rechtliche-hinweise-und-impressum\/\",\"url\":\"https:\/\/www.jazz-premium-events.com\/de\/rechtliche-hinweise-und-impressum\/\",\"name\":\"Rechtliche Hinweise und Impressum - Cordology\",\"isPartOf\":{\"@id\":\"https:\/\/www.jazz-premium-events.com\/de\/#website\"},\"datePublished\":\"2021-05-20T09:47:04+00:00\",\"dateModified\":\"2021-06-21T12:46:32+00:00\",\"breadcrumb\":{\"@id\":\"https:\/\/www.jazz-premium-events.com\/de\/rechtliche-hinweise-und-impressum\/#breadcrumb\"},\"inLanguage\":\"de\",\"potentialAction\":[{\"@type\":\"ReadAction\",\"target\":[\"https:\/\/www.jazz-premium-events.com\/de\/rechtliche-hinweise-und-impressum\/\"]}]},{\"@type\":\"BreadcrumbList\",\"@id\":\"https:\/\/www.jazz-premium-events.com\/de\/rechtliche-hinweise-und-impressum\/#breadcrumb\",\"itemListElement\":[{\"@type\":\"ListItem\",\"position\":1,\"name\":\"Accueil\",\"item\":\"https:\/\/www.jazz-premium-events.com\/de\/\"},{\"@type\":\"ListItem\",\"position\":2,\"name\":\"Rechtliche Hinweise und Impressum\"}]},{\"@type\":\"WebSite\",\"@id\":\"https:\/\/www.jazz-premium-events.com\/de\/#website\",\"url\":\"https:\/\/www.jazz-premium-events.com\/de\/\",\"name\":\"Cordology\",\"description\":\"Trio jazz \u00e0 cordes\",\"publisher\":{\"@id\":\"https:\/\/www.jazz-premium-events.com\/de\/#organization\"},\"potentialAction\":[{\"@type\":\"SearchAction\",\"target\":{\"@type\":\"EntryPoint\",\"urlTemplate\":\"https:\/\/www.jazz-premium-events.com\/de\/?s={search_term_string}\"},\"query-input\":\"required name=search_term_string\"}],\"inLanguage\":\"de\"},{\"@type\":\"Organization\",\"@id\":\"https:\/\/www.jazz-premium-events.com\/de\/#organization\",\"name\":\"Cordology\",\"url\":\"https:\/\/www.jazz-premium-events.com\/de\/\",\"logo\":{\"@type\":\"ImageObject\",\"inLanguage\":\"de\",\"@id\":\"https:\/\/www.jazz-premium-events.com\/de\/#\/schema\/logo\/image\/\",\"url\":\"https:\/\/www.jazz-premium-events.com\/wp-content\/uploads\/2020\/06\/logo-cordology.png\",\"contentUrl\":\"https:\/\/www.jazz-premium-events.com\/wp-content\/uploads\/2020\/06\/logo-cordology.png\",\"width\":234,\"height\":208,\"caption\":\"Cordology\"},\"image\":{\"@id\":\"https:\/\/www.jazz-premium-events.com\/de\/#\/schema\/logo\/image\/\"}}]}<\/script>\n<!-- \/ Yoast SEO plugin. -->","yoast_head_json":{"title":"Rechtliche Hinweise und Impressum - Cordology","robots":{"index":"noindex","follow":"nofollow"},"og_locale":"de_DE","og_type":"article","og_title":"Rechtliche Hinweise und Impressum - Cordology","og_description":"Rechtliche Hinweise und Impressum Definitionen Kunde: Jeder gewerbliche Nachfrager oder jede nat\u00fcrliche gesch\u00e4ftsf\u00e4hige Person im Sinne des Artikels 1123 ff. des franz\u00f6sischen B\u00fcrgerlichen Gesetzbuches (Code Civil) oder jede juristische Person, die die Website besucht, auf ...","og_url":"https:\/\/www.jazz-premium-events.com\/de\/rechtliche-hinweise-und-impressum\/","og_site_name":"Cordology","article_modified_time":"2021-06-21T12:46:32+00:00","og_image":[{"width":1920,"height":505,"url":"https:\/\/www.jazz-premium-events.com\/wp-content\/uploads\/2021\/03\/banner-mentions-legales-1.jpg","type":"image\/jpeg"}],"twitter_card":"summary_large_image","twitter_misc":{"Gesch\u00e4tzte Lesezeit":"7\u00a0Minuten"},"schema":{"@context":"https:\/\/schema.org","@graph":[{"@type":"WebPage","@id":"https:\/\/www.jazz-premium-events.com\/de\/rechtliche-hinweise-und-impressum\/","url":"https:\/\/www.jazz-premium-events.com\/de\/rechtliche-hinweise-und-impressum\/","name":"Rechtliche Hinweise und Impressum - Cordology","isPartOf":{"@id":"https:\/\/www.jazz-premium-events.com\/de\/#website"},"datePublished":"2021-05-20T09:47:04+00:00","dateModified":"2021-06-21T12:46:32+00:00","breadcrumb":{"@id":"https:\/\/www.jazz-premium-events.com\/de\/rechtliche-hinweise-und-impressum\/#breadcrumb"},"inLanguage":"de","potentialAction":[{"@type":"ReadAction","target":["https:\/\/www.jazz-premium-events.com\/de\/rechtliche-hinweise-und-impressum\/"]}]},{"@type":"BreadcrumbList","@id":"https:\/\/www.jazz-premium-events.com\/de\/rechtliche-hinweise-und-impressum\/#breadcrumb","itemListElement":[{"@type":"ListItem","position":1,"name":"Accueil","item":"https:\/\/www.jazz-premium-events.com\/de\/"},{"@type":"ListItem","position":2,"name":"Rechtliche Hinweise und Impressum"}]},{"@type":"WebSite","@id":"https:\/\/www.jazz-premium-events.com\/de\/#website","url":"https:\/\/www.jazz-premium-events.com\/de\/","name":"Cordology","description":"Trio jazz \u00e0 cordes","publisher":{"@id":"https:\/\/www.jazz-premium-events.com\/de\/#organization"},"potentialAction":[{"@type":"SearchAction","target":{"@type":"EntryPoint","urlTemplate":"https:\/\/www.jazz-premium-events.com\/de\/?s={search_term_string}"},"query-input":"required name=search_term_string"}],"inLanguage":"de"},{"@type":"Organization","@id":"https:\/\/www.jazz-premium-events.com\/de\/#organization","name":"Cordology","url":"https:\/\/www.jazz-premium-events.com\/de\/","logo":{"@type":"ImageObject","inLanguage":"de","@id":"https:\/\/www.jazz-premium-events.com\/de\/#\/schema\/logo\/image\/","url":"https:\/\/www.jazz-premium-events.com\/wp-content\/uploads\/2020\/06\/logo-cordology.png","contentUrl":"https:\/\/www.jazz-premium-events.com\/wp-content\/uploads\/2020\/06\/logo-cordology.png","width":234,"height":208,"caption":"Cordology"},"image":{"@id":"https:\/\/www.jazz-premium-events.com\/de\/#\/schema\/logo\/image\/"}}]}},"featured_image_src":"https:\/\/www.jazz-premium-events.com\/wp-content\/uploads\/2021\/03\/banner-mentions-legales-1.jpg","featured_image_src_square":"https:\/\/www.jazz-premium-events.com\/wp-content\/uploads\/2021\/03\/banner-mentions-legales-1.jpg","_links":{"self":[{"href":"https:\/\/www.jazz-premium-events.com\/de\/wp-json\/wp\/v2\/pages\/940"}],"collection":[{"href":"https:\/\/www.jazz-premium-events.com\/de\/wp-json\/wp\/v2\/pages"}],"about":[{"href":"https:\/\/www.jazz-premium-events.com\/de\/wp-json\/wp\/v2\/types\/page"}],"author":[{"embeddable":true,"href":"https:\/\/www.jazz-premium-events.com\/de\/wp-json\/wp\/v2\/users\/1"}],"replies":[{"embeddable":true,"href":"https:\/\/www.jazz-premium-events.com\/de\/wp-json\/wp\/v2\/comments?post=940"}],"version-history":[{"count":10,"href":"https:\/\/www.jazz-premium-events.com\/de\/wp-json\/wp\/v2\/pages\/940\/revisions"}],"predecessor-version":[{"id":1187,"href":"https:\/\/www.jazz-premium-events.com\/de\/wp-json\/wp\/v2\/pages\/940\/revisions\/1187"}],"wp:featuredmedia":[{"embeddable":true,"href":"https:\/\/www.jazz-premium-events.com\/de\/wp-json\/wp\/v2\/media\/738"}],"wp:attachment":[{"href":"https:\/\/www.jazz-premium-events.com\/de\/wp-json\/wp\/v2\/media?parent=940"}],"curies":[{"name":"wp","href":"https:\/\/api.w.org\/{rel}","templated":true}]}}