{"id":933,"date":"2021-05-20T11:13:56","date_gmt":"2021-05-20T09:13:56","guid":{"rendered":"https:\/\/www.jazz-premium-events.com\/kontakt\/"},"modified":"2021-05-20T11:13:56","modified_gmt":"2021-05-20T09:13:56","slug":"kontakt","status":"publish","type":"page","link":"https:\/\/www.jazz-premium-events.com\/de\/kontakt\/","title":{"rendered":"Kontakt"},"content":{"rendered":"\n<h1 class=\"wp-block-heading\">Sie m\u00f6chten einen Kostenvoranschlag<br\/>f\u00fcr eine musikalische Untermalung Ihrer Veranstaltung?<\/h1>\n\n<div style=\"height:20px\" aria-hidden=\"true\" class=\"wp-block-spacer\"><\/div>\n\n<p class=\"has-text-align-center\">Sie k\u00f6nnen uns per Telefon unter <strong><a href=\"tel:+33631082252\">+33 6 31 08 22 52<\/a><\/strong> erreichen oder uns eine Nachricht \u00fcber das unten stehende Kontaktformular schreiben.<\/p>\n\n\n<div class=\"wpcf7 no-js\" id=\"wpcf7-f935-o1\" lang=\"de-DE\" dir=\"ltr\">\n<div class=\"screen-reader-response\"><p role=\"status\" aria-live=\"polite\" aria-atomic=\"true\"><\/p> <ul><\/ul><\/div>\n<form action=\"\/de\/wp-json\/wp\/v2\/pages\/933#wpcf7-f935-o1\" method=\"post\" class=\"wpcf7-form init\" aria-label=\"Kontaktformular\" novalidate=\"novalidate\" data-status=\"init\">\n<div style=\"display: none;\">\n<input type=\"hidden\" name=\"_wpcf7\" value=\"935\" \/>\n<input type=\"hidden\" name=\"_wpcf7_version\" value=\"5.8.1\" \/>\n<input type=\"hidden\" name=\"_wpcf7_locale\" value=\"de_DE\" \/>\n<input type=\"hidden\" name=\"_wpcf7_unit_tag\" value=\"wpcf7-f935-o1\" \/>\n<input type=\"hidden\" name=\"_wpcf7_container_post\" value=\"0\" \/>\n<input type=\"hidden\" name=\"_wpcf7_posted_data_hash\" value=\"\" \/>\n<\/div>\n<div class=\"row cf\">\n\t<div class=\"col-xs-12\">\n\t\t<h2>Ihre pers\u00f6nlichen Daten\n\t\t<\/h2>\n\t<\/div>\n\t<div class=\"col-xs-12 col-sm-6\">\n\t\t<p><span class=\"wpcf7-form-control-wrap\" data-name=\"nom\"><input size=\"40\" class=\"wpcf7-form-control wpcf7-text wpcf7-validates-as-required\" aria-required=\"true\" aria-invalid=\"false\" placeholder=\"Name*\" value=\"\" type=\"text\" name=\"nom\" \/><\/span>\n\t\t<\/p>\n\t<\/div>\n\t<div class=\"col-xs-12 col-sm-6\">\n\t\t<p><span class=\"wpcf7-form-control-wrap\" data-name=\"prenom\"><input size=\"40\" class=\"wpcf7-form-control wpcf7-text wpcf7-validates-as-required\" aria-required=\"true\" aria-invalid=\"false\" placeholder=\"Vorname*\" value=\"\" type=\"text\" name=\"prenom\" \/><\/span>\n\t\t<\/p>\n\t<\/div>\n\t<div class=\"col-xs-12\">\n\t\t<p><span class=\"wpcf7-form-control-wrap\" data-name=\"societe\"><input size=\"40\" class=\"wpcf7-form-control wpcf7-text\" aria-invalid=\"false\" placeholder=\"Firma\" value=\"\" type=\"text\" name=\"societe\" \/><\/span>\n\t\t<\/p>\n\t<\/div>\n\t<div class=\"col-xs-12\">\n\t\t<p><span class=\"wpcf7-form-control-wrap\" data-name=\"adresse\"><input size=\"40\" class=\"wpcf7-form-control wpcf7-text\" aria-invalid=\"false\" placeholder=\"Adresse\" value=\"\" type=\"text\" name=\"adresse\" \/><\/span>\n\t\t<\/p>\n\t<\/div>\n\t<div class=\"col-xs-4\">\n\t\t<p><span class=\"wpcf7-form-control-wrap\" data-name=\"cp\"><input size=\"40\" class=\"wpcf7-form-control wpcf7-text\" aria-invalid=\"false\" placeholder=\"PLZ\" value=\"\" type=\"text\" name=\"cp\" \/><\/span>\n\t\t<\/p>\n\t<\/div>\n\t<div class=\"col-xs-8\">\n\t\t<p><span class=\"wpcf7-form-control-wrap\" data-name=\"ville\"><input size=\"40\" class=\"wpcf7-form-control wpcf7-text\" aria-invalid=\"false\" placeholder=\"Stadt\" value=\"\" type=\"text\" name=\"ville\" \/><\/span>\n\t\t<\/p>\n\t<\/div>\n\t<div class=\"col-xs-12 col-sm-6\">\n\t\t<p><span class=\"wpcf7-form-control-wrap\" data-name=\"your-email\"><input size=\"40\" class=\"wpcf7-form-control wpcf7-email wpcf7-validates-as-required wpcf7-text wpcf7-validates-as-email\" aria-required=\"true\" aria-invalid=\"false\" placeholder=\"E-Mail*\" value=\"\" type=\"email\" name=\"your-email\" \/><\/span>\n\t\t<\/p>\n\t<\/div>\n\t<div class=\"col-xs-12 col-sm-6\">\n\t\t<p><span class=\"wpcf7-form-control-wrap\" data-name=\"telephone\"><input size=\"40\" class=\"wpcf7-form-control wpcf7-tel wpcf7-validates-as-required wpcf7-text wpcf7-validates-as-tel\" aria-required=\"true\" aria-invalid=\"false\" placeholder=\"Telefon*\" value=\"\" type=\"tel\" name=\"telephone\" \/><\/span>\n\t\t<\/p>\n\t<\/div>\n\t<div class=\"col-xs-12\">\n\t\t<h2>Ihre Veranstaltung\n\t\t<\/h2>\n\t<\/div>\n\t<div class=\"col-xs-12 col-sm-1\">\n\t\t<p><span class=\"intitule\">Datum<\/span>\n\t\t<\/p>\n\t<\/div>\n\t<div class=\"col-xs-12 col-sm-5\">\n\t\t<p><span class=\"wpcf7-form-control-wrap\" data-name=\"date-event\"><input class=\"wpcf7-form-control wpcf7-date wpcf7-validates-as-date\" aria-invalid=\"false\" placeholder=\"Datum\" value=\"\" type=\"date\" name=\"date-event\" \/><\/span>\n\t\t<\/p>\n\t<\/div>\n\t<div class=\"col-xs-12 col-sm-6\">\n\t\t<p><span class=\"wpcf7-form-control-wrap\" data-name=\"type-event\"><input size=\"40\" class=\"wpcf7-form-control wpcf7-text\" aria-invalid=\"false\" placeholder=\"Art der Veranstaltung\" value=\"\" type=\"text\" name=\"type-event\" \/><\/span>\n\t\t<\/p>\n\t<\/div>\n\t<div class=\"col-xs-12 col-sm-6\">\n\t\t<p><span class=\"wpcf7-form-control-wrap\" data-name=\"duree\"><input size=\"40\" class=\"wpcf7-form-control wpcf7-text\" aria-invalid=\"false\" placeholder=\"Dauer der musikalischen Dienstleistung\" value=\"\" type=\"text\" name=\"duree\" \/><\/span>\n\t\t<\/p>\n\t<\/div>\n\t<div class=\"col-xs-12 col-sm-6\">\n\t\t<p><span class=\"wpcf7-form-control-wrap\" data-name=\"ville-event\"><input size=\"40\" class=\"wpcf7-form-control wpcf7-text\" aria-invalid=\"false\" placeholder=\"Stadt, in der die Veranstaltung stattfindet\" value=\"\" type=\"text\" name=\"ville-event\" \/><\/span>\n\t\t<\/p>\n\t<\/div>\n\t<div class=\"col-xs-12\">\n\t\t<p>Gew\u00fcnschtes Package:<br \/>\n<span class=\"wpcf7-form-control-wrap\" data-name=\"formule\"><span class=\"wpcf7-form-control wpcf7-radio\"><span class=\"wpcf7-list-item first\"><input type=\"radio\" name=\"formule\" value=\"Duo f\u00fcr die Hochzeitszeremonie\" checked=\"checked\" \/><span class=\"wpcf7-list-item-label\">Duo f\u00fcr die Hochzeitszeremonie<\/span><\/span><span class=\"wpcf7-list-item\"><input type=\"radio\" name=\"formule\" value=\"Jazz-Trio\" \/><span class=\"wpcf7-list-item-label\">Jazz-Trio<\/span><\/span><span class=\"wpcf7-list-item\"><input type=\"radio\" name=\"formule\" value=\"Jazz-Quartett\" \/><span class=\"wpcf7-list-item-label\">Jazz-Quartett<\/span><\/span><span class=\"wpcf7-list-item last\"><input type=\"radio\" name=\"formule\" value=\"Kundenspezifisches Jazzensemble\" \/><span class=\"wpcf7-list-item-label\">Kundenspezifisches Jazzensemble<\/span><\/span><\/span><\/span>\n\t\t<\/p>\n\t<\/div>\n\t<div class=\"col-xs-12\">\n\t\t<p><span class=\"wpcf7-form-control-wrap\" data-name=\"message\"><textarea cols=\"40\" rows=\"10\" class=\"wpcf7-form-control wpcf7-textarea\" aria-invalid=\"false\" placeholder=\"Ihre Nachricht\" name=\"message\"><\/textarea><\/span>\n\t\t<\/p>\n\t<\/div>\n\t<div class=\"col-xs-12 col-sm-6\">\n\t\t<p>\u00dcBERPR\u00dcFUNG: <span class=\"wpcf7-form-control-wrap\" data-name=\"quiz-886\"><label><span class=\"wpcf7-quiz-label\">Wie viel ist 8 plus 3?<\/span> <input size=\"40\" class=\"wpcf7-form-control wpcf7-quiz\" autocomplete=\"off\" aria-required=\"true\" aria-invalid=\"false\" type=\"text\" name=\"quiz-886\" \/><\/label><input type=\"hidden\" name=\"_wpcf7_quiz_answer_quiz-886\" value=\"75fcfa87d2225e8b6b543ba42bdca619\" \/><\/span>\n\t\t<\/p>\n\t<\/div>\n\t<div class=\"col-xs-12 col-sm-6\">\n\t\t<p><span id=\"wpcf7-69fc93e874d8b-wrapper\" class=\"wpcf7-form-control-wrap hello-baby-website-wrap\" style=\"display:none !important; visibility:hidden !important;\"><label for=\"wpcf7-69fc93e874d8b-field\" class=\"hp-message\">Bitte lasse dieses Feld leer.<\/label><input id=\"wpcf7-69fc93e874d8b-field\"  class=\"wpcf7-form-control wpcf7-text\" type=\"text\" name=\"hello-baby-website\" value=\"\" size=\"40\" tabindex=\"-1\" autocomplete=\"new-password\" \/><\/span>\n\t\t<\/p>\n\t<\/div>\n\t<div class=\"col-xs-12 rgpd\">\n\t\t<p><span class=\"wpcf7-form-control-wrap\" data-name=\"rgpd-acceptance\"><span class=\"wpcf7-form-control wpcf7-acceptance\"><span class=\"wpcf7-list-item\"><label><input type=\"checkbox\" name=\"rgpd-acceptance\" value=\"1\" aria-invalid=\"false\" \/><span class=\"wpcf7-list-item-label\">Ich habe <a href=\"https:\/\/www.jazz-premium-events.com\/de\/rechtliche-hinweise-und-impressum\/\">die Datenschutzbestimmungen<\/a> zur Kenntnis genommen und stimme diesen zu*<\/span><\/label><\/span><\/span><\/span>\n\t\t<\/p>\n\t<\/div>\n<\/div>\n<p><span class=\"mandatory\">* Pflichtfelder<\/span>\n<\/p>\n<div class=\"text-center\">\n\t<p><input class=\"wpcf7-form-control wpcf7-submit has-spinner\" type=\"submit\" value=\"Senden\" \/>\n\t<\/p>\n<\/div><div class=\"wpcf7-response-output\" aria-hidden=\"true\"><\/div>\n<\/form>\n<\/div>\n\n\n<div style=\"height:70px\" aria-hidden=\"true\" class=\"wp-block-spacer\"><\/div>\n","protected":false},"excerpt":{"rendered":"<p>Sie m\u00f6chten einen Kostenvoranschlagf\u00fcr eine musikalische Untermalung Ihrer Veranstaltung? Sie k\u00f6nnen uns per Telefon unter +33 6 31 08 22 52 erreichen oder uns eine Nachricht \u00fcber das unten stehende Kontaktformular schreiben.<\/p>\n","protected":false},"author":1,"featured_media":634,"parent":0,"menu_order":0,"comment_status":"closed","ping_status":"closed","template":"","meta":{"footnotes":""},"acf":[],"yoast_head":"<!-- This site is optimized with the Yoast SEO plugin v21.3 - https:\/\/yoast.com\/wordpress\/plugins\/seo\/ -->\n<title>Kontakt oder Anforderung eines Kostenvoranschlags<\/title>\n<meta name=\"description\" content=\"Kontaktieren Sie uns oder fordern Sie einen Kostenvoranschlag an f\u00fcr eine musikalische Dienstleistung durch das Jazzensemble Cordology bei Ihrer Veranstaltung.\" \/>\n<meta name=\"robots\" content=\"index, follow, max-snippet:-1, max-image-preview:large, max-video-preview:-1\" \/>\n<link rel=\"canonical\" href=\"https:\/\/www.jazz-premium-events.com\/de\/kontakt\/\" \/>\n<meta property=\"og:locale\" content=\"de_DE\" \/>\n<meta property=\"og:type\" content=\"article\" \/>\n<meta property=\"og:title\" content=\"Kontakt oder Anforderung eines Kostenvoranschlags\" \/>\n<meta property=\"og:description\" content=\"Kontaktieren Sie uns oder fordern Sie einen Kostenvoranschlag an f\u00fcr eine musikalische Dienstleistung durch das Jazzensemble Cordology bei Ihrer Veranstaltung.\" \/>\n<meta property=\"og:url\" content=\"https:\/\/www.jazz-premium-events.com\/de\/kontakt\/\" \/>\n<meta property=\"og:site_name\" content=\"Cordology\" \/>\n<meta property=\"og:image\" content=\"https:\/\/www.jazz-premium-events.com\/wp-content\/uploads\/2020\/06\/banner_contact.jpg\" \/>\n\t<meta property=\"og:image:width\" content=\"1920\" \/>\n\t<meta property=\"og:image:height\" content=\"505\" \/>\n\t<meta property=\"og:image:type\" content=\"image\/jpeg\" \/>\n<meta name=\"twitter:card\" content=\"summary_large_image\" \/>\n<script type=\"application\/ld+json\" class=\"yoast-schema-graph\">{\"@context\":\"https:\/\/schema.org\",\"@graph\":[{\"@type\":\"WebPage\",\"@id\":\"https:\/\/www.jazz-premium-events.com\/de\/kontakt\/\",\"url\":\"https:\/\/www.jazz-premium-events.com\/de\/kontakt\/\",\"name\":\"Kontakt oder Anforderung eines Kostenvoranschlags\",\"isPartOf\":{\"@id\":\"https:\/\/www.jazz-premium-events.com\/de\/#website\"},\"datePublished\":\"2021-05-20T09:13:56+00:00\",\"dateModified\":\"2021-05-20T09:13:56+00:00\",\"description\":\"Kontaktieren Sie uns oder fordern Sie einen Kostenvoranschlag an f\u00fcr eine musikalische Dienstleistung durch das Jazzensemble Cordology bei Ihrer Veranstaltung.\",\"breadcrumb\":{\"@id\":\"https:\/\/www.jazz-premium-events.com\/de\/kontakt\/#breadcrumb\"},\"inLanguage\":\"de\",\"potentialAction\":[{\"@type\":\"ReadAction\",\"target\":[\"https:\/\/www.jazz-premium-events.com\/de\/kontakt\/\"]}]},{\"@type\":\"BreadcrumbList\",\"@id\":\"https:\/\/www.jazz-premium-events.com\/de\/kontakt\/#breadcrumb\",\"itemListElement\":[{\"@type\":\"ListItem\",\"position\":1,\"name\":\"Accueil\",\"item\":\"https:\/\/www.jazz-premium-events.com\/de\/\"},{\"@type\":\"ListItem\",\"position\":2,\"name\":\"Kontakt\"}]},{\"@type\":\"WebSite\",\"@id\":\"https:\/\/www.jazz-premium-events.com\/de\/#website\",\"url\":\"https:\/\/www.jazz-premium-events.com\/de\/\",\"name\":\"Cordology\",\"description\":\"Trio jazz \u00e0 cordes\",\"publisher\":{\"@id\":\"https:\/\/www.jazz-premium-events.com\/de\/#organization\"},\"potentialAction\":[{\"@type\":\"SearchAction\",\"target\":{\"@type\":\"EntryPoint\",\"urlTemplate\":\"https:\/\/www.jazz-premium-events.com\/de\/?s={search_term_string}\"},\"query-input\":\"required name=search_term_string\"}],\"inLanguage\":\"de\"},{\"@type\":\"Organization\",\"@id\":\"https:\/\/www.jazz-premium-events.com\/de\/#organization\",\"name\":\"Cordology\",\"url\":\"https:\/\/www.jazz-premium-events.com\/de\/\",\"logo\":{\"@type\":\"ImageObject\",\"inLanguage\":\"de\",\"@id\":\"https:\/\/www.jazz-premium-events.com\/de\/#\/schema\/logo\/image\/\",\"url\":\"https:\/\/www.jazz-premium-events.com\/wp-content\/uploads\/2020\/06\/logo-cordology.png\",\"contentUrl\":\"https:\/\/www.jazz-premium-events.com\/wp-content\/uploads\/2020\/06\/logo-cordology.png\",\"width\":234,\"height\":208,\"caption\":\"Cordology\"},\"image\":{\"@id\":\"https:\/\/www.jazz-premium-events.com\/de\/#\/schema\/logo\/image\/\"}}]}<\/script>\n<!-- \/ Yoast SEO plugin. -->","yoast_head_json":{"title":"Kontakt oder Anforderung eines Kostenvoranschlags","description":"Kontaktieren Sie uns oder fordern Sie einen Kostenvoranschlag an f\u00fcr eine musikalische Dienstleistung durch das Jazzensemble Cordology bei Ihrer Veranstaltung.","robots":{"index":"index","follow":"follow","max-snippet":"max-snippet:-1","max-image-preview":"max-image-preview:large","max-video-preview":"max-video-preview:-1"},"canonical":"https:\/\/www.jazz-premium-events.com\/de\/kontakt\/","og_locale":"de_DE","og_type":"article","og_title":"Kontakt oder Anforderung eines Kostenvoranschlags","og_description":"Kontaktieren Sie uns oder fordern Sie einen Kostenvoranschlag an f\u00fcr eine musikalische Dienstleistung durch das Jazzensemble Cordology bei Ihrer Veranstaltung.","og_url":"https:\/\/www.jazz-premium-events.com\/de\/kontakt\/","og_site_name":"Cordology","og_image":[{"width":1920,"height":505,"url":"https:\/\/www.jazz-premium-events.com\/wp-content\/uploads\/2020\/06\/banner_contact.jpg","type":"image\/jpeg"}],"twitter_card":"summary_large_image","schema":{"@context":"https:\/\/schema.org","@graph":[{"@type":"WebPage","@id":"https:\/\/www.jazz-premium-events.com\/de\/kontakt\/","url":"https:\/\/www.jazz-premium-events.com\/de\/kontakt\/","name":"Kontakt oder Anforderung eines Kostenvoranschlags","isPartOf":{"@id":"https:\/\/www.jazz-premium-events.com\/de\/#website"},"datePublished":"2021-05-20T09:13:56+00:00","dateModified":"2021-05-20T09:13:56+00:00","description":"Kontaktieren Sie uns oder fordern Sie einen Kostenvoranschlag an f\u00fcr eine musikalische Dienstleistung durch das Jazzensemble Cordology bei Ihrer Veranstaltung.","breadcrumb":{"@id":"https:\/\/www.jazz-premium-events.com\/de\/kontakt\/#breadcrumb"},"inLanguage":"de","potentialAction":[{"@type":"ReadAction","target":["https:\/\/www.jazz-premium-events.com\/de\/kontakt\/"]}]},{"@type":"BreadcrumbList","@id":"https:\/\/www.jazz-premium-events.com\/de\/kontakt\/#breadcrumb","itemListElement":[{"@type":"ListItem","position":1,"name":"Accueil","item":"https:\/\/www.jazz-premium-events.com\/de\/"},{"@type":"ListItem","position":2,"name":"Kontakt"}]},{"@type":"WebSite","@id":"https:\/\/www.jazz-premium-events.com\/de\/#website","url":"https:\/\/www.jazz-premium-events.com\/de\/","name":"Cordology","description":"Trio jazz \u00e0 cordes","publisher":{"@id":"https:\/\/www.jazz-premium-events.com\/de\/#organization"},"potentialAction":[{"@type":"SearchAction","target":{"@type":"EntryPoint","urlTemplate":"https:\/\/www.jazz-premium-events.com\/de\/?s={search_term_string}"},"query-input":"required name=search_term_string"}],"inLanguage":"de"},{"@type":"Organization","@id":"https:\/\/www.jazz-premium-events.com\/de\/#organization","name":"Cordology","url":"https:\/\/www.jazz-premium-events.com\/de\/","logo":{"@type":"ImageObject","inLanguage":"de","@id":"https:\/\/www.jazz-premium-events.com\/de\/#\/schema\/logo\/image\/","url":"https:\/\/www.jazz-premium-events.com\/wp-content\/uploads\/2020\/06\/logo-cordology.png","contentUrl":"https:\/\/www.jazz-premium-events.com\/wp-content\/uploads\/2020\/06\/logo-cordology.png","width":234,"height":208,"caption":"Cordology"},"image":{"@id":"https:\/\/www.jazz-premium-events.com\/de\/#\/schema\/logo\/image\/"}}]}},"featured_image_src":"https:\/\/www.jazz-premium-events.com\/wp-content\/uploads\/2020\/06\/banner_contact.jpg","featured_image_src_square":"https:\/\/www.jazz-premium-events.com\/wp-content\/uploads\/2020\/06\/banner_contact.jpg","_links":{"self":[{"href":"https:\/\/www.jazz-premium-events.com\/de\/wp-json\/wp\/v2\/pages\/933"}],"collection":[{"href":"https:\/\/www.jazz-premium-events.com\/de\/wp-json\/wp\/v2\/pages"}],"about":[{"href":"https:\/\/www.jazz-premium-events.com\/de\/wp-json\/wp\/v2\/types\/page"}],"author":[{"embeddable":true,"href":"https:\/\/www.jazz-premium-events.com\/de\/wp-json\/wp\/v2\/users\/1"}],"replies":[{"embeddable":true,"href":"https:\/\/www.jazz-premium-events.com\/de\/wp-json\/wp\/v2\/comments?post=933"}],"version-history":[{"count":1,"href":"https:\/\/www.jazz-premium-events.com\/de\/wp-json\/wp\/v2\/pages\/933\/revisions"}],"predecessor-version":[{"id":934,"href":"https:\/\/www.jazz-premium-events.com\/de\/wp-json\/wp\/v2\/pages\/933\/revisions\/934"}],"wp:featuredmedia":[{"embeddable":true,"href":"https:\/\/www.jazz-premium-events.com\/de\/wp-json\/wp\/v2\/media\/634"}],"wp:attachment":[{"href":"https:\/\/www.jazz-premium-events.com\/de\/wp-json\/wp\/v2\/media?parent=933"}],"curies":[{"name":"wp","href":"https:\/\/api.w.org\/{rel}","templated":true}]}}