{"id":926,"date":"2021-05-20T10:47:41","date_gmt":"2021-05-20T08:47:41","guid":{"rendered":"https:\/\/www.jazz-premium-events.com\/packages\/"},"modified":"2021-06-02T10:24:45","modified_gmt":"2021-06-02T08:24:45","slug":"packages","status":"publish","type":"page","link":"https:\/\/www.jazz-premium-events.com\/de\/packages\/","title":{"rendered":"Musik \u00e0 la carte \u2013 Unsere Packages"},"content":{"rendered":"\n<h1 class=\"wp-block-heading\">Unsere Jazz-Packages f\u00fcr Ihre Hochzeit und Ihre Privat- oder Firmenveranstaltung<\/h1>\n\n<div class=\"wp-block-group\"><div class=\"wp-block-group__inner-container is-layout-flow wp-block-group-is-layout-flow\">\n<div style=\"height:20px\" aria-hidden=\"true\" class=\"wp-block-spacer\"><\/div>\n\n\n\n<h2 class=\"wp-block-heading\" id=\"jazz\">Jazz \u00e0 la carte \u2013 Unsere Packages<\/h2>\n\n\n\n<div style=\"height:20px\" aria-hidden=\"true\" class=\"wp-block-spacer\"><\/div>\n\n\n\n<div class=\"wp-block-genesis-blocks-gb-pricing gb-pricing-columns-3\"><div class=\"gb-pricing-table-wrap gb-block-pricing-table-gap-2\">\n<div class=\"wp-block-genesis-blocks-gb-pricing-table gb-block-pricing-table-center gb-block-pricing-table\" itemscope itemtype=\"http:\/\/schema.org\/Product\"><div class=\"gb-block-pricing-table-inside\" style=\"border-width:1px;border-style:solid\"><div itemprop=\"name\" style=\"padding-top:30px;padding-right:20px;padding-bottom:10px;padding-left:20px\" class=\"wp-block-genesis-blocks-gb-pricing-table-title gb-pricing-table-title has-medium-font-size\"><strong>Trio<\/strong><\/div>\r\n\n\n<div class=\"wp-block-genesis-blocks-gb-pricing-table-subtitle gb-pricing-table-subtitle\" style=\"font-size:15px;padding-top:10px;padding-right:20px;padding-bottom:10px;padding-left:20px\">Jazzmusik im intimen Rahmen f\u00fcr jeden Geldbeutel\r\n<\/div>\n\n<ul itemprop=\"description\" class=\"wp-block-genesis-blocks-gb-pricing-table-features gb-pricing-table-features gb-list-border-solid gb-list-border-width-1\" style=\"font-size:15px;border-color:#cacaca;padding-top:7px\">\r\n \t<li>1 Violine<\/li>\r\n \t<li>1\u00a0Solo- und Rhythmusgitarre<\/li>\r\n \t<li>1 Kontrabass<\/li>\r\n<\/ul>\n\n\n<p class=\"bref\"><strong>Kurzbeschreibung<\/strong>:<br\/>&#13;\nZwei Solisten (Violine und Sologitarre) unterst\u00fctzt von der Rhythmik des Kontrabasses. Ein leichtes Ensemble f\u00fcr eine minimalistische Untermalung mit Lounge-Flair, immer authentisch mit drei unterschiedlichen Instrumenten.<\/p>\n\n\n<div class=\"wp-block-genesis-blocks-gb-pricing-table-button gb-pricing-table-button\" style=\"padding-top:30px;padding-right:20px;padding-bottom:30px;padding-left:20px\"><div class=\"gb-block-button\"><a class=\"gb-button gb-button-shape-square gb-button-size-medium\" style=\"color: #ffffff; background-color: #b46022;\" href=\"https:\/\/www.jazz-premium-events.com\/de\/kontakt\/\">Reservieren<\/a><\/div>\r\n<\/div><\/div><\/div>\n\n\n\n<div class=\"wp-block-genesis-blocks-gb-pricing-table gb-block-pricing-table-center gb-block-pricing-table\" itemscope itemtype=\"http:\/\/schema.org\/Product\"><div class=\"gb-block-pricing-table-inside\" style=\"border-width:1px;border-style:solid\"><div itemprop=\"name\" style=\"padding-top:30px;padding-right:20px;padding-bottom:10px;padding-left:20px\" class=\"wp-block-genesis-blocks-gb-pricing-table-title gb-pricing-table-title has-medium-font-size\"><strong>Quartett<\/strong><\/div>\n\n<div class=\"wp-block-genesis-blocks-gb-pricing-table-subtitle gb-pricing-table-subtitle\" style=\"font-size:15px;padding-top:10px;padding-right:20px;padding-bottom:10px;padding-left:20px\">Ideal f\u00fcr eine authentische, rhythmische und spektakul\u00e4re Untermalung Ihrer Hochzeit oder Ihres Events!<\/div>\n\n<ul itemprop=\"description\" class=\"wp-block-genesis-blocks-gb-pricing-table-features gb-pricing-table-features gb-list-border-solid gb-list-border-width-1\" style=\"font-size:15px;border-color:#cacaca;padding-top:7px\">\r\n \t<li>1 Violine<\/li>\r\n \t<li>1 Sologitarre<\/li>\r\n \t<li>1 Rhythmusgitarre<\/li>\r\n \t<li>1 Kontrabass<\/li>\r\n<\/ul>\n\n\n<p class=\"bref\"><strong>Kurzbeschreibung<\/strong>:<br\/>&#13;\nMit einer dynamischen Rhythmusgruppe (Gitarre im \u201ela pompe\u201c-Stil mit Kontrabass) und zwei Solisten (Violine und Sologitarre) l\u00e4sst sich Ihr musikalisches Rahmenprogramm durch eine gro\u00dfe Bandbreite an klanglichen Schattierungen abwechslungsreich gestalten.<\/p>\n\n\n<div class=\"wp-block-genesis-blocks-gb-pricing-table-button gb-pricing-table-button\" style=\"padding-top:30px;padding-right:20px;padding-bottom:30px;padding-left:20px\"><div class=\"gb-block-button\"><a class=\"gb-button gb-button-shape-square gb-button-size-medium\" style=\"color: #ffffff; background-color: #b46022;\" href=\"https:\/\/www.jazz-premium-events.com\/de\/kontakt\/\">Reservieren<\/a><\/div>\r\n<\/div><\/div><\/div>\n\n\n\n<div class=\"wp-block-genesis-blocks-gb-pricing-table gb-block-pricing-table-center gb-block-pricing-table\" itemscope itemtype=\"http:\/\/schema.org\/Product\"><div class=\"gb-block-pricing-table-inside\" style=\"border-width:1px;border-style:solid\"><div itemprop=\"name\" style=\"padding-top:30px;padding-right:20px;padding-bottom:10px;padding-left:20px\" class=\"wp-block-genesis-blocks-gb-pricing-table-title gb-pricing-table-title has-medium-font-size\"><strong>Quintettbesetzung nach Ihren W\u00fcnschen<\/strong><\/div>\n\n<div class=\"wp-block-genesis-blocks-gb-pricing-table-subtitle gb-pricing-table-subtitle\" style=\"font-size:15px;padding-top:10px;padding-right:20px;padding-bottom:10px;padding-left:20px\">Ein Ensemble, das individuell auf Ihre Vorstellungen und Vorlieben eingeht!<\/div>\n\n<ul itemprop=\"description\" class=\"wp-block-genesis-blocks-gb-pricing-table-features gb-pricing-table-features gb-list-border-solid gb-list-border-width-1\" style=\"font-size:15px;border-color:#cacaca;padding-top:7px\">\r\n \t<li>1 Violine<\/li>\r\n \t<li>1 Sologitarre<\/li>\r\n \t<li>1 Rhythmusgitarre<\/li>\r\n \t<li>1 Kontrabass<\/li>\r\n \t<li>1 Instrument Ihrer Wahl<\/li>\r\n<\/ul>\n\n\n<p class=\"bref\">Das Wahlinstrument kann sein (je nach Verf\u00fcgbarkeit):<br\/>&#13;\n&#8211; Akkordeon<br\/>&#13;\n&#8211; Klarinette<br\/>&#13;\n&#8211; Zimbal<br\/>&#13;\n&#8211; Klavier<\/p>\n\n\n<div class=\"wp-block-genesis-blocks-gb-pricing-table-button gb-pricing-table-button\" style=\"padding-top:30px;padding-right:20px;padding-bottom:30px;padding-left:20px\"><div class=\"gb-block-button\"><a class=\"gb-button gb-button-shape-square gb-button-size-medium\" style=\"color: #ffffff; background-color: #b46022;\" href=\"https:\/\/www.jazz-premium-events.com\/de\/kontakt\/\">Reservieren<\/a><\/div>\r\n<\/div><\/div><\/div>\n<\/div><\/div>\n\n\n\n<div class=\"wp-block-buttons is-content-justification-center is-layout-flex wp-block-buttons-is-layout-flex\">\n<div class=\"wp-block-button\"><a class=\"wp-block-button__link\" href=\"https:\/\/www.jazz-premium-events.com\/de\/packages\/\" title=\"Die Jazz-Packages des Ensembles Cordology\">N\u00e4here Informationen zu den Jazzpackages<\/a><\/div>\n<\/div>\n<\/div><\/div>\n\n<div class=\"wp-block-group\"><div class=\"wp-block-group__inner-container is-layout-flow wp-block-group-is-layout-flow\">\n<div style=\"height:20px\" aria-hidden=\"true\" class=\"wp-block-spacer\"><\/div>\n\n\n\n<h2 class=\"wp-block-heading\" id=\"ceremonies\">Hochzeit \u00e0 la carte \u2013 Unsere Packages<\/h2>\n\n\n\n<div style=\"height:20px\" aria-hidden=\"true\" class=\"wp-block-spacer\"><\/div>\n\n\n\n<div class=\"wp-block-genesis-blocks-gb-pricing gb-pricing-columns-2\"><div class=\"gb-pricing-table-wrap gb-block-pricing-table-gap-2\">\n<div class=\"wp-block-genesis-blocks-gb-pricing-table gb-block-pricing-table-center gb-block-pricing-table\" itemscope itemtype=\"http:\/\/schema.org\/Product\"><div class=\"gb-block-pricing-table-inside\" style=\"border-width:1px;border-style:solid\"><div itemprop=\"name\" style=\"padding-top:30px;padding-right:20px;padding-bottom:10px;padding-left:20px\" class=\"wp-block-genesis-blocks-gb-pricing-table-title gb-pricing-table-title has-medium-font-size\"><strong>Violine und Orgel<\/strong><\/div>\n\n<div class=\"wp-block-genesis-blocks-gb-pricing-table-subtitle gb-pricing-table-subtitle\" style=\"font-size:15px;padding-top:10px;padding-right:20px;padding-bottom:10px;padding-left:20px\">Klassische oder barocke sowie geistliche oder weltliche Melodien f\u00fcr Ihre Trauungszeremonie\r\n<\/div>\n\n<ul itemprop=\"description\" class=\"wp-block-genesis-blocks-gb-pricing-table-features gb-pricing-table-features gb-list-border-solid gb-list-border-width-1\" style=\"font-size:15px;border-color:#cacaca;padding-top:7px\">\r\n \t<li>1 Violine<\/li>\r\n \t<li>1 Orgel (hauptamtlicher Organist der Pfarrei)<\/li>\r\n<\/ul>\n\n\n<p class=\"bref\"><strong>Kurzbeschreibung:<br\/><\/strong>Das Duo aus Orgel und Violine passt zu Trauungszeremonien in der Kirche. Diese Formation erfreut sich immer gr\u00f6\u00dferer Beliebtheit. Die Violine wird durch die Orgelbegleitung in das beste Licht ger\u00fcckt.<br\/>&#13;\nIn Abstimmung mit dem Organisten und dem Brautpaar entscheiden wir, welches St\u00fcck oder welche St\u00fccke ausgew\u00e4hlt werden. Das Brautpaar definiert auch, in welchen Momenten, welche St\u00fccke gespielt werden sollen und bespricht sich diesbez\u00fcglich auch mit dem Geistlichen.<\/p>\n\n\n<div class=\"wp-block-genesis-blocks-gb-pricing-table-button gb-pricing-table-button\" style=\"padding-top:30px;padding-right:20px;padding-bottom:30px;padding-left:20px\"><div class=\"gb-block-button\"><a class=\"gb-button gb-button-shape-square gb-button-size-medium\" style=\"color: #ffffff; background-color: #b46022;\" href=\"https:\/\/www.jazz-premium-events.com\/de\/kontakt\/\">Reservieren<\/a><\/div>\r\n<\/div><\/div><\/div>\n\n\n\n<div class=\"wp-block-genesis-blocks-gb-pricing-table gb-block-pricing-table-center gb-block-pricing-table\" itemscope itemtype=\"http:\/\/schema.org\/Product\"><div class=\"gb-block-pricing-table-inside\" style=\"border-width:1px;border-style:solid\"><div itemprop=\"name\" style=\"padding-top:30px;padding-right:20px;padding-bottom:10px;padding-left:20px\" class=\"wp-block-genesis-blocks-gb-pricing-table-title gb-pricing-table-title has-medium-font-size\"><strong>Violine und Klavier<\/strong><\/div>\n\n<div class=\"wp-block-genesis-blocks-gb-pricing-table-subtitle gb-pricing-table-subtitle\" style=\"font-size:15px;padding-top:10px;padding-right:20px;padding-bottom:10px;padding-left:20px\">Klassische oder moderne Melodien f\u00fcr Ihre Trauungszeremonie<\/div>\n\n<ul itemprop=\"description\" class=\"wp-block-genesis-blocks-gb-pricing-table-features gb-pricing-table-features gb-list-border-solid gb-list-border-width-1\" style=\"font-size:15px;border-color:#cacaca;padding-top:7px\">\r\n \t<li>1 Violine<\/li>\r\n \t<li>1 Klavier<\/li>\r\n<\/ul>\n\n\n<p class=\"bref\"><strong>Kurzbeschreibung:<\/strong><br\/>&#13;\nDieses zweite Package ist f\u00fcr religi\u00f6se, aber auch f\u00fcr weltliche Trauungen passend. Es erm\u00f6glicht eine musikalische Umrahmung, wenn die Kirchenorgel nicht verf\u00fcgbar ist. Der Vorteil ist, dass sie an alle Kontexte angepasst werden kann, vor allem bei Zeremonien im Freien, da das Digitalpiano transportabel ist und \u00fcberall aufgebaut werden kann.&#13;\nIn Abstimmung mit dem Brautpaar entscheiden wir, welches St\u00fcck oder welche St\u00fccke ausgew\u00e4hlt werden. Das Brautpaar definiert auch, in welchen Momenten, welche St\u00fccke gespielt werden sollen und bespricht sich diesbez\u00fcglich auch mit dem Zelebranten der religi\u00f6sen oder weltlichen Trauung.<\/p>\n\n\n<div class=\"wp-block-genesis-blocks-gb-pricing-table-button gb-pricing-table-button\" style=\"padding-top:30px;padding-right:20px;padding-bottom:30px;padding-left:20px\"><div class=\"gb-block-button\"><a class=\"gb-button gb-button-shape-square gb-button-size-medium\" style=\"color: #ffffff; background-color: #b46022;\" href=\"https:\/\/www.jazz-premium-events.com\/de\/kontakt\/\">Reservieren<\/a><\/div>\r\n<\/div><\/div><\/div>\n<\/div><\/div>\n\n\n\n<div class=\"wp-block-buttons is-content-justification-center is-layout-flex wp-block-buttons-is-layout-flex\">\n<div class=\"wp-block-button\"><a class=\"wp-block-button__link\" href=\"https:\/\/www.jazz-premium-events.com\/de\/musikalisches-angebot\/trauungszeremonie\/\" title=\"Musikalische Dienstleistungen f&#xFC;r weltliche oder religi&#xF6;se Trauungen\">N\u00e4here Informationen zu den Packages<br\/>f\u00fcr Zeremonien<\/a><\/div>\n<\/div>\n<\/div><\/div>\n\n<div style=\"height:70px\" aria-hidden=\"true\" class=\"wp-block-spacer\"><\/div>\n","protected":false},"excerpt":{"rendered":"<p>Unsere Jazz-Packages f\u00fcr Ihre Hochzeit und Ihre Privat- oder Firmenveranstaltung Jazz \u00e0 la carte \u2013 Unsere Packages Hochzeit \u00e0 la carte \u2013 Unsere Packages<\/p>\n","protected":false},"author":1,"featured_media":632,"parent":0,"menu_order":0,"comment_status":"closed","ping_status":"closed","template":"","meta":{"footnotes":""},"acf":[],"yoast_head":"<!-- This site is optimized with the Yoast SEO plugin v21.3 - https:\/\/yoast.com\/wordpress\/plugins\/seo\/ -->\n<title>Jazz-Packages f\u00fcr Ihre Hochzeit und Ihre Privat- oder Firmenveranstaltung in der Region Grand Est (Gro\u00dfer Osten)<\/title>\n<meta name=\"description\" content=\"Unsere Jazz-Packages f\u00fcr Ihre Hochzeit und alle Ihre Privat- oder Firmenveranstaltungen in der Region Grand Est, in ganz Frankreich und in Deutschland, der Schweiz und in Luxemburg\" \/>\n<meta name=\"robots\" content=\"index, follow, max-snippet:-1, max-image-preview:large, max-video-preview:-1\" \/>\n<link rel=\"canonical\" href=\"https:\/\/www.jazz-premium-events.com\/de\/packages\/\" \/>\n<meta property=\"og:locale\" content=\"de_DE\" \/>\n<meta property=\"og:type\" content=\"article\" \/>\n<meta property=\"og:title\" content=\"Jazz-Packages f\u00fcr Ihre Hochzeit und Ihre Privat- oder Firmenveranstaltung in der Region Grand Est (Gro\u00dfer Osten)\" \/>\n<meta property=\"og:description\" content=\"Unsere Jazz-Packages f\u00fcr Ihre Hochzeit und alle Ihre Privat- oder Firmenveranstaltungen in der Region Grand Est, in ganz Frankreich und in Deutschland, der Schweiz und in Luxemburg\" \/>\n<meta property=\"og:url\" content=\"https:\/\/www.jazz-premium-events.com\/de\/packages\/\" \/>\n<meta property=\"og:site_name\" content=\"Cordology\" \/>\n<meta property=\"article:modified_time\" content=\"2021-06-02T08:24:45+00:00\" \/>\n<meta property=\"og:image\" content=\"https:\/\/www.jazz-premium-events.com\/wp-content\/uploads\/2020\/06\/banner-formules.jpg\" \/>\n\t<meta property=\"og:image:width\" content=\"1920\" \/>\n\t<meta property=\"og:image:height\" content=\"505\" \/>\n\t<meta property=\"og:image:type\" content=\"image\/jpeg\" \/>\n<meta name=\"twitter:card\" content=\"summary_large_image\" \/>\n<meta name=\"twitter:label1\" content=\"Gesch\u00e4tzte Lesezeit\" \/>\n\t<meta name=\"twitter:data1\" content=\"2\u00a0Minuten\" \/>\n<script type=\"application\/ld+json\" class=\"yoast-schema-graph\">{\"@context\":\"https:\/\/schema.org\",\"@graph\":[{\"@type\":\"WebPage\",\"@id\":\"https:\/\/www.jazz-premium-events.com\/de\/packages\/\",\"url\":\"https:\/\/www.jazz-premium-events.com\/de\/packages\/\",\"name\":\"Jazz-Packages f\u00fcr Ihre Hochzeit und Ihre Privat- oder Firmenveranstaltung in der Region Grand Est (Gro\u00dfer Osten)\",\"isPartOf\":{\"@id\":\"https:\/\/www.jazz-premium-events.com\/de\/#website\"},\"datePublished\":\"2021-05-20T08:47:41+00:00\",\"dateModified\":\"2021-06-02T08:24:45+00:00\",\"description\":\"Unsere Jazz-Packages f\u00fcr Ihre Hochzeit und alle Ihre Privat- oder Firmenveranstaltungen in der Region Grand Est, in ganz Frankreich und in Deutschland, der Schweiz und in Luxemburg\",\"breadcrumb\":{\"@id\":\"https:\/\/www.jazz-premium-events.com\/de\/packages\/#breadcrumb\"},\"inLanguage\":\"de\",\"potentialAction\":[{\"@type\":\"ReadAction\",\"target\":[\"https:\/\/www.jazz-premium-events.com\/de\/packages\/\"]}]},{\"@type\":\"BreadcrumbList\",\"@id\":\"https:\/\/www.jazz-premium-events.com\/de\/packages\/#breadcrumb\",\"itemListElement\":[{\"@type\":\"ListItem\",\"position\":1,\"name\":\"Accueil\",\"item\":\"https:\/\/www.jazz-premium-events.com\/de\/\"},{\"@type\":\"ListItem\",\"position\":2,\"name\":\"Musik \u00e0 la carte \u2013 Unsere Packages\"}]},{\"@type\":\"WebSite\",\"@id\":\"https:\/\/www.jazz-premium-events.com\/de\/#website\",\"url\":\"https:\/\/www.jazz-premium-events.com\/de\/\",\"name\":\"Cordology\",\"description\":\"Trio jazz \u00e0 cordes\",\"publisher\":{\"@id\":\"https:\/\/www.jazz-premium-events.com\/de\/#organization\"},\"potentialAction\":[{\"@type\":\"SearchAction\",\"target\":{\"@type\":\"EntryPoint\",\"urlTemplate\":\"https:\/\/www.jazz-premium-events.com\/de\/?s={search_term_string}\"},\"query-input\":\"required name=search_term_string\"}],\"inLanguage\":\"de\"},{\"@type\":\"Organization\",\"@id\":\"https:\/\/www.jazz-premium-events.com\/de\/#organization\",\"name\":\"Cordology\",\"url\":\"https:\/\/www.jazz-premium-events.com\/de\/\",\"logo\":{\"@type\":\"ImageObject\",\"inLanguage\":\"de\",\"@id\":\"https:\/\/www.jazz-premium-events.com\/de\/#\/schema\/logo\/image\/\",\"url\":\"https:\/\/www.jazz-premium-events.com\/wp-content\/uploads\/2020\/06\/logo-cordology.png\",\"contentUrl\":\"https:\/\/www.jazz-premium-events.com\/wp-content\/uploads\/2020\/06\/logo-cordology.png\",\"width\":234,\"height\":208,\"caption\":\"Cordology\"},\"image\":{\"@id\":\"https:\/\/www.jazz-premium-events.com\/de\/#\/schema\/logo\/image\/\"}}]}<\/script>\n<!-- \/ Yoast SEO plugin. -->","yoast_head_json":{"title":"Jazz-Packages f\u00fcr Ihre Hochzeit und Ihre Privat- oder Firmenveranstaltung in der Region Grand Est (Gro\u00dfer Osten)","description":"Unsere Jazz-Packages f\u00fcr Ihre Hochzeit und alle Ihre Privat- oder Firmenveranstaltungen in der Region Grand Est, in ganz Frankreich und in Deutschland, der Schweiz und in Luxemburg","robots":{"index":"index","follow":"follow","max-snippet":"max-snippet:-1","max-image-preview":"max-image-preview:large","max-video-preview":"max-video-preview:-1"},"canonical":"https:\/\/www.jazz-premium-events.com\/de\/packages\/","og_locale":"de_DE","og_type":"article","og_title":"Jazz-Packages f\u00fcr Ihre Hochzeit und Ihre Privat- oder Firmenveranstaltung in der Region Grand Est (Gro\u00dfer Osten)","og_description":"Unsere Jazz-Packages f\u00fcr Ihre Hochzeit und alle Ihre Privat- oder Firmenveranstaltungen in der Region Grand Est, in ganz Frankreich und in Deutschland, der Schweiz und in Luxemburg","og_url":"https:\/\/www.jazz-premium-events.com\/de\/packages\/","og_site_name":"Cordology","article_modified_time":"2021-06-02T08:24:45+00:00","og_image":[{"width":1920,"height":505,"url":"https:\/\/www.jazz-premium-events.com\/wp-content\/uploads\/2020\/06\/banner-formules.jpg","type":"image\/jpeg"}],"twitter_card":"summary_large_image","twitter_misc":{"Gesch\u00e4tzte Lesezeit":"2\u00a0Minuten"},"schema":{"@context":"https:\/\/schema.org","@graph":[{"@type":"WebPage","@id":"https:\/\/www.jazz-premium-events.com\/de\/packages\/","url":"https:\/\/www.jazz-premium-events.com\/de\/packages\/","name":"Jazz-Packages f\u00fcr Ihre Hochzeit und Ihre Privat- oder Firmenveranstaltung in der Region Grand Est (Gro\u00dfer Osten)","isPartOf":{"@id":"https:\/\/www.jazz-premium-events.com\/de\/#website"},"datePublished":"2021-05-20T08:47:41+00:00","dateModified":"2021-06-02T08:24:45+00:00","description":"Unsere Jazz-Packages f\u00fcr Ihre Hochzeit und alle Ihre Privat- oder Firmenveranstaltungen in der Region Grand Est, in ganz Frankreich und in Deutschland, der Schweiz und in Luxemburg","breadcrumb":{"@id":"https:\/\/www.jazz-premium-events.com\/de\/packages\/#breadcrumb"},"inLanguage":"de","potentialAction":[{"@type":"ReadAction","target":["https:\/\/www.jazz-premium-events.com\/de\/packages\/"]}]},{"@type":"BreadcrumbList","@id":"https:\/\/www.jazz-premium-events.com\/de\/packages\/#breadcrumb","itemListElement":[{"@type":"ListItem","position":1,"name":"Accueil","item":"https:\/\/www.jazz-premium-events.com\/de\/"},{"@type":"ListItem","position":2,"name":"Musik \u00e0 la carte \u2013 Unsere Packages"}]},{"@type":"WebSite","@id":"https:\/\/www.jazz-premium-events.com\/de\/#website","url":"https:\/\/www.jazz-premium-events.com\/de\/","name":"Cordology","description":"Trio jazz \u00e0 cordes","publisher":{"@id":"https:\/\/www.jazz-premium-events.com\/de\/#organization"},"potentialAction":[{"@type":"SearchAction","target":{"@type":"EntryPoint","urlTemplate":"https:\/\/www.jazz-premium-events.com\/de\/?s={search_term_string}"},"query-input":"required name=search_term_string"}],"inLanguage":"de"},{"@type":"Organization","@id":"https:\/\/www.jazz-premium-events.com\/de\/#organization","name":"Cordology","url":"https:\/\/www.jazz-premium-events.com\/de\/","logo":{"@type":"ImageObject","inLanguage":"de","@id":"https:\/\/www.jazz-premium-events.com\/de\/#\/schema\/logo\/image\/","url":"https:\/\/www.jazz-premium-events.com\/wp-content\/uploads\/2020\/06\/logo-cordology.png","contentUrl":"https:\/\/www.jazz-premium-events.com\/wp-content\/uploads\/2020\/06\/logo-cordology.png","width":234,"height":208,"caption":"Cordology"},"image":{"@id":"https:\/\/www.jazz-premium-events.com\/de\/#\/schema\/logo\/image\/"}}]}},"featured_image_src":"https:\/\/www.jazz-premium-events.com\/wp-content\/uploads\/2020\/06\/banner-formules.jpg","featured_image_src_square":"https:\/\/www.jazz-premium-events.com\/wp-content\/uploads\/2020\/06\/banner-formules.jpg","_links":{"self":[{"href":"https:\/\/www.jazz-premium-events.com\/de\/wp-json\/wp\/v2\/pages\/926"}],"collection":[{"href":"https:\/\/www.jazz-premium-events.com\/de\/wp-json\/wp\/v2\/pages"}],"about":[{"href":"https:\/\/www.jazz-premium-events.com\/de\/wp-json\/wp\/v2\/types\/page"}],"author":[{"embeddable":true,"href":"https:\/\/www.jazz-premium-events.com\/de\/wp-json\/wp\/v2\/users\/1"}],"replies":[{"embeddable":true,"href":"https:\/\/www.jazz-premium-events.com\/de\/wp-json\/wp\/v2\/comments?post=926"}],"version-history":[{"count":7,"href":"https:\/\/www.jazz-premium-events.com\/de\/wp-json\/wp\/v2\/pages\/926\/revisions"}],"predecessor-version":[{"id":1103,"href":"https:\/\/www.jazz-premium-events.com\/de\/wp-json\/wp\/v2\/pages\/926\/revisions\/1103"}],"wp:featuredmedia":[{"embeddable":true,"href":"https:\/\/www.jazz-premium-events.com\/de\/wp-json\/wp\/v2\/media\/632"}],"wp:attachment":[{"href":"https:\/\/www.jazz-premium-events.com\/de\/wp-json\/wp\/v2\/media?parent=926"}],"curies":[{"name":"wp","href":"https:\/\/api.w.org\/{rel}","templated":true}]}}