{"id":919,"date":"2021-05-20T10:17:37","date_gmt":"2021-05-20T08:17:37","guid":{"rendered":"https:\/\/www.jazz-premium-events.com\/musiker\/"},"modified":"2021-06-14T11:01:03","modified_gmt":"2021-06-14T09:01:03","slug":"musiker","status":"publish","type":"page","link":"https:\/\/www.jazz-premium-events.com\/de\/musiker\/","title":{"rendered":"Die Musiker"},"content":{"rendered":"\n<h1 class=\"wp-block-heading\">Cordology, ein Trio aus passionierten Jazzmusikern<\/h1>\n\n<div style=\"height:50px\" aria-hidden=\"true\" class=\"wp-block-spacer\"><\/div>\n\n<div class=\"wp-block-media-text alignwide is-stacked-on-mobile is-image-fill musiciens\"><figure class=\"wp-block-media-text__media\" style=\"background-image:url(https:\/\/www.jazz-premium-events.com\/wp-content\/uploads\/2021\/02\/eric-soum.jpg);background-position:50% 50%\"><img decoding=\"async\" loading=\"lazy\" width=\"533\" height=\"800\" src=\"https:\/\/www.jazz-premium-events.com\/wp-content\/uploads\/2021\/02\/eric-soum.jpg\" alt=\"\u00c9ric Soum, Gitarrist von Cordology\" class=\"wp-image-726 size-full\"\/><\/figure><div class=\"wp-block-media-text__content\">\n<div style=\"height:60px\" aria-hidden=\"true\" class=\"wp-block-spacer\"><\/div>\n\n\n\n<h2 class=\"wp-block-heading\">\u00c9ric Soum<\/h2>\n\n\n\n<div style=\"height:20px\" aria-hidden=\"true\" class=\"wp-block-spacer\"><\/div>\n\n\n\n<p>Schon seit Kindertagen dem Jazz verfallen, <strong>navigiert \u00c9ric Soum unerm\u00fcdlich zwischen allen Str\u00f6mungen<\/strong>, vom Jazzrock \u00e0 la New Orleans \u00fcber Bebop, Bossa nova, Latin Jazz, und verf\u00fcgt \u00fcber ein Repertoire, das tief im <strong>Swing<\/strong> verwurzelt ist. Der Stil: <strong>zeitlos und unverf\u00e4lscht<\/strong>.<\/p>\n\n\n\n<p>Diesen Stil entwickelt er haupts\u00e4chlich mit dem <strong>Ensemble Cordology <\/strong>\u2013 er inspiriert das <strong>Trio<\/strong> und f\u00fchrt es an originelle Ideen von St\u00fccken, Stilen und Arrangements heran.<\/p>\n\n\n\n<p><strong>Staatliches Diplom f\u00fcr Jazz<\/strong> und <strong>Abschluss f\u00fcr Gitarre<\/strong> am Konservatorium von <strong>Montb\u00e9liard<\/strong>; seine berufliche Laufbahn ist sehr vielseitig und bewegt sich h\u00e4ufig zwischen Lehrt\u00e4tigkeit, Komposition sowie Auftritten bei Feierlichkeiten und Konzerten und CD-Aufnahmen (10\u00a0Albums unter seinem Namen oder als Sideman). Zwischen dem <strong>Elsass<\/strong> und der <strong>Franche-Comt\u00e9<\/strong> beteiligt sich \u00c9ric Soum an zahlreichen Projekten rund um das Thema Jazz und die Musikrichtungen, die sich davon ableiten: Praktika, Konferenzen, Workshops, Events, Festivals, die er ins Leben ruft und auch leitet.<\/p>\n\n\n\n<p>Wenn er nicht von einem zweiten Gitarristen begleitet wird (<a title=\"Package Jazzquartett\" href=\"https:\/\/www.jazz-premium-events.com\/de\/packages\/#jazz\">Quartett-Besetzung<\/a>) tanzt dieser Purist des Jazz in der Jazzband Cordology auf zwei Hochzeiten: Swing-Rhythmik und Melodie lagern sich auf seiner <strong>Jazzgitarre<\/strong> \u00fcbereinander, gew\u00fcrzt von erfindungsreichen Improvisationen und einer musikalischen Pinself\u00fchrung, bei der ihm der Schalk im Nacken sitzt.<\/p>\n\n\n\n<div style=\"height:60px\" aria-hidden=\"true\" class=\"wp-block-spacer\"><\/div>\n<\/div><\/div>\n\n<div style=\"height:60px\" aria-hidden=\"true\" class=\"wp-block-spacer\"><\/div>\n\n<div class=\"wp-block-media-text alignwide has-media-on-the-right is-stacked-on-mobile is-image-fill musiciens\"><figure class=\"wp-block-media-text__media\" style=\"background-image:url(https:\/\/www.jazz-premium-events.com\/wp-content\/uploads\/2021\/02\/gillou.jpg);background-position:37% 33%\"><img decoding=\"async\" loading=\"lazy\" width=\"533\" height=\"800\" src=\"https:\/\/www.jazz-premium-events.com\/wp-content\/uploads\/2021\/02\/gillou.jpg\" alt=\"Gilou Haggen Bass, Kontrabassist von Cordology\" class=\"wp-image-728 size-full\"\/><\/figure><div class=\"wp-block-media-text__content\">\n<div style=\"height:60px\" aria-hidden=\"true\" class=\"wp-block-spacer\"><\/div>\n\n\n\n<h2 class=\"wp-block-heading\">Gilou Haggen Bass<\/h2>\n\n\n\n<div style=\"height:20px\" aria-hidden=\"true\" class=\"wp-block-spacer\"><\/div>\n\n\n\n<p><strong>Gilou<\/strong> spielt bei Cordology den <strong>Kontrabass<\/strong>. Er ist in <strong>allen musikalischen Welten<\/strong> zuhause, sein swingender Kontrabass nimmt einen dominierenden Platz in seiner Musikerlaufbahn ein.<\/p>\n\n\n\n<p>Dieser <strong>erfahrene Autodidakt<\/strong> stammt aus <strong>Colmar<\/strong> und hat in der besten Schule gelernt: Er war im Laufe seiner langen Karriere in zahlreichen Ensembles (Rock, Vari\u00e9t\u00e9, Jazz) als Bassist und Kontrabassist sehr aktiv, wo er die unterschiedlichsten musikalischen Erfahrungen sammeln konnte.<\/p>\n\n\n\n<p>Als B\u00fchnen- und Unterhaltungsmusiker ist er ein alter Hase und im <strong>Elsass<\/strong> und in der <strong>Franche-Comt\u00e9<\/strong> mit der Jazzband Cordology on the road, von <strong>Belfort<\/strong> nach <strong>Besan\u00e7on<\/strong> und von <strong>M\u00fchlhausen<\/strong> nach <strong>Stra\u00dfburg \u2013<\/strong> stets in Begleitung von Gro\u00dfmutter Kontrabass, die bequem auf dem Beifahrersitz seines Twingos verstaut ist.<\/p>\n\n\n\n<p>Bei jedem Einsatz von Cordology l\u00e4sst Gilou die Basssaiten unter seinen Fingern schwingen und dahingleiten \u2013 beharrlich, elegant, federleicht und l\u00e4chelnd. Man kann mit Fug und Recht behaupten: Herr Haggen Bass ist ein begnadeter Musiker und sein Spiel l\u00e4sst niemanden kalt.<\/p>\n\n\n\n<div style=\"height:60px\" aria-hidden=\"true\" class=\"wp-block-spacer\"><\/div>\n<\/div><\/div>\n\n<div style=\"height:60px\" aria-hidden=\"true\" class=\"wp-block-spacer\"><\/div>\n\n<div class=\"wp-block-media-text alignwide is-stacked-on-mobile is-image-fill musiciens\"><figure class=\"wp-block-media-text__media\" style=\"background-image:url(https:\/\/www.jazz-premium-events.com\/wp-content\/uploads\/2021\/02\/laurent-muller-1170x780.jpg);background-position:45% 37%\"><img decoding=\"async\" loading=\"lazy\" width=\"1170\" height=\"780\" src=\"https:\/\/www.jazz-premium-events.com\/wp-content\/uploads\/2021\/02\/laurent-muller-1170x780.jpg\" alt=\"Laurent Muller, Violinist von Cordology\" class=\"wp-image-431 size-full\" srcset=\"https:\/\/www.jazz-premium-events.com\/wp-content\/uploads\/2021\/02\/laurent-muller-1170x780.jpg 1170w, https:\/\/www.jazz-premium-events.com\/wp-content\/uploads\/2021\/02\/laurent-muller-960x640.jpg 960w, https:\/\/www.jazz-premium-events.com\/wp-content\/uploads\/2021\/02\/laurent-muller-569x379.jpg 569w, https:\/\/www.jazz-premium-events.com\/wp-content\/uploads\/2021\/02\/laurent-muller-768x512.jpg 768w, https:\/\/www.jazz-premium-events.com\/wp-content\/uploads\/2021\/02\/laurent-muller-600x400.jpg 600w, https:\/\/www.jazz-premium-events.com\/wp-content\/uploads\/2021\/02\/laurent-muller.jpg 1200w\" sizes=\"(max-width: 1170px) 100vw, 1170px\" \/><\/figure><div class=\"wp-block-media-text__content\">\n<div style=\"height:60px\" aria-hidden=\"true\" class=\"wp-block-spacer\"><\/div>\n\n\n\n<h2 class=\"wp-block-heading\">Laurent Muller<\/h2>\n\n\n\n<div style=\"height:20px\" aria-hidden=\"true\" class=\"wp-block-spacer\"><\/div>\n\n\n\n<p>Mit klassischer Ausbildung (Konservatorium von <strong>Colmar<\/strong>) und einer gro\u00dfen Leidenschaft f\u00fcr den Jazz taucht <strong>Laurent Muller<\/strong> schlie\u00dflich \u00fcber das Repertoire des <strong>Swing Manouche<\/strong> in die Welt des Jazz ein.<\/p>\n\n\n\n<p>Laurent Muller musizierte immer wieder mal bei Konzerten mit <strong>Yorgui Loeffler<\/strong> oder <strong>Mito Loeffler<\/strong> oder arbeitete auch mit <strong>Francky Reinhardt<\/strong> zusammen. Er steckt viel Energie und Herzblut in seine Projekte: 2005 gr\u00fcndet er in <strong>Stra\u00dfburg<\/strong> sein erstes <strong>Jazz-Quartett<\/strong>, das er bekannt macht und damit <a title=\"Jazzensemble f&#xFC;r Konzerte und Veranstaltungen\" href=\"https:\/\/www.jazz-premium-events.com\/de\/musikalisches-angebot\/konzerte-und-festivals\/\">Konzerte, Veranstaltungen<\/a>, <a title=\"Jazzband f&#xFC;r Hochzeiten und andere private Feiern\" href=\"https:\/\/www.jazz-premium-events.com\/de\/musikalisches-angebot\/hochzeit-und-private-feiern\/\">Hochzeiten und andere private Feiern<\/a> im <strong>Elsass<\/strong>, der <strong>Franche-Comt\u00e9<\/strong> und in der <strong>Region Grand Est<\/strong> (Gro\u00dfer Osten) bespielt.<\/p>\n\n\n\n<p>Mit dem Trio Cordology stellt sich die Musik pers\u00f6nlicher und intimer dar, der Swing ist universeller. Laurent und seine beiden Bandkameraden sch\u00f6pfen aus einem gro\u00dfen Pool an Erfahrungen und bilden eine eingeschworene Truppe, die sich blind versteht. Auch wenn sie sich unverr\u00fcckbar dem traditionellen Swing verpflichtet f\u00fchlen, was sie mit vielen Standards in ihrem Repertoire beweisen, so treffen sie doch auch mit ihren Abstechern in das <strong>franz\u00f6sische Chanson<\/strong> und die <strong>klassische oder \u201eleichte\u201c Musik<\/strong> den Geschmack des Publikums \u2013 ob bei einer <a title=\"Jazzband f&#xFC;r Firmenfeiern\" href=\"https:\/\/www.jazz-premium-events.com\/de\/musikalisches-angebot\/seminar-und-firmenveranstaltung\/\">Firmenfeier<\/a> oder in einer konzertanten Auff\u00fchrung.<\/p>\n\n\n\n<p>All diese Erfahrungen dienen nur einem h\u00f6heren Ziel: Musik; Musik und noch mal Musik, die Laurent stets mit anderen teilen m\u00f6chte, mit Lust und Appetit auf mehr.<\/p>\n\n\n\n<div style=\"height:60px\" aria-hidden=\"true\" class=\"wp-block-spacer\"><\/div>\n<\/div><\/div>\n\n<div style=\"height:60px\" aria-hidden=\"true\" class=\"wp-block-spacer\"><\/div>\n","protected":false},"excerpt":{"rendered":"<p>Cordology, ein Trio aus passionierten Jazzmusikern<\/p>\n","protected":false},"author":1,"featured_media":732,"parent":0,"menu_order":0,"comment_status":"closed","ping_status":"closed","template":"","meta":{"footnotes":""},"acf":[],"yoast_head":"<!-- This site is optimized with the Yoast SEO plugin v21.3 - https:\/\/yoast.com\/wordpress\/plugins\/seo\/ -->\n<title>Jazzmusiker f\u00fcr Hochzeiten, andere private Feiern und Veranstaltungen im Elsass, der Franche-Comt\u00e9 und der Region Grand Est (Gro\u00dfer Osten)<\/title>\n<meta name=\"description\" content=\"Vorstellung der Musiker des Jazzensembles Cordology, die in der Region Grand Est (Gro\u00dfer Osten), in Frankreich und im Ausland in musikalischer Mission bei Veranstaltungen, Hochzeiten und privaten Feiern im Einsatz sind.\" \/>\n<meta name=\"robots\" content=\"index, follow, max-snippet:-1, max-image-preview:large, max-video-preview:-1\" \/>\n<link rel=\"canonical\" href=\"https:\/\/www.jazz-premium-events.com\/de\/musiker\/\" \/>\n<meta property=\"og:locale\" content=\"de_DE\" \/>\n<meta property=\"og:type\" content=\"article\" \/>\n<meta property=\"og:title\" content=\"Jazzmusiker f\u00fcr Hochzeiten, andere private Feiern und Veranstaltungen im Elsass, der Franche-Comt\u00e9 und der Region Grand Est (Gro\u00dfer Osten)\" \/>\n<meta property=\"og:description\" content=\"Vorstellung der Musiker des Jazzensembles Cordology, die in der Region Grand Est (Gro\u00dfer Osten), in Frankreich und im Ausland in musikalischer Mission bei Veranstaltungen, Hochzeiten und privaten Feiern im Einsatz sind.\" \/>\n<meta property=\"og:url\" content=\"https:\/\/www.jazz-premium-events.com\/de\/musiker\/\" \/>\n<meta property=\"og:site_name\" content=\"Cordology\" \/>\n<meta property=\"article:modified_time\" content=\"2021-06-14T09:01:03+00:00\" \/>\n<meta property=\"og:image\" content=\"https:\/\/www.jazz-premium-events.com\/wp-content\/uploads\/2021\/02\/banner_musiciens.jpg\" \/>\n\t<meta property=\"og:image:width\" content=\"1920\" \/>\n\t<meta property=\"og:image:height\" content=\"505\" \/>\n\t<meta property=\"og:image:type\" content=\"image\/jpeg\" \/>\n<meta name=\"twitter:card\" content=\"summary_large_image\" \/>\n<meta name=\"twitter:label1\" content=\"Gesch\u00e4tzte Lesezeit\" \/>\n\t<meta name=\"twitter:data1\" content=\"3\u00a0Minuten\" \/>\n<script type=\"application\/ld+json\" class=\"yoast-schema-graph\">{\"@context\":\"https:\/\/schema.org\",\"@graph\":[{\"@type\":\"WebPage\",\"@id\":\"https:\/\/www.jazz-premium-events.com\/de\/musiker\/\",\"url\":\"https:\/\/www.jazz-premium-events.com\/de\/musiker\/\",\"name\":\"Jazzmusiker f\u00fcr Hochzeiten, andere private Feiern und Veranstaltungen im Elsass, der Franche-Comt\u00e9 und der Region Grand Est (Gro\u00dfer Osten)\",\"isPartOf\":{\"@id\":\"https:\/\/www.jazz-premium-events.com\/de\/#website\"},\"datePublished\":\"2021-05-20T08:17:37+00:00\",\"dateModified\":\"2021-06-14T09:01:03+00:00\",\"description\":\"Vorstellung der Musiker des Jazzensembles Cordology, die in der Region Grand Est (Gro\u00dfer Osten), in Frankreich und im Ausland in musikalischer Mission bei Veranstaltungen, Hochzeiten und privaten Feiern im Einsatz sind.\",\"breadcrumb\":{\"@id\":\"https:\/\/www.jazz-premium-events.com\/de\/musiker\/#breadcrumb\"},\"inLanguage\":\"de\",\"potentialAction\":[{\"@type\":\"ReadAction\",\"target\":[\"https:\/\/www.jazz-premium-events.com\/de\/musiker\/\"]}]},{\"@type\":\"BreadcrumbList\",\"@id\":\"https:\/\/www.jazz-premium-events.com\/de\/musiker\/#breadcrumb\",\"itemListElement\":[{\"@type\":\"ListItem\",\"position\":1,\"name\":\"Accueil\",\"item\":\"https:\/\/www.jazz-premium-events.com\/de\/\"},{\"@type\":\"ListItem\",\"position\":2,\"name\":\"Die Musiker\"}]},{\"@type\":\"WebSite\",\"@id\":\"https:\/\/www.jazz-premium-events.com\/de\/#website\",\"url\":\"https:\/\/www.jazz-premium-events.com\/de\/\",\"name\":\"Cordology\",\"description\":\"Trio jazz \u00e0 cordes\",\"publisher\":{\"@id\":\"https:\/\/www.jazz-premium-events.com\/de\/#organization\"},\"potentialAction\":[{\"@type\":\"SearchAction\",\"target\":{\"@type\":\"EntryPoint\",\"urlTemplate\":\"https:\/\/www.jazz-premium-events.com\/de\/?s={search_term_string}\"},\"query-input\":\"required name=search_term_string\"}],\"inLanguage\":\"de\"},{\"@type\":\"Organization\",\"@id\":\"https:\/\/www.jazz-premium-events.com\/de\/#organization\",\"name\":\"Cordology\",\"url\":\"https:\/\/www.jazz-premium-events.com\/de\/\",\"logo\":{\"@type\":\"ImageObject\",\"inLanguage\":\"de\",\"@id\":\"https:\/\/www.jazz-premium-events.com\/de\/#\/schema\/logo\/image\/\",\"url\":\"https:\/\/www.jazz-premium-events.com\/wp-content\/uploads\/2020\/06\/logo-cordology.png\",\"contentUrl\":\"https:\/\/www.jazz-premium-events.com\/wp-content\/uploads\/2020\/06\/logo-cordology.png\",\"width\":234,\"height\":208,\"caption\":\"Cordology\"},\"image\":{\"@id\":\"https:\/\/www.jazz-premium-events.com\/de\/#\/schema\/logo\/image\/\"}}]}<\/script>\n<!-- \/ Yoast SEO plugin. -->","yoast_head_json":{"title":"Jazzmusiker f\u00fcr Hochzeiten, andere private Feiern und Veranstaltungen im Elsass, der Franche-Comt\u00e9 und der Region Grand Est (Gro\u00dfer Osten)","description":"Vorstellung der Musiker des Jazzensembles Cordology, die in der Region Grand Est (Gro\u00dfer Osten), in Frankreich und im Ausland in musikalischer Mission bei Veranstaltungen, Hochzeiten und privaten Feiern im Einsatz sind.","robots":{"index":"index","follow":"follow","max-snippet":"max-snippet:-1","max-image-preview":"max-image-preview:large","max-video-preview":"max-video-preview:-1"},"canonical":"https:\/\/www.jazz-premium-events.com\/de\/musiker\/","og_locale":"de_DE","og_type":"article","og_title":"Jazzmusiker f\u00fcr Hochzeiten, andere private Feiern und Veranstaltungen im Elsass, der Franche-Comt\u00e9 und der Region Grand Est (Gro\u00dfer Osten)","og_description":"Vorstellung der Musiker des Jazzensembles Cordology, die in der Region Grand Est (Gro\u00dfer Osten), in Frankreich und im Ausland in musikalischer Mission bei Veranstaltungen, Hochzeiten und privaten Feiern im Einsatz sind.","og_url":"https:\/\/www.jazz-premium-events.com\/de\/musiker\/","og_site_name":"Cordology","article_modified_time":"2021-06-14T09:01:03+00:00","og_image":[{"width":1920,"height":505,"url":"https:\/\/www.jazz-premium-events.com\/wp-content\/uploads\/2021\/02\/banner_musiciens.jpg","type":"image\/jpeg"}],"twitter_card":"summary_large_image","twitter_misc":{"Gesch\u00e4tzte Lesezeit":"3\u00a0Minuten"},"schema":{"@context":"https:\/\/schema.org","@graph":[{"@type":"WebPage","@id":"https:\/\/www.jazz-premium-events.com\/de\/musiker\/","url":"https:\/\/www.jazz-premium-events.com\/de\/musiker\/","name":"Jazzmusiker f\u00fcr Hochzeiten, andere private Feiern und Veranstaltungen im Elsass, der Franche-Comt\u00e9 und der Region Grand Est (Gro\u00dfer Osten)","isPartOf":{"@id":"https:\/\/www.jazz-premium-events.com\/de\/#website"},"datePublished":"2021-05-20T08:17:37+00:00","dateModified":"2021-06-14T09:01:03+00:00","description":"Vorstellung der Musiker des Jazzensembles Cordology, die in der Region Grand Est (Gro\u00dfer Osten), in Frankreich und im Ausland in musikalischer Mission bei Veranstaltungen, Hochzeiten und privaten Feiern im Einsatz sind.","breadcrumb":{"@id":"https:\/\/www.jazz-premium-events.com\/de\/musiker\/#breadcrumb"},"inLanguage":"de","potentialAction":[{"@type":"ReadAction","target":["https:\/\/www.jazz-premium-events.com\/de\/musiker\/"]}]},{"@type":"BreadcrumbList","@id":"https:\/\/www.jazz-premium-events.com\/de\/musiker\/#breadcrumb","itemListElement":[{"@type":"ListItem","position":1,"name":"Accueil","item":"https:\/\/www.jazz-premium-events.com\/de\/"},{"@type":"ListItem","position":2,"name":"Die Musiker"}]},{"@type":"WebSite","@id":"https:\/\/www.jazz-premium-events.com\/de\/#website","url":"https:\/\/www.jazz-premium-events.com\/de\/","name":"Cordology","description":"Trio jazz \u00e0 cordes","publisher":{"@id":"https:\/\/www.jazz-premium-events.com\/de\/#organization"},"potentialAction":[{"@type":"SearchAction","target":{"@type":"EntryPoint","urlTemplate":"https:\/\/www.jazz-premium-events.com\/de\/?s={search_term_string}"},"query-input":"required name=search_term_string"}],"inLanguage":"de"},{"@type":"Organization","@id":"https:\/\/www.jazz-premium-events.com\/de\/#organization","name":"Cordology","url":"https:\/\/www.jazz-premium-events.com\/de\/","logo":{"@type":"ImageObject","inLanguage":"de","@id":"https:\/\/www.jazz-premium-events.com\/de\/#\/schema\/logo\/image\/","url":"https:\/\/www.jazz-premium-events.com\/wp-content\/uploads\/2020\/06\/logo-cordology.png","contentUrl":"https:\/\/www.jazz-premium-events.com\/wp-content\/uploads\/2020\/06\/logo-cordology.png","width":234,"height":208,"caption":"Cordology"},"image":{"@id":"https:\/\/www.jazz-premium-events.com\/de\/#\/schema\/logo\/image\/"}}]}},"featured_image_src":"https:\/\/www.jazz-premium-events.com\/wp-content\/uploads\/2021\/02\/banner_musiciens.jpg","featured_image_src_square":"https:\/\/www.jazz-premium-events.com\/wp-content\/uploads\/2021\/02\/banner_musiciens.jpg","_links":{"self":[{"href":"https:\/\/www.jazz-premium-events.com\/de\/wp-json\/wp\/v2\/pages\/919"}],"collection":[{"href":"https:\/\/www.jazz-premium-events.com\/de\/wp-json\/wp\/v2\/pages"}],"about":[{"href":"https:\/\/www.jazz-premium-events.com\/de\/wp-json\/wp\/v2\/types\/page"}],"author":[{"embeddable":true,"href":"https:\/\/www.jazz-premium-events.com\/de\/wp-json\/wp\/v2\/users\/1"}],"replies":[{"embeddable":true,"href":"https:\/\/www.jazz-premium-events.com\/de\/wp-json\/wp\/v2\/comments?post=919"}],"version-history":[{"count":5,"href":"https:\/\/www.jazz-premium-events.com\/de\/wp-json\/wp\/v2\/pages\/919\/revisions"}],"predecessor-version":[{"id":1135,"href":"https:\/\/www.jazz-premium-events.com\/de\/wp-json\/wp\/v2\/pages\/919\/revisions\/1135"}],"wp:featuredmedia":[{"embeddable":true,"href":"https:\/\/www.jazz-premium-events.com\/de\/wp-json\/wp\/v2\/media\/732"}],"wp:attachment":[{"href":"https:\/\/www.jazz-premium-events.com\/de\/wp-json\/wp\/v2\/media?parent=919"}],"curies":[{"name":"wp","href":"https:\/\/api.w.org\/{rel}","templated":true}]}}