{"id":917,"date":"2021-05-20T10:09:22","date_gmt":"2021-05-20T08:09:22","guid":{"rendered":"https:\/\/www.jazz-premium-events.com\/musikalisches-angebot\/konzerte-und-festivals\/"},"modified":"2021-06-21T11:28:52","modified_gmt":"2021-06-21T09:28:52","slug":"konzerte-und-festivals","status":"publish","type":"page","link":"https:\/\/www.jazz-premium-events.com\/de\/musikalisches-angebot\/konzerte-und-festivals\/","title":{"rendered":"Konzerte und Festivals"},"content":{"rendered":"\n<h1 class=\"wp-block-heading\">Das Jazzensemble Cordology auf der B\u00fchne: Konzert, Festival, Messe und Gala<\/h1>\n\n<p class=\"has-text-align-center\">Sie vertreten ein Kulturzentrum, eine Gemeinde, einen Jazzklub\u00a0\u2026 Sie sind die Organisatorin\/der Organisator eines Festivals oder die Gesch\u00e4ftsf\u00fchrerin\/der Gesch\u00e4ftsf\u00fchrer eines Konzertsaals\u00a0\u2026 und <strong>Sie organisieren eine Fest- oder Kulturveranstaltung<\/strong> im Elsass, im Rest Frankreichs oder im Ausland?&#13;\n&#13;\n<strong>Das Jazzensemble Cordology<\/strong> bietet Ihnen ma\u00dfgeschneiderte L\u00f6sungen: Konzerte oder musikalische Untermalung mit 3\u00a0oder 4\u00a0Musikern: Sie w\u00fcnschen, wir spielen!<\/p>\n\n<p class=\"has-text-align-center\">Die Jazzband trifft stets den richtigen Ton: bei <strong>Konzerten<\/strong>, im Rahmen von <strong>Festivals<\/strong>, auf B\u00fchnen von st\u00e4dtischen <strong>Kulturzentren<\/strong> oder in <strong>Jazzkellern<\/strong>.&#13;\n&#13;\nUm nur einige Beispiele zu nennen: Au Gr\u00e8s du Jazz (Jazzfestival von Petite Pierre in den Vogesen), Les Estivales in Mundolsheim, Un soir d\u2019\u00e9t\u00e9 en la Chapelle (Festival in Gerbamont), La Chartreuse in Molsheim.&#13;\n&#13;\nUm nur einige Beispiele zu nennen: Au Gr\u00e8s du Jazz (Jazzfestival von Petite Pierre in den Vogesen), Les Estivales in Mundolsheim, Un soir d\u2019\u00e9t\u00e9 en la Chapelle (Festival in Gerbamont), La Chartreuse in Molsheim.<\/p>\n\n<div style=\"height:60px\" aria-hidden=\"true\" class=\"wp-block-spacer\"><\/div>\n\n<div class=\"wp-block-media-text alignwide is-stacked-on-mobile is-image-fill fullWidth\"><figure class=\"wp-block-media-text__media\" style=\"background-image:url(https:\/\/www.jazz-premium-events.com\/wp-content\/uploads\/2020\/06\/concert-cordology-2.jpg);background-position:50% 50%\"><img decoding=\"async\" loading=\"lazy\" width=\"1024\" height=\"683\" src=\"https:\/\/www.jazz-premium-events.com\/wp-content\/uploads\/2020\/06\/concert-cordology-2.jpg\" alt=\"Konzert bei der Zeremonie zur Verleihung der \u201ePyramides d\u2019Argent\u201c in Stra\u00dfburg\" class=\"wp-image-658 size-full\" srcset=\"https:\/\/www.jazz-premium-events.com\/wp-content\/uploads\/2020\/06\/concert-cordology-2.jpg 1024w, https:\/\/www.jazz-premium-events.com\/wp-content\/uploads\/2020\/06\/concert-cordology-2-960x640.jpg 960w, https:\/\/www.jazz-premium-events.com\/wp-content\/uploads\/2020\/06\/concert-cordology-2-569x379.jpg 569w, https:\/\/www.jazz-premium-events.com\/wp-content\/uploads\/2020\/06\/concert-cordology-2-768x512.jpg 768w, https:\/\/www.jazz-premium-events.com\/wp-content\/uploads\/2020\/06\/concert-cordology-2-600x400.jpg 600w\" sizes=\"(max-width: 1024px) 100vw, 1024px\" \/><\/figure><div class=\"wp-block-media-text__content\">\n<div style=\"height:60px\" aria-hidden=\"true\" class=\"wp-block-spacer\"><\/div>\n\n\n\n<h2 class=\"wp-block-heading\">Jazzatmosph\u00e4re vom Feinsten und ganz nach Ihrem Geschmack f\u00fcr jede Veranstaltung<\/h2>\n\n\n\n<div style=\"height:20px\" aria-hidden=\"true\" class=\"wp-block-spacer\"><\/div>\n\n\n\n<p class=\"has-text-align-center\">Wir bereiten eine <strong>personalisierte und abwechslungsreiche Setlist<\/strong> vor, die sich nach der Dauer und dem Ambiente des Konzerts richtet.<\/p>\n\n\n\n<p class=\"has-text-align-center\">Das beinhaltet <strong>St\u00fccke aus dem Jazz Swing-Repertoire<\/strong>, einige<strong> Manouche Standards<\/strong> en passant, <strong>traditionelle franz\u00f6sische Chansons<\/strong>, die f\u00fcr unser Ensemble neu arrangiert wurden und all das im Rhythmus des Jazz, der die DNA des Ensembles ist und bleibt.<\/p>\n\n\n\n<p class=\"has-text-align-center\">Auf der B\u00fchne lieben wir es, <strong>mit dem Publikum zu interagieren<\/strong>, wir sprechen \u00fcber unsere Musik, liefern Hintergrundinformationen zur Entstehung der St\u00fccke, die wir spielen, und erz\u00e4hlen Anekdoten zur Musikgeschichte.<\/p>\n\n\n\n<div style=\"height:60px\" aria-hidden=\"true\" class=\"wp-block-spacer\"><\/div>\n<\/div><\/div>\n\n<div style=\"height:30px\" aria-hidden=\"true\" class=\"wp-block-spacer\"><\/div>\n\n<h2 class=\"wp-block-heading\">Ein Jazzensemble in der Besetzung Trio oder Quartett<\/h2>\n\n<p class=\"has-text-align-center\">Das Jazzensemble Cordology ist ein <strong><a title=\"Package Jazztrio\" href=\"https:\/\/www.jazz-premium-events.com\/de\/packages\/\">Trio<\/a><\/strong>. Jedoch ist auch eine Besetzung als <strong><a title=\"Package Jazzquartett\" href=\"https:\/\/www.jazz-premium-events.com\/de\/packages\/\">Quartett<\/a><\/strong> m\u00f6glich, je nach Verf\u00fcgbarkeit der Musiker.<\/p>\n\n<div class=\"wp-block-buttons is-content-justification-center is-layout-flex wp-block-buttons-is-layout-flex\">\n<div class=\"wp-block-button\"><a class=\"wp-block-button__link\" href=\"https:\/\/www.jazz-premium-events.com\/de\/packages\/\" title=\"Jazz &#xE0; la carte &#x2013; Unsere Packages\">Unsere Packages<\/a><\/div>\n\n\n\n<div class=\"wp-block-button\"><a class=\"wp-block-button__link\" href=\"https:\/\/www.jazz-premium-events.com\/de\/musik\/\" title=\"Unsere H&#xF6;rbeispiele\">H\u00f6rbeispiele<\/a><\/div>\n<\/div>\n\n<div style=\"height:45px\" aria-hidden=\"true\" class=\"wp-block-spacer\"><\/div>\n\n<p class=\"has-text-align-center big\"><a title=\"Schreiben Sie uns &#xFC;ber unser Kontaktformular\" href=\"https:\/\/www.jazz-premium-events.com\/de\/kontakt\/\">Kontaktieren Sie uns<\/a> und wir melden uns umgehend zur\u00fcck, um technische und andere praktische Aspekte zu kl\u00e4ren und eine gute gedankliche Vorausschau und Vorbereitung des Konzerts zu erm\u00f6glichen.<\/p>\n\n<div style=\"height:50px\" aria-hidden=\"true\" class=\"wp-block-spacer\"><\/div>\n","protected":false},"excerpt":{"rendered":"<p>Das Jazzensemble Cordology auf der B\u00fchne: Konzert, Festival, Messe und Gala Sie vertreten ein Kulturzentrum, eine Gemeinde, einen Jazzklub\u00a0\u2026 Sie sind die Organisatorin\/der Organisator eines Festivals oder die Gesch\u00e4ftsf\u00fchrerin\/der Gesch\u00e4ftsf\u00fchrer eines Konzertsaals\u00a0\u2026 und Sie organisieren &#8230;<\/p>\n","protected":false},"author":1,"featured_media":622,"parent":903,"menu_order":0,"comment_status":"closed","ping_status":"closed","template":"","meta":{"footnotes":""},"acf":[],"yoast_head":"<!-- This site is optimized with the Yoast SEO plugin v21.3 - https:\/\/yoast.com\/wordpress\/plugins\/seo\/ -->\n<title>Jazzband f\u00fcr Events, Konzerte, Festivals, Messen und Galas im Elsass<\/title>\n<meta name=\"description\" content=\"Die Jazzband Cordology bietet musikalische Dienstleistungen f\u00fcr Konzerte und Festivals im Elsass, im Rest Frankreichs oder auch im Ausland an.\" \/>\n<meta name=\"robots\" content=\"index, follow, max-snippet:-1, max-image-preview:large, max-video-preview:-1\" \/>\n<link rel=\"canonical\" href=\"https:\/\/www.jazz-premium-events.com\/de\/musikalisches-angebot\/konzerte-und-festivals\/\" \/>\n<meta property=\"og:locale\" content=\"de_DE\" \/>\n<meta property=\"og:type\" content=\"article\" \/>\n<meta property=\"og:title\" content=\"Jazzband f\u00fcr Events, Konzerte, Festivals, Messen und Galas im Elsass\" \/>\n<meta property=\"og:description\" content=\"Die Jazzband Cordology bietet musikalische Dienstleistungen f\u00fcr Konzerte und Festivals im Elsass, im Rest Frankreichs oder auch im Ausland an.\" \/>\n<meta property=\"og:url\" content=\"https:\/\/www.jazz-premium-events.com\/de\/musikalisches-angebot\/konzerte-und-festivals\/\" \/>\n<meta property=\"og:site_name\" content=\"Cordology\" \/>\n<meta property=\"article:modified_time\" content=\"2021-06-21T09:28:52+00:00\" \/>\n<meta property=\"og:image\" content=\"https:\/\/www.jazz-premium-events.com\/wp-content\/uploads\/2020\/06\/banner-prestations.jpg\" \/>\n\t<meta property=\"og:image:width\" content=\"1920\" \/>\n\t<meta property=\"og:image:height\" content=\"505\" \/>\n\t<meta property=\"og:image:type\" content=\"image\/jpeg\" \/>\n<meta name=\"twitter:card\" content=\"summary_large_image\" \/>\n<meta name=\"twitter:label1\" content=\"Gesch\u00e4tzte Lesezeit\" \/>\n\t<meta name=\"twitter:data1\" content=\"2\u00a0Minuten\" \/>\n<script type=\"application\/ld+json\" class=\"yoast-schema-graph\">{\"@context\":\"https:\/\/schema.org\",\"@graph\":[{\"@type\":\"WebPage\",\"@id\":\"https:\/\/www.jazz-premium-events.com\/de\/musikalisches-angebot\/konzerte-und-festivals\/\",\"url\":\"https:\/\/www.jazz-premium-events.com\/de\/musikalisches-angebot\/konzerte-und-festivals\/\",\"name\":\"Jazzband f\u00fcr Events, Konzerte, Festivals, Messen und Galas im Elsass\",\"isPartOf\":{\"@id\":\"https:\/\/www.jazz-premium-events.com\/de\/#website\"},\"datePublished\":\"2021-05-20T08:09:22+00:00\",\"dateModified\":\"2021-06-21T09:28:52+00:00\",\"description\":\"Die Jazzband Cordology bietet musikalische Dienstleistungen f\u00fcr Konzerte und Festivals im Elsass, im Rest Frankreichs oder auch im Ausland an.\",\"breadcrumb\":{\"@id\":\"https:\/\/www.jazz-premium-events.com\/de\/musikalisches-angebot\/konzerte-und-festivals\/#breadcrumb\"},\"inLanguage\":\"de\",\"potentialAction\":[{\"@type\":\"ReadAction\",\"target\":[\"https:\/\/www.jazz-premium-events.com\/de\/musikalisches-angebot\/konzerte-und-festivals\/\"]}]},{\"@type\":\"BreadcrumbList\",\"@id\":\"https:\/\/www.jazz-premium-events.com\/de\/musikalisches-angebot\/konzerte-und-festivals\/#breadcrumb\",\"itemListElement\":[{\"@type\":\"ListItem\",\"position\":1,\"name\":\"Accueil\",\"item\":\"https:\/\/www.jazz-premium-events.com\/de\/\"},{\"@type\":\"ListItem\",\"position\":2,\"name\":\"Musikalisches Angebot\",\"item\":\"https:\/\/www.jazz-premium-events.com\/de\/musikalisches-angebot\/\"},{\"@type\":\"ListItem\",\"position\":3,\"name\":\"Konzerte und Festivals\"}]},{\"@type\":\"WebSite\",\"@id\":\"https:\/\/www.jazz-premium-events.com\/de\/#website\",\"url\":\"https:\/\/www.jazz-premium-events.com\/de\/\",\"name\":\"Cordology\",\"description\":\"Trio jazz \u00e0 cordes\",\"publisher\":{\"@id\":\"https:\/\/www.jazz-premium-events.com\/de\/#organization\"},\"potentialAction\":[{\"@type\":\"SearchAction\",\"target\":{\"@type\":\"EntryPoint\",\"urlTemplate\":\"https:\/\/www.jazz-premium-events.com\/de\/?s={search_term_string}\"},\"query-input\":\"required name=search_term_string\"}],\"inLanguage\":\"de\"},{\"@type\":\"Organization\",\"@id\":\"https:\/\/www.jazz-premium-events.com\/de\/#organization\",\"name\":\"Cordology\",\"url\":\"https:\/\/www.jazz-premium-events.com\/de\/\",\"logo\":{\"@type\":\"ImageObject\",\"inLanguage\":\"de\",\"@id\":\"https:\/\/www.jazz-premium-events.com\/de\/#\/schema\/logo\/image\/\",\"url\":\"https:\/\/www.jazz-premium-events.com\/wp-content\/uploads\/2020\/06\/logo-cordology.png\",\"contentUrl\":\"https:\/\/www.jazz-premium-events.com\/wp-content\/uploads\/2020\/06\/logo-cordology.png\",\"width\":234,\"height\":208,\"caption\":\"Cordology\"},\"image\":{\"@id\":\"https:\/\/www.jazz-premium-events.com\/de\/#\/schema\/logo\/image\/\"}}]}<\/script>\n<!-- \/ Yoast SEO plugin. -->","yoast_head_json":{"title":"Jazzband f\u00fcr Events, Konzerte, Festivals, Messen und Galas im Elsass","description":"Die Jazzband Cordology bietet musikalische Dienstleistungen f\u00fcr Konzerte und Festivals im Elsass, im Rest Frankreichs oder auch im Ausland an.","robots":{"index":"index","follow":"follow","max-snippet":"max-snippet:-1","max-image-preview":"max-image-preview:large","max-video-preview":"max-video-preview:-1"},"canonical":"https:\/\/www.jazz-premium-events.com\/de\/musikalisches-angebot\/konzerte-und-festivals\/","og_locale":"de_DE","og_type":"article","og_title":"Jazzband f\u00fcr Events, Konzerte, Festivals, Messen und Galas im Elsass","og_description":"Die Jazzband Cordology bietet musikalische Dienstleistungen f\u00fcr Konzerte und Festivals im Elsass, im Rest Frankreichs oder auch im Ausland an.","og_url":"https:\/\/www.jazz-premium-events.com\/de\/musikalisches-angebot\/konzerte-und-festivals\/","og_site_name":"Cordology","article_modified_time":"2021-06-21T09:28:52+00:00","og_image":[{"width":1920,"height":505,"url":"https:\/\/www.jazz-premium-events.com\/wp-content\/uploads\/2020\/06\/banner-prestations.jpg","type":"image\/jpeg"}],"twitter_card":"summary_large_image","twitter_misc":{"Gesch\u00e4tzte Lesezeit":"2\u00a0Minuten"},"schema":{"@context":"https:\/\/schema.org","@graph":[{"@type":"WebPage","@id":"https:\/\/www.jazz-premium-events.com\/de\/musikalisches-angebot\/konzerte-und-festivals\/","url":"https:\/\/www.jazz-premium-events.com\/de\/musikalisches-angebot\/konzerte-und-festivals\/","name":"Jazzband f\u00fcr Events, Konzerte, Festivals, Messen und Galas im Elsass","isPartOf":{"@id":"https:\/\/www.jazz-premium-events.com\/de\/#website"},"datePublished":"2021-05-20T08:09:22+00:00","dateModified":"2021-06-21T09:28:52+00:00","description":"Die Jazzband Cordology bietet musikalische Dienstleistungen f\u00fcr Konzerte und Festivals im Elsass, im Rest Frankreichs oder auch im Ausland an.","breadcrumb":{"@id":"https:\/\/www.jazz-premium-events.com\/de\/musikalisches-angebot\/konzerte-und-festivals\/#breadcrumb"},"inLanguage":"de","potentialAction":[{"@type":"ReadAction","target":["https:\/\/www.jazz-premium-events.com\/de\/musikalisches-angebot\/konzerte-und-festivals\/"]}]},{"@type":"BreadcrumbList","@id":"https:\/\/www.jazz-premium-events.com\/de\/musikalisches-angebot\/konzerte-und-festivals\/#breadcrumb","itemListElement":[{"@type":"ListItem","position":1,"name":"Accueil","item":"https:\/\/www.jazz-premium-events.com\/de\/"},{"@type":"ListItem","position":2,"name":"Musikalisches Angebot","item":"https:\/\/www.jazz-premium-events.com\/de\/musikalisches-angebot\/"},{"@type":"ListItem","position":3,"name":"Konzerte und Festivals"}]},{"@type":"WebSite","@id":"https:\/\/www.jazz-premium-events.com\/de\/#website","url":"https:\/\/www.jazz-premium-events.com\/de\/","name":"Cordology","description":"Trio jazz \u00e0 cordes","publisher":{"@id":"https:\/\/www.jazz-premium-events.com\/de\/#organization"},"potentialAction":[{"@type":"SearchAction","target":{"@type":"EntryPoint","urlTemplate":"https:\/\/www.jazz-premium-events.com\/de\/?s={search_term_string}"},"query-input":"required name=search_term_string"}],"inLanguage":"de"},{"@type":"Organization","@id":"https:\/\/www.jazz-premium-events.com\/de\/#organization","name":"Cordology","url":"https:\/\/www.jazz-premium-events.com\/de\/","logo":{"@type":"ImageObject","inLanguage":"de","@id":"https:\/\/www.jazz-premium-events.com\/de\/#\/schema\/logo\/image\/","url":"https:\/\/www.jazz-premium-events.com\/wp-content\/uploads\/2020\/06\/logo-cordology.png","contentUrl":"https:\/\/www.jazz-premium-events.com\/wp-content\/uploads\/2020\/06\/logo-cordology.png","width":234,"height":208,"caption":"Cordology"},"image":{"@id":"https:\/\/www.jazz-premium-events.com\/de\/#\/schema\/logo\/image\/"}}]}},"featured_image_src":"https:\/\/www.jazz-premium-events.com\/wp-content\/uploads\/2020\/06\/banner-prestations.jpg","featured_image_src_square":"https:\/\/www.jazz-premium-events.com\/wp-content\/uploads\/2020\/06\/banner-prestations.jpg","_links":{"self":[{"href":"https:\/\/www.jazz-premium-events.com\/de\/wp-json\/wp\/v2\/pages\/917"}],"collection":[{"href":"https:\/\/www.jazz-premium-events.com\/de\/wp-json\/wp\/v2\/pages"}],"about":[{"href":"https:\/\/www.jazz-premium-events.com\/de\/wp-json\/wp\/v2\/types\/page"}],"author":[{"embeddable":true,"href":"https:\/\/www.jazz-premium-events.com\/de\/wp-json\/wp\/v2\/users\/1"}],"replies":[{"embeddable":true,"href":"https:\/\/www.jazz-premium-events.com\/de\/wp-json\/wp\/v2\/comments?post=917"}],"version-history":[{"count":3,"href":"https:\/\/www.jazz-premium-events.com\/de\/wp-json\/wp\/v2\/pages\/917\/revisions"}],"predecessor-version":[{"id":1172,"href":"https:\/\/www.jazz-premium-events.com\/de\/wp-json\/wp\/v2\/pages\/917\/revisions\/1172"}],"up":[{"embeddable":true,"href":"https:\/\/www.jazz-premium-events.com\/de\/wp-json\/wp\/v2\/pages\/903"}],"wp:featuredmedia":[{"embeddable":true,"href":"https:\/\/www.jazz-premium-events.com\/de\/wp-json\/wp\/v2\/media\/622"}],"wp:attachment":[{"href":"https:\/\/www.jazz-premium-events.com\/de\/wp-json\/wp\/v2\/media?parent=917"}],"curies":[{"name":"wp","href":"https:\/\/api.w.org\/{rel}","templated":true}]}}