{"id":913,"date":"2021-05-20T10:02:26","date_gmt":"2021-05-20T08:02:26","guid":{"rendered":"https:\/\/www.jazz-premium-events.com\/musikalisches-angebot\/seminar-und-firmenveranstaltung\/"},"modified":"2021-06-21T11:30:28","modified_gmt":"2021-06-21T09:30:28","slug":"seminar-und-firmenveranstaltung","status":"publish","type":"page","link":"https:\/\/www.jazz-premium-events.com\/de\/musikalisches-angebot\/seminar-und-firmenveranstaltung\/","title":{"rendered":"Seminare und Firmenveranstaltungen"},"content":{"rendered":"\n<h1 class=\"wp-block-heading\">Ein Jazzensemble f\u00fcr die musikalische Umrahmung Ihrer Abendveranstaltung, Ihres Seminars und Empfangs: der musikalische Touch \u2013 das gewisse Etwas f\u00fcr Ihr Event<\/h1>\n\n<p class=\"has-text-align-center big\">Es gibt unz\u00e4hlige Anl\u00e4sse, bei denen ein Jazzensemble das perfekte Ambiente schafft, um jene Momente geb\u00fchrend zu feiern, die von zentraler Wichtigkeit f\u00fcr Ihr Unternehmen sind:<\/p>\n\n<div style=\"height:30px\" aria-hidden=\"true\" class=\"wp-block-spacer\"><\/div>\n\n<div class=\"wp-block-media-text alignwide is-stacked-on-mobile is-image-fill fullWidth\"><figure class=\"wp-block-media-text__media\" style=\"background-image:url(https:\/\/www.jazz-premium-events.com\/wp-content\/uploads\/2020\/06\/journ\u00e9e-de-l-Europe-Delegation-de-l-Union-europeenne-Conseil-de-l-Europe-Strasbourg_2.jpg);background-position:50% 50%\"><img decoding=\"async\" loading=\"lazy\" width=\"1170\" height=\"658\" src=\"https:\/\/www.jazz-premium-events.com\/wp-content\/uploads\/2020\/06\/journ\u00e9e-de-l-Europe-Delegation-de-l-Union-europeenne-Conseil-de-l-Europe-Strasbourg_2.jpg\" alt=\"Musikalische Untermalung beim Europatag in Stra\u00dfburg\" class=\"wp-image-674 size-full\" srcset=\"https:\/\/www.jazz-premium-events.com\/wp-content\/uploads\/2020\/06\/journ\u00e9e-de-l-Europe-Delegation-de-l-Union-europeenne-Conseil-de-l-Europe-Strasbourg_2.jpg 1170w, https:\/\/www.jazz-premium-events.com\/wp-content\/uploads\/2020\/06\/journ\u00e9e-de-l-Europe-Delegation-de-l-Union-europeenne-Conseil-de-l-Europe-Strasbourg_2-960x540.jpg 960w, https:\/\/www.jazz-premium-events.com\/wp-content\/uploads\/2020\/06\/journ\u00e9e-de-l-Europe-Delegation-de-l-Union-europeenne-Conseil-de-l-Europe-Strasbourg_2-768x432.jpg 768w\" sizes=\"(max-width: 1170px) 100vw, 1170px\" \/><\/figure><div class=\"wp-block-media-text__content\">\n<div style=\"height:30px\" aria-hidden=\"true\" class=\"wp-block-spacer\"><\/div>\n\n\n\n<div style=\"height:20px\" aria-hidden=\"true\" class=\"wp-block-spacer\"><\/div>\n\n\n\n<ul class=\"noSpace\"><li><strong>Firmenveranstaltungen<\/strong>:<ul><li>Jubil\u00e4um eines Gesch\u00e4ftsbereichs oder des Unternehmens<\/li><li>Betriebsratsfeier, Weihnachtsfeiern<\/li><li>Abschieds- oder Geburtstagsfeier einer Mitarbeiterin oder eines Mitarbeiters<\/li><\/ul><\/li><li><strong>Abendessen mit Kundinnen und Kunden<\/strong><\/li><li><strong>Buffet oder Cocktailempfang<\/strong> innerhalb des Unternehmens das ganze Jahr \u00fcber<\/li><li><strong>After-Work-Party<\/strong> im kleinen oder gr\u00f6\u00dferen Kreis (\u00fcberbetrieblich)<\/li><li>Gesch\u00e4ftstreffen innerhalb eines T\u00e4tigkeitsbereichs: <strong>Produktlaunch, gesch\u00e4ftliche Zusammenkunft<\/strong><\/li><li><strong>Er\u00f6ffnung<\/strong> eines Tochterunternehmens oder einer Zweigstelle<\/li><li><strong>Seminar<\/strong>, Kolloquium, Kongress, Gala, Empfang<\/li><li><strong>Preisverleihung<\/strong><\/li><li><strong>Teambuilding<\/strong><\/li><\/ul>\n\n\n<div style=\"height:30px\" aria-hidden=\"true\" class=\"wp-block-spacer\"><\/div>\n<\/div><\/div>\n\n<div style=\"height:60px\" aria-hidden=\"true\" class=\"wp-block-spacer\"><\/div>\n\n<h2 class=\"wp-block-heading\">Jazzensemble Cordology: ein kleines, aber feines Jazzensemble, eine elegante Jazzcombo f\u00fcr die musikalische Umrahmung Ihres Firmenevents<\/h2>\n\n<div class=\"wp-block-columns are-vertically-aligned-center is-layout-flex wp-container-4 wp-block-columns-is-layout-flex\">\n<div class=\"wp-block-column is-vertically-aligned-center is-layout-flow wp-block-column-is-layout-flow\">\n<p>Cordology ist ein <strong>Jazzensemble in der Besetzung als Quartett oder Trio<\/strong> (Violine, Gitarre und Kontrabass): Dieses Ensemble schafft eine <strong>ganz besondere Magie<\/strong>, zugleich diskret und festlich, f\u00fcr Firmenveranstaltungen jeglicher Gr\u00f6\u00dfe oder Dauer, jede Personenzahl oder Gr\u00f6\u00dfe der Location, egal ob in Innenr\u00e4umen oder im Freien, mit oder ohne B\u00fchne. Die Jazzband Cordology ist f\u00fcr Ihre Firmenveranstaltungen in <strong>musikalischer Mission<\/strong> im <strong>Elsass<\/strong> unterwegs, bietet seine Dienste jedoch auch <strong>frankreichweit<\/strong> an sowie in <strong>Deutschland<\/strong>, der <strong>Schweiz<\/strong> und in <strong>Luxemburg<\/strong>.<\/p>\n\n\n\n<p>Die Gespr\u00e4che Ihrer G\u00e4ste d\u00fcrfen nicht durch die Musik gest\u00f6rt werden, wie das leider oft der Fall ist: Die Band schafft eine Klangkulisse, die diskret, weich und voll W\u00e4rme ist; so <strong>k\u00f6nnen sich die G\u00e4ste ungest\u00f6rt miteinander unterhalten<\/strong>, ohne sich durch die Lautst\u00e4rke bel\u00e4stigt zu f\u00fchlen. Wir tun unser Bestes, um ein klangliches Wohlf\u00fchlambiente f\u00fcr unsere Kundinnen und Kunden zu schaffen. Das ist ein zentraler Aspekt unseres Berufes und unumg\u00e4nglich f\u00fcr das Gelingen Ihres Festes.<\/p>\n\n\n\n<div class=\"wp-block-buttons is-content-justification-center is-layout-flex wp-block-buttons-is-layout-flex\">\n<div class=\"wp-block-button\"><a class=\"wp-block-button__link\" href=\"https:\/\/www.jazz-premium-events.com\/de\/packages\/\" title=\"Jazz &#xE0; la carte &#x2013; Unsere Packages\">Erfahren Sie mehr \u00fcber unsere Packages!<\/a><\/div>\n<\/div>\n<\/div>\n\n\n\n<div class=\"wp-block-column is-vertically-aligned-center is-layout-flow wp-block-column-is-layout-flow\">\n<figure class=\"wp-block-image size-large\"><img decoding=\"async\" loading=\"lazy\" width=\"1170\" height=\"781\" src=\"https:\/\/www.jazz-premium-events.com\/wp-content\/uploads\/2020\/06\/Fete-120-ans-Chambre-des-Metiers-dAlsace-RC-Events-Photo-Studio-F40-Francis-Streicher.jpg\" alt=\"120-Jahr-Feier der Handwerkskammer des Elsass\" class=\"wp-image-660\" srcset=\"https:\/\/www.jazz-premium-events.com\/wp-content\/uploads\/2020\/06\/Fete-120-ans-Chambre-des-Metiers-dAlsace-RC-Events-Photo-Studio-F40-Francis-Streicher.jpg 1170w, https:\/\/www.jazz-premium-events.com\/wp-content\/uploads\/2020\/06\/Fete-120-ans-Chambre-des-Metiers-dAlsace-RC-Events-Photo-Studio-F40-Francis-Streicher-960x641.jpg 960w, https:\/\/www.jazz-premium-events.com\/wp-content\/uploads\/2020\/06\/Fete-120-ans-Chambre-des-Metiers-dAlsace-RC-Events-Photo-Studio-F40-Francis-Streicher-569x379.jpg 569w, https:\/\/www.jazz-premium-events.com\/wp-content\/uploads\/2020\/06\/Fete-120-ans-Chambre-des-Metiers-dAlsace-RC-Events-Photo-Studio-F40-Francis-Streicher-768x513.jpg 768w, https:\/\/www.jazz-premium-events.com\/wp-content\/uploads\/2020\/06\/Fete-120-ans-Chambre-des-Metiers-dAlsace-RC-Events-Photo-Studio-F40-Francis-Streicher-600x400.jpg 600w\" sizes=\"(max-width: 1170px) 100vw, 1170px\" \/><\/figure><\/div>\n<\/div>\n\n<div style=\"height:60px\" aria-hidden=\"true\" class=\"wp-block-spacer\"><\/div>\n\n<div style=\"padding-top:1%\" class=\"wp-block-genesis-blocks-gb-container blocGris fullWidth gb-block-container\"><div class=\"gb-container-inside\"><div class=\"gb-container-content\" style=\"max-width:1170px\">\n<h2 class=\"wp-block-heading\">Eine Abendveranstaltung, ein Seminar oder ein Empfang \u2013 die Musiker bauen ganz m\u00fchelos und unauff\u00e4llig auf.<\/h2>\n\n\n\n<p>Das Jazzensemble Cordology schwingt mit dem <strong>Firmenevent<\/strong> mit, setzt es musikalisch ins rechte Licht und erzeugt zu jedem Zeitpunkt des Festes eine Atmosph\u00e4re, die ganz dem Stil der Veranstaltung entspricht.<\/p>\n\n\n\n<p>Das Ensemble agiert vorausschauend und mit Leichtigkeit und Feingef\u00fchl. Sie m\u00fcssen sich um keine praktischen Details k\u00fcmmern, <strong>wir k\u00fcmmern uns um alles<\/strong>.&#13;\n&#13;\nWas den administrativen Teil betrifft, <strong>bleibt Ihnen die Abwicklung von Formalit\u00e4ten erspart<\/strong> \u2013 nat\u00fcrlich abgesehen von der Best\u00e4tigung des Angebots und der Bezahlung der Rechnungen.<\/p>\n\n\n\n<p>Sie brauchen nichts weiter zu tun, als uns den Platz zu zeigen, wo wir die Instrumente aufbauen k\u00f6nnen und folgende Punkte zu gew\u00e4hrleisten:<\/p>\n\n\n\n<ul class=\"noSpace\"><li>Sessel ohne Armlehnen<\/li><li>Einen Platz von etwa 8 m\u00b2 (Schatten f\u00fcr die Musiker, wenn die Veranstaltung im Freien stattfindet)<\/li><li>Stromanschluss<\/li><\/ul>\n\n\n<p>Es reicht, wenn diese Elemente bei unserem Eintreffen vorbereitet sind und zur Verf\u00fcgung stehen, und wir k\u00fcmmern uns um den Rest.<\/p>\n\n\n\n<ul class=\"noSpace\"><li>Wir finden den Platz leicht selbst, an dem die Band stehen soll, und wir k\u00f6nnen den Aufbau ganz dezent und flexibel erledigen.<\/li><li>W\u00e4hrend des Aufbaus werden Ton und Lautst\u00e4rke sehr fein geregelt, damit die Musik sich harmonisch in die Umgebung einf\u00fcgt und die Klangfarbe optimal und angenehm ist.<\/li><li>Wir stimmen die Instrumente und w\u00e4rmen uns musikalisch auf, damit wir perfekt eingestimmt sind und die ersten Noten bei Eintreffen der G\u00e4ste ganz beschwingt erklingen k\u00f6nnen!<\/li><\/ul>\n\n\n<div style=\"height:20px\" aria-hidden=\"true\" class=\"wp-block-spacer\"><\/div>\n\n\n\n<p class=\"has-text-align-center big\"><a title=\"Sprechen wir gemeinsam &#xFC;ber Ihr Projekt\" href=\"https:\/\/www.jazz-premium-events.com\/de\/kontakt\/\">Sprechen wir gemeinsam<\/a> \u00fcber Ihr Projekt! Wir k\u00fcmmern uns zeitnah und stets mit Freude um Ihr Anliegen.<\/p>\n\n\n\n<div class=\"wp-block-buttons is-content-justification-center is-layout-flex wp-block-buttons-is-layout-flex\">\n<div class=\"wp-block-button\"><a class=\"wp-block-button__link\" href=\"https:\/\/www.jazz-premium-events.com\/de\/kontakt\/\" title=\"Kontaktieren Sie das Jazzensemble Cordology\">Kontaktieren Sie uns<\/a><\/div>\n<\/div>\n<\/div><\/div><\/div>\n","protected":false},"excerpt":{"rendered":"<p>Ein Jazzensemble f\u00fcr die musikalische Umrahmung Ihrer Abendveranstaltung, Ihres Seminars und Empfangs: der musikalische Touch \u2013 das gewisse Etwas f\u00fcr Ihr Event Es gibt unz\u00e4hlige Anl\u00e4sse, bei denen ein Jazzensemble das perfekte Ambiente schafft, um &#8230;<\/p>\n","protected":false},"author":1,"featured_media":622,"parent":903,"menu_order":0,"comment_status":"closed","ping_status":"closed","template":"","meta":{"footnotes":""},"acf":[],"yoast_head":"<!-- This site is optimized with the Yoast SEO plugin v21.3 - https:\/\/yoast.com\/wordpress\/plugins\/seo\/ -->\n<title>Jazzensemble f\u00fcr Abendveranstaltungen in Firmen, Seminare, Empf\u00e4nge im Elsass<\/title>\n<meta name=\"description\" content=\"Das Jazzensemble Cordology ist f\u00fcr Ihre Firmenveranstaltungen in musikalischer Mission unterwegs: im Elsass und in ganz Frankreich, in Deutschland, der Schweiz und in Luxemburg.\" \/>\n<meta name=\"robots\" content=\"index, follow, max-snippet:-1, max-image-preview:large, max-video-preview:-1\" \/>\n<link rel=\"canonical\" href=\"https:\/\/www.jazz-premium-events.com\/de\/musikalisches-angebot\/seminar-und-firmenveranstaltung\/\" \/>\n<meta property=\"og:locale\" content=\"de_DE\" \/>\n<meta property=\"og:type\" content=\"article\" \/>\n<meta property=\"og:title\" content=\"Jazzensemble f\u00fcr Abendveranstaltungen in Firmen, Seminare, Empf\u00e4nge im Elsass\" \/>\n<meta property=\"og:description\" content=\"Das Jazzensemble Cordology ist f\u00fcr Ihre Firmenveranstaltungen in musikalischer Mission unterwegs: im Elsass und in ganz Frankreich, in Deutschland, der Schweiz und in Luxemburg.\" \/>\n<meta property=\"og:url\" content=\"https:\/\/www.jazz-premium-events.com\/de\/musikalisches-angebot\/seminar-und-firmenveranstaltung\/\" \/>\n<meta property=\"og:site_name\" content=\"Cordology\" \/>\n<meta property=\"article:modified_time\" content=\"2021-06-21T09:30:28+00:00\" \/>\n<meta property=\"og:image\" content=\"https:\/\/www.jazz-premium-events.com\/wp-content\/uploads\/2020\/06\/banner-prestations.jpg\" \/>\n\t<meta property=\"og:image:width\" content=\"1920\" \/>\n\t<meta property=\"og:image:height\" content=\"505\" \/>\n\t<meta property=\"og:image:type\" content=\"image\/jpeg\" \/>\n<meta name=\"twitter:card\" content=\"summary_large_image\" \/>\n<meta name=\"twitter:label1\" content=\"Gesch\u00e4tzte Lesezeit\" \/>\n\t<meta name=\"twitter:data1\" content=\"3\u00a0Minuten\" \/>\n<script type=\"application\/ld+json\" class=\"yoast-schema-graph\">{\"@context\":\"https:\/\/schema.org\",\"@graph\":[{\"@type\":\"WebPage\",\"@id\":\"https:\/\/www.jazz-premium-events.com\/de\/musikalisches-angebot\/seminar-und-firmenveranstaltung\/\",\"url\":\"https:\/\/www.jazz-premium-events.com\/de\/musikalisches-angebot\/seminar-und-firmenveranstaltung\/\",\"name\":\"Jazzensemble f\u00fcr Abendveranstaltungen in Firmen, Seminare, Empf\u00e4nge im Elsass\",\"isPartOf\":{\"@id\":\"https:\/\/www.jazz-premium-events.com\/de\/#website\"},\"datePublished\":\"2021-05-20T08:02:26+00:00\",\"dateModified\":\"2021-06-21T09:30:28+00:00\",\"description\":\"Das Jazzensemble Cordology ist f\u00fcr Ihre Firmenveranstaltungen in musikalischer Mission unterwegs: im Elsass und in ganz Frankreich, in Deutschland, der Schweiz und in Luxemburg.\",\"breadcrumb\":{\"@id\":\"https:\/\/www.jazz-premium-events.com\/de\/musikalisches-angebot\/seminar-und-firmenveranstaltung\/#breadcrumb\"},\"inLanguage\":\"de\",\"potentialAction\":[{\"@type\":\"ReadAction\",\"target\":[\"https:\/\/www.jazz-premium-events.com\/de\/musikalisches-angebot\/seminar-und-firmenveranstaltung\/\"]}]},{\"@type\":\"BreadcrumbList\",\"@id\":\"https:\/\/www.jazz-premium-events.com\/de\/musikalisches-angebot\/seminar-und-firmenveranstaltung\/#breadcrumb\",\"itemListElement\":[{\"@type\":\"ListItem\",\"position\":1,\"name\":\"Accueil\",\"item\":\"https:\/\/www.jazz-premium-events.com\/de\/\"},{\"@type\":\"ListItem\",\"position\":2,\"name\":\"Musikalisches Angebot\",\"item\":\"https:\/\/www.jazz-premium-events.com\/de\/musikalisches-angebot\/\"},{\"@type\":\"ListItem\",\"position\":3,\"name\":\"Seminare und Firmenveranstaltungen\"}]},{\"@type\":\"WebSite\",\"@id\":\"https:\/\/www.jazz-premium-events.com\/de\/#website\",\"url\":\"https:\/\/www.jazz-premium-events.com\/de\/\",\"name\":\"Cordology\",\"description\":\"Trio jazz \u00e0 cordes\",\"publisher\":{\"@id\":\"https:\/\/www.jazz-premium-events.com\/de\/#organization\"},\"potentialAction\":[{\"@type\":\"SearchAction\",\"target\":{\"@type\":\"EntryPoint\",\"urlTemplate\":\"https:\/\/www.jazz-premium-events.com\/de\/?s={search_term_string}\"},\"query-input\":\"required name=search_term_string\"}],\"inLanguage\":\"de\"},{\"@type\":\"Organization\",\"@id\":\"https:\/\/www.jazz-premium-events.com\/de\/#organization\",\"name\":\"Cordology\",\"url\":\"https:\/\/www.jazz-premium-events.com\/de\/\",\"logo\":{\"@type\":\"ImageObject\",\"inLanguage\":\"de\",\"@id\":\"https:\/\/www.jazz-premium-events.com\/de\/#\/schema\/logo\/image\/\",\"url\":\"https:\/\/www.jazz-premium-events.com\/wp-content\/uploads\/2020\/06\/logo-cordology.png\",\"contentUrl\":\"https:\/\/www.jazz-premium-events.com\/wp-content\/uploads\/2020\/06\/logo-cordology.png\",\"width\":234,\"height\":208,\"caption\":\"Cordology\"},\"image\":{\"@id\":\"https:\/\/www.jazz-premium-events.com\/de\/#\/schema\/logo\/image\/\"}}]}<\/script>\n<!-- \/ Yoast SEO plugin. -->","yoast_head_json":{"title":"Jazzensemble f\u00fcr Abendveranstaltungen in Firmen, Seminare, Empf\u00e4nge im Elsass","description":"Das Jazzensemble Cordology ist f\u00fcr Ihre Firmenveranstaltungen in musikalischer Mission unterwegs: im Elsass und in ganz Frankreich, in Deutschland, der Schweiz und in Luxemburg.","robots":{"index":"index","follow":"follow","max-snippet":"max-snippet:-1","max-image-preview":"max-image-preview:large","max-video-preview":"max-video-preview:-1"},"canonical":"https:\/\/www.jazz-premium-events.com\/de\/musikalisches-angebot\/seminar-und-firmenveranstaltung\/","og_locale":"de_DE","og_type":"article","og_title":"Jazzensemble f\u00fcr Abendveranstaltungen in Firmen, Seminare, Empf\u00e4nge im Elsass","og_description":"Das Jazzensemble Cordology ist f\u00fcr Ihre Firmenveranstaltungen in musikalischer Mission unterwegs: im Elsass und in ganz Frankreich, in Deutschland, der Schweiz und in Luxemburg.","og_url":"https:\/\/www.jazz-premium-events.com\/de\/musikalisches-angebot\/seminar-und-firmenveranstaltung\/","og_site_name":"Cordology","article_modified_time":"2021-06-21T09:30:28+00:00","og_image":[{"width":1920,"height":505,"url":"https:\/\/www.jazz-premium-events.com\/wp-content\/uploads\/2020\/06\/banner-prestations.jpg","type":"image\/jpeg"}],"twitter_card":"summary_large_image","twitter_misc":{"Gesch\u00e4tzte Lesezeit":"3\u00a0Minuten"},"schema":{"@context":"https:\/\/schema.org","@graph":[{"@type":"WebPage","@id":"https:\/\/www.jazz-premium-events.com\/de\/musikalisches-angebot\/seminar-und-firmenveranstaltung\/","url":"https:\/\/www.jazz-premium-events.com\/de\/musikalisches-angebot\/seminar-und-firmenveranstaltung\/","name":"Jazzensemble f\u00fcr Abendveranstaltungen in Firmen, Seminare, Empf\u00e4nge im Elsass","isPartOf":{"@id":"https:\/\/www.jazz-premium-events.com\/de\/#website"},"datePublished":"2021-05-20T08:02:26+00:00","dateModified":"2021-06-21T09:30:28+00:00","description":"Das Jazzensemble Cordology ist f\u00fcr Ihre Firmenveranstaltungen in musikalischer Mission unterwegs: im Elsass und in ganz Frankreich, in Deutschland, der Schweiz und in Luxemburg.","breadcrumb":{"@id":"https:\/\/www.jazz-premium-events.com\/de\/musikalisches-angebot\/seminar-und-firmenveranstaltung\/#breadcrumb"},"inLanguage":"de","potentialAction":[{"@type":"ReadAction","target":["https:\/\/www.jazz-premium-events.com\/de\/musikalisches-angebot\/seminar-und-firmenveranstaltung\/"]}]},{"@type":"BreadcrumbList","@id":"https:\/\/www.jazz-premium-events.com\/de\/musikalisches-angebot\/seminar-und-firmenveranstaltung\/#breadcrumb","itemListElement":[{"@type":"ListItem","position":1,"name":"Accueil","item":"https:\/\/www.jazz-premium-events.com\/de\/"},{"@type":"ListItem","position":2,"name":"Musikalisches Angebot","item":"https:\/\/www.jazz-premium-events.com\/de\/musikalisches-angebot\/"},{"@type":"ListItem","position":3,"name":"Seminare und Firmenveranstaltungen"}]},{"@type":"WebSite","@id":"https:\/\/www.jazz-premium-events.com\/de\/#website","url":"https:\/\/www.jazz-premium-events.com\/de\/","name":"Cordology","description":"Trio jazz \u00e0 cordes","publisher":{"@id":"https:\/\/www.jazz-premium-events.com\/de\/#organization"},"potentialAction":[{"@type":"SearchAction","target":{"@type":"EntryPoint","urlTemplate":"https:\/\/www.jazz-premium-events.com\/de\/?s={search_term_string}"},"query-input":"required name=search_term_string"}],"inLanguage":"de"},{"@type":"Organization","@id":"https:\/\/www.jazz-premium-events.com\/de\/#organization","name":"Cordology","url":"https:\/\/www.jazz-premium-events.com\/de\/","logo":{"@type":"ImageObject","inLanguage":"de","@id":"https:\/\/www.jazz-premium-events.com\/de\/#\/schema\/logo\/image\/","url":"https:\/\/www.jazz-premium-events.com\/wp-content\/uploads\/2020\/06\/logo-cordology.png","contentUrl":"https:\/\/www.jazz-premium-events.com\/wp-content\/uploads\/2020\/06\/logo-cordology.png","width":234,"height":208,"caption":"Cordology"},"image":{"@id":"https:\/\/www.jazz-premium-events.com\/de\/#\/schema\/logo\/image\/"}}]}},"featured_image_src":"https:\/\/www.jazz-premium-events.com\/wp-content\/uploads\/2020\/06\/banner-prestations.jpg","featured_image_src_square":"https:\/\/www.jazz-premium-events.com\/wp-content\/uploads\/2020\/06\/banner-prestations.jpg","_links":{"self":[{"href":"https:\/\/www.jazz-premium-events.com\/de\/wp-json\/wp\/v2\/pages\/913"}],"collection":[{"href":"https:\/\/www.jazz-premium-events.com\/de\/wp-json\/wp\/v2\/pages"}],"about":[{"href":"https:\/\/www.jazz-premium-events.com\/de\/wp-json\/wp\/v2\/types\/page"}],"author":[{"embeddable":true,"href":"https:\/\/www.jazz-premium-events.com\/de\/wp-json\/wp\/v2\/users\/1"}],"replies":[{"embeddable":true,"href":"https:\/\/www.jazz-premium-events.com\/de\/wp-json\/wp\/v2\/comments?post=913"}],"version-history":[{"count":7,"href":"https:\/\/www.jazz-premium-events.com\/de\/wp-json\/wp\/v2\/pages\/913\/revisions"}],"predecessor-version":[{"id":1175,"href":"https:\/\/www.jazz-premium-events.com\/de\/wp-json\/wp\/v2\/pages\/913\/revisions\/1175"}],"up":[{"embeddable":true,"href":"https:\/\/www.jazz-premium-events.com\/de\/wp-json\/wp\/v2\/pages\/903"}],"wp:featuredmedia":[{"embeddable":true,"href":"https:\/\/www.jazz-premium-events.com\/de\/wp-json\/wp\/v2\/media\/622"}],"wp:attachment":[{"href":"https:\/\/www.jazz-premium-events.com\/de\/wp-json\/wp\/v2\/media?parent=913"}],"curies":[{"name":"wp","href":"https:\/\/api.w.org\/{rel}","templated":true}]}}