{"id":911,"date":"2021-05-20T09:53:51","date_gmt":"2021-05-20T07:53:51","guid":{"rendered":"https:\/\/www.jazz-premium-events.com\/musikalisches-angebot\/trauungszeremonie\/"},"modified":"2021-06-21T11:28:32","modified_gmt":"2021-06-21T09:28:32","slug":"trauungszeremonie","status":"publish","type":"page","link":"https:\/\/www.jazz-premium-events.com\/de\/musikalisches-angebot\/trauungszeremonie\/","title":{"rendered":"Zeremonien f\u00fcr weltliche oder religi\u00f6se Trauungen"},"content":{"rendered":"\n<h1 class=\"wp-block-heading\">Ensemble f\u00fcr Ihre weltliche oder religi\u00f6se Trauungszeremonie: Eine Musik, die das widerspiegelt, was Sie im Moment Ihrer Verm\u00e4hlung f\u00fchlen<\/h1>\n\n<p class=\"has-text-align-center\">Sie planen eine <strong>Trauungszeremonie<\/strong>, um Ihre Verbindung vor den Menschen, die Sie lieben, zu besiegeln?&#13;\nDieser <strong>feierliche und bewegende Moment<\/strong> wird von <a title=\"Die Musiker des Ensembles Cordology\" href=\"https:\/\/www.jazz-premium-events.com\/de\/musiker\/\">unseren Musikern<\/a> stilvoll mit klassischer Musik (Schubert, Mozart\u00a0\u2026) oder mit Barockmusik (Bach, Vivaldi\u00a0\u2026) umrahmt.<\/p>\n\n<p class=\"has-text-align-center\">Ein <strong>Duo aus Gitarre und Violine<\/strong> oder <strong>Violine und Kirchenorgel<\/strong>: Wir organisieren mit den zuk\u00fcnftigen Eheleuten genau das, wovon sie f\u00fcr ihre Zeremonie tr\u00e4umen.&#13;\n&#13;\nWir stellen gemeinsam mit Ihnen jene Instrumentalmusik zusammen, die Ihnen entspricht.<\/p>\n\n<p class=\"has-text-align-center\">Das Ensemble Cordology ist im <strong>Elsass<\/strong>, aber auch im <strong>Rest Frankreichs<\/strong> in <strong>Deutschland<\/strong>, der <strong>Schweiz<\/strong> und in <strong>Luxemburg<\/strong> unterwegs, um die musikalische Umrahmung f\u00fcr Ihre weltliche oder religi\u00f6se Trauungszeremonie bereitzustellen.<\/p>\n\n<div style=\"height:30px\" aria-hidden=\"true\" class=\"wp-block-spacer\"><\/div>\n\n<h2 class=\"wp-block-heading\">Ein Duo aus Kirchenorgel und Violine f\u00fcr eine bewegende musikalische Begleitung Ihrer Zeremonie<\/h2>\n\n<div class=\"wp-block-columns are-vertically-aligned-center is-layout-flex wp-container-4 wp-block-columns-is-layout-flex\">\n<div class=\"wp-block-column is-vertically-aligned-center is-layout-flow wp-block-column-is-layout-flow\">\n<p>Bei der <strong>religi\u00f6sen Trauungszeremonie<\/strong> kann der <strong>hauptamtliche Organist der Kirche<\/strong> <strong>als Duo mit dem Violinisten<\/strong> auftreten. Diese Variante des Duos ist ideal in der Kirche, wo sich die Violine besonders stimmungsvoll mit der Orgel verbindet. Lassen Sie <a title=\"Lassen Sie H&#xF6;rbeispiele einer Zeremonie in der Kirche Saint-Georges in S&#xE9;lestat auf sich wirken\" href=\"https:\/\/www.jazz-premium-events.com\/de\/musik\/\">H\u00f6rbeispiele<\/a> der Liveaufzeichnung einer Trauungszeremonie in der Kirche Saint-Georges in S\u00e9lestat auf sich wirken.&#13;\nIm Rahmen des M\u00f6glichen k\u00f6nnen wir durchaus auch andere Formationen in Erw\u00e4gung ziehen.<\/p>\n\n\n\n<p><strong>Cordology<\/strong> hatte beispielsweise schon die Gelegenheit, in Form eines tempor\u00e4ren Ensembles gemeinsam <strong>mit Freunden der Brautleute zu musizieren<\/strong>, und die versammelte Gesellschaft war tief bewegt. Auf diese Weise verbinden sich die Professionalit\u00e4t der Musiker und ein hoher k\u00fcnstlerischer Anspruch mit Geselligkeit und <strong>sch\u00f6nen \u00dcberraschungen f\u00fcr die Brautleute<\/strong> und jene Menschen, die ihnen nahestehen.<\/p>\n\n\n\n<p>Nat\u00fcrlich gilt dies genauso f\u00fcr <strong>weltliche Zeremonien<\/strong>, in Innenr\u00e4umen oder im Freien.<\/p>\n\n\n\n<div class=\"wp-block-buttons is-content-justification-center is-layout-flex wp-block-buttons-is-layout-flex\">\n<div class=\"wp-block-button\"><a class=\"wp-block-button__link\" href=\"https:\/\/www.jazz-premium-events.com\/de\/packages\/#ceremonies\" title=\"N&#xE4;here Informationen zu unseren Packages f&#xFC;r Trauungszeremonien\">Erfahren Sie mehr \u00fcber unsere Packages!<\/a><\/div>\n<\/div>\n<\/div>\n\n\n\n<div class=\"wp-block-column is-vertically-aligned-center is-layout-flow wp-block-column-is-layout-flow\">\n<figure class=\"wp-block-image size-large\"><img decoding=\"async\" loading=\"lazy\" width=\"569\" height=\"379\" src=\"https:\/\/www.jazz-premium-events.com\/wp-content\/uploads\/2021\/02\/ceremonies-mariage.jpg\" alt=\"Musikalische Gestaltung von Trauungszeremonien\" class=\"wp-image-734\"\/><\/figure><\/div>\n<\/div>\n\n<h2 class=\"wp-block-heading\">Planung von langer Hand f\u00fcr eine unvergessliche Trauungszeremonie<\/h2>\n\n<div class=\"wp-block-columns is-layout-flex wp-container-7 wp-block-columns-is-layout-flex\">\n<div class=\"wp-block-column is-vertically-aligned-center is-layout-flow wp-block-column-is-layout-flow\">\n<figure class=\"wp-block-image size-large\"><img decoding=\"async\" loading=\"lazy\" width=\"569\" height=\"379\" src=\"https:\/\/www.jazz-premium-events.com\/wp-content\/uploads\/2021\/02\/preparation-animation-musicale.jpg\" alt=\"Vorbereitung einer musikalischen Untermalung f&#xFC;r eine Trauungszeremonie\" class=\"wp-image-736\"\/><\/figure><\/div>\n\n\n\n<div class=\"wp-block-column is-vertically-aligned-center is-layout-flow wp-block-column-is-layout-flow\">\n<p>Auch wenn es bei Trauungszeremonien generell nur wenige <strong>musikalische Einlagen<\/strong> gibt (ein, zwei oder drei St\u00fccke bei Schl\u00fcsselmomenten, die sie selbst bestimmen), sollten diese <strong>mit Bedacht gew\u00e4hlt und entsprechend eingeplant<\/strong> werden.&#13;\nDiese Vorbereitung beginnt <strong>mehrere Monate vor dem gro\u00dfen Tag<\/strong>, sobald das Datum der Zeremonie feststeht. Wir halten uns daf\u00fcr zu Ihrer Verf\u00fcgung. Besprechungen in Form von physischen Treffen, per Telefon oder per Videokonferenz (WhatsApp, Facebook Messenger oder Skype) sind notwendig und sollten so oft als m\u00f6glich stattfinden, um ein <strong>harmonisches Zusammenspiel aller Akteure<\/strong> sicherzustellen.<\/p>\n\n\n\n<p>Eine gute Organisation ist umso wichtiger, wenn St\u00fccke gespielt werden sollen, die nicht allen Beteiligten vertraut sind. Das erfordert dann sorgf\u00e4ltige musikalische Abstimmungsarbeit (mit Aufpreis).<\/p>\n<\/div>\n<\/div>\n\n<div style=\"height:60px\" aria-hidden=\"true\" class=\"wp-block-spacer\"><\/div>\n\n<div style=\"padding-top:1%\" class=\"wp-block-genesis-blocks-gb-container blocGris fullWidth gb-block-container\"><div class=\"gb-container-inside\"><div class=\"gb-container-content\" style=\"max-width:1170px\">\n<h2 class=\"wp-block-heading\">Das sollten Sie wissen, bevor Sie unser Ensemble f\u00fcr die musikalische Umrahmung Ihrer weltlichen oder religi\u00f6sen Trauungszeremonie engagieren<\/h2>\n\n\n\n<div class=\"wp-block-columns is-layout-flex wp-container-10 wp-block-columns-is-layout-flex\">\n<div class=\"wp-block-column is-layout-flow wp-block-column-is-layout-flow\">\n<h3 class=\"wp-block-heading\">Was ist bei den Vorbereitungen f\u00fcr die musikalische Umrahmung der Zeremonie zu bedenken?<\/h3>\n\n\n\n<p>Die Organisation beinhaltet folgende Aspekte:<\/p>\n\n\n\n<ul><li><strong>Auswahl von Instrumenten und Musikern:<\/strong> Kirchenorganist, Violinist oder Gitarrist von Cordology, vom Brautpaar vorgeschlagene Musiker<\/li><li><strong>Anzahl von Musikst\u00fccken<\/strong><\/li><li><strong>Auswahl und Stil der St\u00fccke<\/strong>: klassisch oder barock, franz\u00f6sisches Chanson, religi\u00f6ses Thema (Gospel, African-American Spiritual, christlicher Gesang), Romanze, Ballade\u00a0\u2026<\/li><li><strong>Zeitpunkt f\u00fcr die St\u00fccke<\/strong>: Einzug der Brautleute? Ehekonsenserkl\u00e4rung? Segnung und \u00dcbergabe der Ringe? Eintrag in das Ehebuch?<\/li><\/ul><\/div>\n\n\n\n<div class=\"wp-block-column is-layout-flow wp-block-column-is-layout-flow\">\n<h3 class=\"wp-block-heading\">Musikalische Umrahmung genau nach Ihren W\u00fcnschen, die sich dezent in die Zeremonie einf\u00fcgt<\/h3>\n\n\n\n<p>Die Vorbereitung und Organisation liegen in den H\u00e4nden der unterschiedlichen Akteure, die in die Planung Ihrer Zeremonie eingebunden sind: Musiker, Hochzeitsplaner sowie der Zelebrant der religi\u00f6sen oder weltlichen Trauung. Die Brautleute und deren Familien haben den \u00dcberblick \u00fcber alles und k\u00fcmmern sich um die Koordination. Sie k\u00f6nnen auf uns z\u00e4hlen: Wir bringen gerne unsere Ideen ein, unterst\u00fctzen Sie bei Entscheidungen und f\u00fcgen uns letztendlich in den Ablauf Ihrer Zeremonie ein. In der Vorbereitungsphase sind wir bei der Organisation behilflich, begleiten Sie unterst\u00fctzend, geben Ihnen Sicherheit, damit Ihnen alles einfach und leicht erscheint und Sie beruhigt und gelassen Ihrem gro\u00dfen Tag entgegenblicken k\u00f6nnen!<\/p>\n<\/div>\n<\/div>\n\n\n\n<p class=\"has-text-align-center big\"><a title=\"Sprechen wir gemeinsam &#xFC;ber Ihr Projekt\" href=\"https:\/\/www.jazz-premium-events.com\/de\/kontakt\/\">Sprechen wir gemeinsam<\/a> \u00fcber Ihr Projekt! Wir k\u00fcmmern uns zeitnah und stets mit Freude um Ihr Anliegen.<\/p>\n\n\n\n<div class=\"wp-block-buttons is-content-justification-center is-layout-flex wp-block-buttons-is-layout-flex\">\n<div class=\"wp-block-button\"><a class=\"wp-block-button__link\" href=\"https:\/\/www.jazz-premium-events.com\/de\/kontakt\/\" title=\"Kontaktieren Sie das Ensemble Cordology\">Kontaktieren Sie uns<\/a><\/div>\n<\/div>\n<\/div><\/div><\/div>\n","protected":false},"excerpt":{"rendered":"<p>Ensemble f\u00fcr Ihre weltliche oder religi\u00f6se Trauungszeremonie: Eine Musik, die das widerspiegelt, was Sie im Moment Ihrer Verm\u00e4hlung f\u00fchlen Sie planen eine Trauungszeremonie, um Ihre Verbindung vor den Menschen, die Sie lieben, zu besiegeln?&#13; Dieser &#8230;<\/p>\n","protected":false},"author":1,"featured_media":622,"parent":903,"menu_order":0,"comment_status":"closed","ping_status":"closed","template":"","meta":{"footnotes":""},"acf":[],"yoast_head":"<!-- This site is optimized with the Yoast SEO plugin v21.3 - https:\/\/yoast.com\/wordpress\/plugins\/seo\/ -->\n<title>Ensemble f\u00fcr die musikalische Umrahmung bei weltlichen oder religi\u00f6sen Trauungszeremonien im Elsass<\/title>\n<meta name=\"description\" content=\"Das Ensemble Cordology sorgt f\u00fcr einen musikalisch stimmungsvollen Rahmen bei weltlichen oder religi\u00f6sen Trauungszeremonien: im Elsass und in Frankreich, in Deutschland, der Schweiz und in Luxemburg.\" \/>\n<meta name=\"robots\" content=\"index, follow, max-snippet:-1, max-image-preview:large, max-video-preview:-1\" \/>\n<link rel=\"canonical\" href=\"https:\/\/www.jazz-premium-events.com\/de\/musikalisches-angebot\/trauungszeremonie\/\" \/>\n<meta property=\"og:locale\" content=\"de_DE\" \/>\n<meta property=\"og:type\" content=\"article\" \/>\n<meta property=\"og:title\" content=\"Ensemble f\u00fcr die musikalische Umrahmung bei weltlichen oder religi\u00f6sen Trauungszeremonien im Elsass\" \/>\n<meta property=\"og:description\" content=\"Das Ensemble Cordology sorgt f\u00fcr einen musikalisch stimmungsvollen Rahmen bei weltlichen oder religi\u00f6sen Trauungszeremonien: im Elsass und in Frankreich, in Deutschland, der Schweiz und in Luxemburg.\" \/>\n<meta property=\"og:url\" content=\"https:\/\/www.jazz-premium-events.com\/de\/musikalisches-angebot\/trauungszeremonie\/\" \/>\n<meta property=\"og:site_name\" content=\"Cordology\" \/>\n<meta property=\"article:modified_time\" content=\"2021-06-21T09:28:32+00:00\" \/>\n<meta property=\"og:image\" content=\"https:\/\/www.jazz-premium-events.com\/wp-content\/uploads\/2020\/06\/banner-prestations.jpg\" \/>\n\t<meta property=\"og:image:width\" content=\"1920\" \/>\n\t<meta property=\"og:image:height\" content=\"505\" \/>\n\t<meta property=\"og:image:type\" content=\"image\/jpeg\" \/>\n<meta name=\"twitter:card\" content=\"summary_large_image\" \/>\n<meta name=\"twitter:label1\" content=\"Gesch\u00e4tzte Lesezeit\" \/>\n\t<meta name=\"twitter:data1\" content=\"3\u00a0Minuten\" \/>\n<script type=\"application\/ld+json\" class=\"yoast-schema-graph\">{\"@context\":\"https:\/\/schema.org\",\"@graph\":[{\"@type\":\"WebPage\",\"@id\":\"https:\/\/www.jazz-premium-events.com\/de\/musikalisches-angebot\/trauungszeremonie\/\",\"url\":\"https:\/\/www.jazz-premium-events.com\/de\/musikalisches-angebot\/trauungszeremonie\/\",\"name\":\"Ensemble f\u00fcr die musikalische Umrahmung bei weltlichen oder religi\u00f6sen Trauungszeremonien im Elsass\",\"isPartOf\":{\"@id\":\"https:\/\/www.jazz-premium-events.com\/de\/#website\"},\"datePublished\":\"2021-05-20T07:53:51+00:00\",\"dateModified\":\"2021-06-21T09:28:32+00:00\",\"description\":\"Das Ensemble Cordology sorgt f\u00fcr einen musikalisch stimmungsvollen Rahmen bei weltlichen oder religi\u00f6sen Trauungszeremonien: im Elsass und in Frankreich, in Deutschland, der Schweiz und in Luxemburg.\",\"breadcrumb\":{\"@id\":\"https:\/\/www.jazz-premium-events.com\/de\/musikalisches-angebot\/trauungszeremonie\/#breadcrumb\"},\"inLanguage\":\"de\",\"potentialAction\":[{\"@type\":\"ReadAction\",\"target\":[\"https:\/\/www.jazz-premium-events.com\/de\/musikalisches-angebot\/trauungszeremonie\/\"]}]},{\"@type\":\"BreadcrumbList\",\"@id\":\"https:\/\/www.jazz-premium-events.com\/de\/musikalisches-angebot\/trauungszeremonie\/#breadcrumb\",\"itemListElement\":[{\"@type\":\"ListItem\",\"position\":1,\"name\":\"Accueil\",\"item\":\"https:\/\/www.jazz-premium-events.com\/de\/\"},{\"@type\":\"ListItem\",\"position\":2,\"name\":\"Musikalisches Angebot\",\"item\":\"https:\/\/www.jazz-premium-events.com\/de\/musikalisches-angebot\/\"},{\"@type\":\"ListItem\",\"position\":3,\"name\":\"Zeremonien f\u00fcr weltliche oder religi\u00f6se Trauungen\"}]},{\"@type\":\"WebSite\",\"@id\":\"https:\/\/www.jazz-premium-events.com\/de\/#website\",\"url\":\"https:\/\/www.jazz-premium-events.com\/de\/\",\"name\":\"Cordology\",\"description\":\"Trio jazz \u00e0 cordes\",\"publisher\":{\"@id\":\"https:\/\/www.jazz-premium-events.com\/de\/#organization\"},\"potentialAction\":[{\"@type\":\"SearchAction\",\"target\":{\"@type\":\"EntryPoint\",\"urlTemplate\":\"https:\/\/www.jazz-premium-events.com\/de\/?s={search_term_string}\"},\"query-input\":\"required name=search_term_string\"}],\"inLanguage\":\"de\"},{\"@type\":\"Organization\",\"@id\":\"https:\/\/www.jazz-premium-events.com\/de\/#organization\",\"name\":\"Cordology\",\"url\":\"https:\/\/www.jazz-premium-events.com\/de\/\",\"logo\":{\"@type\":\"ImageObject\",\"inLanguage\":\"de\",\"@id\":\"https:\/\/www.jazz-premium-events.com\/de\/#\/schema\/logo\/image\/\",\"url\":\"https:\/\/www.jazz-premium-events.com\/wp-content\/uploads\/2020\/06\/logo-cordology.png\",\"contentUrl\":\"https:\/\/www.jazz-premium-events.com\/wp-content\/uploads\/2020\/06\/logo-cordology.png\",\"width\":234,\"height\":208,\"caption\":\"Cordology\"},\"image\":{\"@id\":\"https:\/\/www.jazz-premium-events.com\/de\/#\/schema\/logo\/image\/\"}}]}<\/script>\n<!-- \/ Yoast SEO plugin. -->","yoast_head_json":{"title":"Ensemble f\u00fcr die musikalische Umrahmung bei weltlichen oder religi\u00f6sen Trauungszeremonien im Elsass","description":"Das Ensemble Cordology sorgt f\u00fcr einen musikalisch stimmungsvollen Rahmen bei weltlichen oder religi\u00f6sen Trauungszeremonien: im Elsass und in Frankreich, in Deutschland, der Schweiz und in Luxemburg.","robots":{"index":"index","follow":"follow","max-snippet":"max-snippet:-1","max-image-preview":"max-image-preview:large","max-video-preview":"max-video-preview:-1"},"canonical":"https:\/\/www.jazz-premium-events.com\/de\/musikalisches-angebot\/trauungszeremonie\/","og_locale":"de_DE","og_type":"article","og_title":"Ensemble f\u00fcr die musikalische Umrahmung bei weltlichen oder religi\u00f6sen Trauungszeremonien im Elsass","og_description":"Das Ensemble Cordology sorgt f\u00fcr einen musikalisch stimmungsvollen Rahmen bei weltlichen oder religi\u00f6sen Trauungszeremonien: im Elsass und in Frankreich, in Deutschland, der Schweiz und in Luxemburg.","og_url":"https:\/\/www.jazz-premium-events.com\/de\/musikalisches-angebot\/trauungszeremonie\/","og_site_name":"Cordology","article_modified_time":"2021-06-21T09:28:32+00:00","og_image":[{"width":1920,"height":505,"url":"https:\/\/www.jazz-premium-events.com\/wp-content\/uploads\/2020\/06\/banner-prestations.jpg","type":"image\/jpeg"}],"twitter_card":"summary_large_image","twitter_misc":{"Gesch\u00e4tzte Lesezeit":"3\u00a0Minuten"},"schema":{"@context":"https:\/\/schema.org","@graph":[{"@type":"WebPage","@id":"https:\/\/www.jazz-premium-events.com\/de\/musikalisches-angebot\/trauungszeremonie\/","url":"https:\/\/www.jazz-premium-events.com\/de\/musikalisches-angebot\/trauungszeremonie\/","name":"Ensemble f\u00fcr die musikalische Umrahmung bei weltlichen oder religi\u00f6sen Trauungszeremonien im Elsass","isPartOf":{"@id":"https:\/\/www.jazz-premium-events.com\/de\/#website"},"datePublished":"2021-05-20T07:53:51+00:00","dateModified":"2021-06-21T09:28:32+00:00","description":"Das Ensemble Cordology sorgt f\u00fcr einen musikalisch stimmungsvollen Rahmen bei weltlichen oder religi\u00f6sen Trauungszeremonien: im Elsass und in Frankreich, in Deutschland, der Schweiz und in Luxemburg.","breadcrumb":{"@id":"https:\/\/www.jazz-premium-events.com\/de\/musikalisches-angebot\/trauungszeremonie\/#breadcrumb"},"inLanguage":"de","potentialAction":[{"@type":"ReadAction","target":["https:\/\/www.jazz-premium-events.com\/de\/musikalisches-angebot\/trauungszeremonie\/"]}]},{"@type":"BreadcrumbList","@id":"https:\/\/www.jazz-premium-events.com\/de\/musikalisches-angebot\/trauungszeremonie\/#breadcrumb","itemListElement":[{"@type":"ListItem","position":1,"name":"Accueil","item":"https:\/\/www.jazz-premium-events.com\/de\/"},{"@type":"ListItem","position":2,"name":"Musikalisches Angebot","item":"https:\/\/www.jazz-premium-events.com\/de\/musikalisches-angebot\/"},{"@type":"ListItem","position":3,"name":"Zeremonien f\u00fcr weltliche oder religi\u00f6se Trauungen"}]},{"@type":"WebSite","@id":"https:\/\/www.jazz-premium-events.com\/de\/#website","url":"https:\/\/www.jazz-premium-events.com\/de\/","name":"Cordology","description":"Trio jazz \u00e0 cordes","publisher":{"@id":"https:\/\/www.jazz-premium-events.com\/de\/#organization"},"potentialAction":[{"@type":"SearchAction","target":{"@type":"EntryPoint","urlTemplate":"https:\/\/www.jazz-premium-events.com\/de\/?s={search_term_string}"},"query-input":"required name=search_term_string"}],"inLanguage":"de"},{"@type":"Organization","@id":"https:\/\/www.jazz-premium-events.com\/de\/#organization","name":"Cordology","url":"https:\/\/www.jazz-premium-events.com\/de\/","logo":{"@type":"ImageObject","inLanguage":"de","@id":"https:\/\/www.jazz-premium-events.com\/de\/#\/schema\/logo\/image\/","url":"https:\/\/www.jazz-premium-events.com\/wp-content\/uploads\/2020\/06\/logo-cordology.png","contentUrl":"https:\/\/www.jazz-premium-events.com\/wp-content\/uploads\/2020\/06\/logo-cordology.png","width":234,"height":208,"caption":"Cordology"},"image":{"@id":"https:\/\/www.jazz-premium-events.com\/de\/#\/schema\/logo\/image\/"}}]}},"featured_image_src":"https:\/\/www.jazz-premium-events.com\/wp-content\/uploads\/2020\/06\/banner-prestations.jpg","featured_image_src_square":"https:\/\/www.jazz-premium-events.com\/wp-content\/uploads\/2020\/06\/banner-prestations.jpg","_links":{"self":[{"href":"https:\/\/www.jazz-premium-events.com\/de\/wp-json\/wp\/v2\/pages\/911"}],"collection":[{"href":"https:\/\/www.jazz-premium-events.com\/de\/wp-json\/wp\/v2\/pages"}],"about":[{"href":"https:\/\/www.jazz-premium-events.com\/de\/wp-json\/wp\/v2\/types\/page"}],"author":[{"embeddable":true,"href":"https:\/\/www.jazz-premium-events.com\/de\/wp-json\/wp\/v2\/users\/1"}],"replies":[{"embeddable":true,"href":"https:\/\/www.jazz-premium-events.com\/de\/wp-json\/wp\/v2\/comments?post=911"}],"version-history":[{"count":3,"href":"https:\/\/www.jazz-premium-events.com\/de\/wp-json\/wp\/v2\/pages\/911\/revisions"}],"predecessor-version":[{"id":1170,"href":"https:\/\/www.jazz-premium-events.com\/de\/wp-json\/wp\/v2\/pages\/911\/revisions\/1170"}],"up":[{"embeddable":true,"href":"https:\/\/www.jazz-premium-events.com\/de\/wp-json\/wp\/v2\/pages\/903"}],"wp:featuredmedia":[{"embeddable":true,"href":"https:\/\/www.jazz-premium-events.com\/de\/wp-json\/wp\/v2\/media\/622"}],"wp:attachment":[{"href":"https:\/\/www.jazz-premium-events.com\/de\/wp-json\/wp\/v2\/media?parent=911"}],"curies":[{"name":"wp","href":"https:\/\/api.w.org\/{rel}","templated":true}]}}