{"id":907,"date":"2021-05-20T09:43:02","date_gmt":"2021-05-20T07:43:02","guid":{"rendered":"https:\/\/www.jazz-premium-events.com\/musikalisches-angebot\/hochzeit-und-private-feiern\/"},"modified":"2021-06-21T11:29:38","modified_gmt":"2021-06-21T09:29:38","slug":"hochzeit-und-private-feiern","status":"publish","type":"page","link":"https:\/\/www.jazz-premium-events.com\/de\/musikalisches-angebot\/hochzeit-und-private-feiern\/","title":{"rendered":"Hochzeitsfeiern und andere private Feiern"},"content":{"rendered":"\n<h1 class=\"wp-block-heading\">Jazzensemble f\u00fcr die musikalische Untermalung Ihrer Hochzeits- und Geburtstagsfeier, Ihres Cocktailempfangs und Ihrer privaten Abendgesellschaft<\/h1>\n\n<p class=\"has-text-align-center\">Musik verbindet und bringt Menschen einander n\u00e4her, \u00f6ffnet den Geist und schafft eine fr\u00f6hliche und entspannte Atmosph\u00e4re. Sie wird die G\u00e4ste Ihrer <strong>Hochzeit oder privaten Feier<\/strong> emotional ber\u00fchren. Was ist denn schon eine vorprogrammierte Playlist gegen die authentische Erfahrung, ein echtes Jazzensemble mit echten Musikern und echten Instrumenten zu erleben. Das ist Emotion pur! Cordology ist im <strong>Elsass<\/strong> aber auch in <strong>ganz Frankreich<\/strong>, in <strong>Deutschland<\/strong>, der <strong>Schweiz<\/strong> und in <strong>Luxemburg<\/strong> f\u00fcr Ihre Veranstaltung in musikalischer Mission unterwegs.<\/p>\n\n<p class=\"has-text-align-center big\">Sie werden Ihrer Familie und Ihren Freunden eine Freude machen, wenn Sie zarte Saiten erklingen lassen.<\/p>\n\n<div style=\"height:60px\" aria-hidden=\"true\" class=\"wp-block-spacer\"><\/div>\n\n<div class=\"wp-block-media-text alignwide is-stacked-on-mobile is-image-fill fullWidth\"><figure class=\"wp-block-media-text__media\" style=\"background-image:url(https:\/\/www.jazz-premium-events.com\/wp-content\/uploads\/2020\/06\/Mariage-Parc-de-Wesserling-Photo-Gregory-Kauffmann.jpg);background-position:50% 50%\"><img decoding=\"async\" loading=\"lazy\" width=\"1170\" height=\"779\" src=\"https:\/\/www.jazz-premium-events.com\/wp-content\/uploads\/2020\/06\/Mariage-Parc-de-Wesserling-Photo-Gregory-Kauffmann.jpg\" alt=\"Musikalische Untermalung f\u00fcr eine Hochzeit\" class=\"wp-image-690 size-full\" srcset=\"https:\/\/www.jazz-premium-events.com\/wp-content\/uploads\/2020\/06\/Mariage-Parc-de-Wesserling-Photo-Gregory-Kauffmann.jpg 1170w, https:\/\/www.jazz-premium-events.com\/wp-content\/uploads\/2020\/06\/Mariage-Parc-de-Wesserling-Photo-Gregory-Kauffmann-960x639.jpg 960w, https:\/\/www.jazz-premium-events.com\/wp-content\/uploads\/2020\/06\/Mariage-Parc-de-Wesserling-Photo-Gregory-Kauffmann-569x379.jpg 569w, https:\/\/www.jazz-premium-events.com\/wp-content\/uploads\/2020\/06\/Mariage-Parc-de-Wesserling-Photo-Gregory-Kauffmann-768x511.jpg 768w, https:\/\/www.jazz-premium-events.com\/wp-content\/uploads\/2020\/06\/Mariage-Parc-de-Wesserling-Photo-Gregory-Kauffmann-600x400.jpg 600w\" sizes=\"(max-width: 1170px) 100vw, 1170px\" \/><\/figure><div class=\"wp-block-media-text__content\">\n<div style=\"height:60px\" aria-hidden=\"true\" class=\"wp-block-spacer\"><\/div>\n\n\n\n<h2 class=\"wp-block-heading\">Welche musikalischen Stilrichtungen umfasst das Repertoire des Jazzensemble Cordology?<\/h2>\n\n\n\n<div style=\"height:20px\" aria-hidden=\"true\" class=\"wp-block-spacer\"><\/div>\n\n\n\n<p class=\"has-text-align-center\">Die Musik unseres Ensembles ist eine Jazzstilistik, die dem <strong>Jazz Manouche<\/strong> sehr nahe ist. Wir spielen ausschlie\u00dflich mit <strong>Saiteninstrumenten <\/strong>und verzichten auf Percussions- oder Blasinstrumente. Eing\u00e4ngige Kl\u00e4nge, die f\u00fcr jedes Alter geeignet sind.&#13;\n&#13;\nWo man singt, da lass dich ruhig nieder! Fr\u00f6hlich, vertr\u00e4umt, mitrei\u00dfend \u2013 Musik <strong>zaubert den Menschen ein L\u00e4cheln ins Gesicht<\/strong>, ganz einfach.<\/p>\n\n\n\n<p class=\"has-text-align-center\">Unsere Musik beinhaltet Jazz in all seinen Facetten!&#13;\nManouche Swing, amerikanischer Jazz der 50er Jahre, Instrumentalversionen von St\u00fccken aus dem Repertoire Frank Sinatras, Vintage-Jazz \u2013 lebendig, romantisch, authentisch und festlich.<\/p>\n\n\n\n<p class=\"has-text-align-center\"><a title=\"Lassen Sie die H&#xF6;rbeispiele von Cordology auf sich wirken\" href=\"https:\/\/www.jazz-premium-events.com\/de\/musik\/\">Lassen Sie die Musik von Cordology auf sich wirken<\/a> \u2013 als H\u00f6rbeispiele oder hautnah und live w\u00e4hrend eines Auftritts.<\/p>\n\n\n\n<div style=\"height:60px\" aria-hidden=\"true\" class=\"wp-block-spacer\"><\/div>\n<\/div><\/div>\n\n<div style=\"height:60px\" aria-hidden=\"true\" class=\"wp-block-spacer\"><\/div>\n\n<h2 class=\"wp-block-heading\">F\u00fcr welche Anl\u00e4sse bietet das Ensemble Cordology den passenden musikalischen Rahmen?<\/h2>\n\n<div class=\"wp-block-columns are-vertically-aligned-center is-layout-flex wp-container-4 wp-block-columns-is-layout-flex\">\n<div class=\"wp-block-column is-vertically-aligned-center is-layout-flow wp-block-column-is-layout-flow\">\n<p>Neben <strong>Hochzeiten<\/strong>, wo das Jazzensemble Cordology besonders gerne f\u00fcr den <strong>Cocktailempfang<\/strong> gebucht wird, ergeben sich bei privaten Feierlichkeiten unz\u00e4hlige festliche Momente.&#13;\n&#13;\nDie Jazzband kann \u00fcberall spielen und sich an jede Eventlocation anpassen \u2013 ob bei Ihnen zuhause oder in einem eigens f\u00fcr Sie reservierten Bereich eines Restaurants.<\/p>\n\n\n\n<ul class=\"noSpace\"><li><strong>Geburtstagsfeier<\/strong><\/li><li><strong>Hochzeitstag (Silberhochzeit, goldene Hochzeit\u00a0\u2026)<\/strong><\/li><li><strong>Einweihungsfeier<\/strong><\/li><li><strong>Gartenparty<\/strong><\/li><li><strong>Silvesterparty<\/strong><\/li><li><strong>Bankett, Empfang, Flying Dinner<\/strong><\/li><li><strong>Religi\u00f6se Veranstaltung, Taufe, Beerdigung<\/strong><\/li><\/ul>\n\n\n<div style=\"height:20px\" aria-hidden=\"true\" class=\"wp-block-spacer\"><\/div>\n\n\n\n<div class=\"wp-block-buttons is-content-justification-center is-layout-flex wp-block-buttons-is-layout-flex\">\n<div class=\"wp-block-button\"><a class=\"wp-block-button__link\" href=\"https:\/\/www.jazz-premium-events.com\/de\/packages\/\" title=\"Erfahren Sie mehr &#xFC;ber unsere Packages!\">Erfahren Sie mehr \u00fcber unsere Packages!<\/a><\/div>\n<\/div>\n<\/div>\n\n\n\n<div class=\"wp-block-column is-vertically-aligned-center is-layout-flow wp-block-column-is-layout-flow\">\n<figure class=\"wp-block-image size-large\"><img decoding=\"async\" loading=\"lazy\" width=\"1170\" height=\"780\" src=\"https:\/\/www.jazz-premium-events.com\/wp-content\/uploads\/2020\/06\/animation-musicale-mariage.jpg\" alt=\"Jazzensemble f&#xFC;r eine Hochzeit\" class=\"wp-image-648\" srcset=\"https:\/\/www.jazz-premium-events.com\/wp-content\/uploads\/2020\/06\/animation-musicale-mariage.jpg 1170w, https:\/\/www.jazz-premium-events.com\/wp-content\/uploads\/2020\/06\/animation-musicale-mariage-960x640.jpg 960w, https:\/\/www.jazz-premium-events.com\/wp-content\/uploads\/2020\/06\/animation-musicale-mariage-569x379.jpg 569w, https:\/\/www.jazz-premium-events.com\/wp-content\/uploads\/2020\/06\/animation-musicale-mariage-768x512.jpg 768w, https:\/\/www.jazz-premium-events.com\/wp-content\/uploads\/2020\/06\/animation-musicale-mariage-600x400.jpg 600w\" sizes=\"(max-width: 1170px) 100vw, 1170px\" \/><\/figure><\/div>\n<\/div>\n\n<h2 class=\"wp-block-heading\">Symbiose zwischen dem Jazzensemble und Ihrer Hochzeit oder privaten Feierlichkeit<\/h2>\n\n<div class=\"wp-block-columns are-vertically-aligned-center is-layout-flex wp-container-7 wp-block-columns-is-layout-flex\">\n<div class=\"wp-block-column is-vertically-aligned-center is-layout-flow wp-block-column-is-layout-flow\">\n<figure class=\"wp-block-image size-large\"><img decoding=\"async\" loading=\"lazy\" width=\"1170\" height=\"657\" src=\"https:\/\/www.jazz-premium-events.com\/wp-content\/uploads\/2020\/06\/Jazz-Premium-Events-Mariage-Quartet.jpg\" alt=\"Das Jazzensemble Cordology\" class=\"wp-image-670\" srcset=\"https:\/\/www.jazz-premium-events.com\/wp-content\/uploads\/2020\/06\/Jazz-Premium-Events-Mariage-Quartet.jpg 1170w, https:\/\/www.jazz-premium-events.com\/wp-content\/uploads\/2020\/06\/Jazz-Premium-Events-Mariage-Quartet-960x539.jpg 960w, https:\/\/www.jazz-premium-events.com\/wp-content\/uploads\/2020\/06\/Jazz-Premium-Events-Mariage-Quartet-768x431.jpg 768w\" sizes=\"(max-width: 1170px) 100vw, 1170px\" \/><\/figure><\/div>\n\n\n\n<div class=\"wp-block-column is-vertically-aligned-center is-layout-flow wp-block-column-is-layout-flow\">\n<p>Eine <strong>heitere Stimmung<\/strong> schaffen, Emotionen wecken und dabei aufmerksam wahrnehmen, was um uns herum geschieht und erkennen, ob in einem Moment mitrei\u00dfende Rhythmen oder eher romantische Balladen angebracht sind: Der Tag Ihrer Hochzeit wird getragen von Melodien und Stilrichtungen, die die Magie des Moments einfangen. <strong>Unsere Musik begleitet Sie und Ihre G\u00e4ste<\/strong> und gemeinsam schaffen wir unvergessliche Erinnerungen.<\/p>\n<\/div>\n<\/div>\n\n<div style=\"height:60px\" aria-hidden=\"true\" class=\"wp-block-spacer\"><\/div>\n\n<div style=\"padding-top:1%\" class=\"wp-block-genesis-blocks-gb-container blocGris fullWidth gb-block-container\"><div class=\"gb-container-inside\"><div class=\"gb-container-content\" style=\"max-width:1170px\">\n<h2 class=\"wp-block-heading\">Das sollten Sie wissen, bevor Sie unser Ensemble f\u00fcr die musikalische Untermalung Ihrer Hochzeit oder privaten Feierlichkeit engagieren.<\/h2>\n\n\n\n<div class=\"wp-block-columns is-layout-flex wp-container-10 wp-block-columns-is-layout-flex\">\n<div class=\"wp-block-column is-layout-flow wp-block-column-is-layout-flow\">\n<h3 class=\"wp-block-heading\">Hochzeiten: Wann ist der ideale Zeitpunkt f\u00fcr eine musikalische Untermalung?<\/h3>\n\n\n\n<p>Der beste Moment f\u00fcr eine <strong>diskrete Jazzuntermalung<\/strong> bei einer Hochzeit oder beispielsweise einer privaten Geburtstagsfeier ist der <strong>Cocktailempfang<\/strong>. Bei privaten Feierlichkeiten und Hochzeiten spielt unser Trio Cordology vor dem Abendessen und bevor die Tanzfl\u00e4che er\u00f6ffnet wird, wo dann meist ein DJ oder eine Tanzband zum Einsatz kommt.<\/p>\n\n\n\n<p>Der <strong>Hochzeitsempfang<\/strong> ist der erste festliche Teil nach der offiziellen Trauungszeremonie, bei dem alle G\u00e4ste anwesend sind, gemeinsam Emotionen und Freude teilen und sich miteinander unterhalten und lachen k\u00f6nnen.<\/p>\n\n\n\n<p>Cordology kann jedoch auch \u00fcber einen l\u00e4ngeren Zeitraum <strong>musikalisch durch die Feier begleiten<\/strong>: w\u00e4hrend des Buffets oder Abendessens, aber auch zu Mittag beim Cocktailempfang, Mittagessen oder am Nachmittag.<\/p>\n<\/div>\n\n\n\n<div class=\"wp-block-column is-layout-flow wp-block-column-is-layout-flow\">\n<h3 class=\"wp-block-heading\">Wo platziert sich das Jazzensemble?&#13;\nWas wird ben\u00f6tigt?<\/h3>\n\n\n\n<p>Ob in einem reservierten Bereich eines Restaurants, einer gemieteten Eventlocation, einem Festsaal; ob drinnen oder drau\u00dfen \u2013 <strong>die Musiker passen sich an die Gegebenheiten an<\/strong> und k\u00f6nnen sich <strong>schnell und selbstst\u00e4ndig an dem gew\u00fcnschten Platz einrichten<\/strong>. Das Einzige, woran man denken sollte, ist der Ort, an dem die Band sp\u00e4ter stehen wird. Dieser Platz sollte im Vorfeld genau definiert werden, wobei f\u00fcr Schatten gesorgt sein muss, wenn die Band im Freien spielt (Mauer, Laube oder Baum); eine Fl\u00e4che von 6 bis 8\u00a0m\u00b2 ist daf\u00fcr einzuplanen.<\/p>\n\n\n\n<p>Durch eine leichte Beschallung k\u00f6nnen wir auch im Freien einen guten und \u00fcberall h\u00f6rbaren Sound gew\u00e4hrleisten. Das machen wir nicht, um die Lautst\u00e4rke zu erh\u00f6hen, sondern um die unterschiedlichen klanglichen Levels unserer Saiteninstrumente aufeinander abzustimmen.&#13;\n&#13;\nWir verf\u00fcgen \u00fcber sehr viel Erfahrung auf dem Gebiet der Tonregelung in jeder Situation und achten darauf, dass die Klangfarbe angenehm und nicht aufdringlich ist.<\/p>\n<\/div>\n<\/div>\n\n\n\n<div class=\"wp-block-columns is-layout-flex wp-container-13 wp-block-columns-is-layout-flex\">\n<div class=\"wp-block-column is-layout-flow wp-block-column-is-layout-flow\">\n<h3 class=\"wp-block-heading\">Besteht nicht die Gefahr, dass die Band zu laut spielt?<\/h3>\n\n\n\n<p>Die Gespr\u00e4che Ihrer G\u00e4ste d\u00fcrfen nicht durch die Musik gest\u00f6rt werden, wie das leider oft der Fall ist. Die Band schafft eine klangliche Kulisse, die <strong>diskret, samtig und herzlich<\/strong> ist und so k\u00f6nnen sich die G\u00e4ste ungest\u00f6rt miteinander unterhalten, ohne durch die Lautst\u00e4rke bel\u00e4stigt zu werden.<\/p>\n\n\n\n<p>Wir tun unser Bestes, damit sich unsere Kundinnen und Kunden wohlf\u00fchlen. Das ist ein zentraler Aspekt unseres Berufes und unumg\u00e4nglich f\u00fcr das Gelingen Ihres Festes.<\/p>\n<\/div>\n\n\n\n<div class=\"wp-block-column is-layout-flow wp-block-column-is-layout-flow\">\n<h3 class=\"wp-block-heading\">Unser Rat: Reservieren Sie so bald als m\u00f6glich!<\/h3>\n\n\n\n<p>Reservieren Sie die unterschiedlichen Dienstleister fr\u00fchzeitig, denn diese sind meist sehr rasch ausgebucht! F\u00fcr Hochzeiten werden wir bis etwa <strong>zwei Jahre im Voraus<\/strong> gebucht. F\u00fcr andere private Feierlichkeiten, die von Privatpersonen organisiert werden, <strong>ist die Vorlaufzeit k\u00fcrzer<\/strong>. Nachdem der Samstag traditionell als Hochzeitstermin sehr gefragt ist, sollte hier die <a title=\"Buchung des Jazzensembles Cordology\" href=\"https:\/\/www.jazz-premium-events.com\/de\/kontakt\/\">Buchung des Ensembles<\/a> f\u00fcr diesen Wochentag beizeiten erfolgen.<\/p>\n\n\n\n<p>Es sei jedoch darauf hingewiesen, dass das Jazzensemble die ganze Woche t\u00e4tig ist, von Montag bis Sonntag. Das l\u00e4sst Ihnen viel Spielraum f\u00fcr die Auswahl des passenden Zeitfensters, um Ihre Freunde und Familie zu Ihrem Fest einzuladen.<\/p>\n<\/div>\n<\/div>\n\n\n\n<h3 class=\"has-text-align-center wp-block-heading\">Hochzeiten: Wie kann eine musikalische Dienstleistung in Ihr Budget einkalkuliert werden?<\/h3>\n\n\n\n<p>Die Hochzeit ist ein <strong>einzigartiger Moment<\/strong> und einer der sch\u00f6nsten Tage im Leben eines Paares. N\u00fcchtern betrachtet ist es aber auch ein Projekt, das zu organisieren ist (Budget, Wahl der Dienstleister, Location\u00a0\u2026). Liebes Brautpaar, bauen Sie die Position \u201eEmpfang mit Jazzmusik\u201c <strong>schon ganz am Anfang Ihrer \u00dcberlegungen<\/strong> zu Organisation und Recherche mit ein. Wenn die anderen Positionen, die allgemein als wichtiger und unerl\u00e4sslich eingestuft werden (Location, Catering etc.), einmal budgetiert sind, besteht die Gefahr, dass am Ende nicht mehr ausreichend finanzielle Reserven f\u00fcr die musikalische Untermalung Ihres Empfangs \u00fcbrig bleiben. Wir haben schon oft erlebt, wie zuk\u00fcnftige Eheleute entt\u00e4uscht waren, dass sie uns aus rein finanziellen Gr\u00fcnden nicht f\u00fcr ihre Feier buchen konnten!<\/p>\n\n\n\n<p>Vielleicht sind Sie mit Ihren Recherchen erst am Anfang? Wir bieten Ihnen eine <a title=\"Unsere Auswahl von Anbietern\" href=\"https:\/\/www.jazz-premium-events.com\/de\/partnerunternehmen\/\">Auswahl von seri\u00f6sen Dienstleistern<\/a> im Elsass an: DJs, Fotografen und Caterer. Das sind Profis, die wir gut kennen und die sich darauf freuen, Ihre Anfrage zu beantworten. Wenn diese Anbieter Ihnen zusagen und sie auch verf\u00fcgbar sind, kann Ihnen das viel Zeit ersparen.<\/p>\n\n\n\n<p class=\"has-text-align-center big\"><a title=\"Sprechen wir gemeinsam dar&#xFC;ber\" href=\"https:\/\/www.jazz-premium-events.com\/de\/kontakt\/\">Sprechen wir gemeinsam<\/a> \u00fcber Ihr Projekt! Wir k\u00fcmmern uns zeitnah und stets mit Freude um Ihr Anliegen.<\/p>\n\n\n\n<div class=\"wp-block-buttons is-content-justification-center is-layout-flex wp-block-buttons-is-layout-flex\">\n<div class=\"wp-block-button\"><a class=\"wp-block-button__link\" href=\"https:\/\/www.jazz-premium-events.com\/de\/kontakt\/\" title=\"Kontaktieren Sie das Jazzensemble Cordology\">Kontaktieren Sie uns<\/a><\/div>\n<\/div>\n<\/div><\/div><\/div>\n","protected":false},"excerpt":{"rendered":"<p>Jazzensemble f\u00fcr die musikalische Untermalung Ihrer Hochzeits- und Geburtstagsfeier, Ihres Cocktailempfangs und Ihrer privaten Abendgesellschaft Musik verbindet und bringt Menschen einander n\u00e4her, \u00f6ffnet den Geist und schafft eine fr\u00f6hliche und entspannte Atmosph\u00e4re. Sie wird die &#8230;<\/p>\n","protected":false},"author":1,"featured_media":622,"parent":903,"menu_order":0,"comment_status":"closed","ping_status":"closed","template":"","meta":{"footnotes":""},"acf":[],"yoast_head":"<!-- This site is optimized with the Yoast SEO plugin v21.3 - https:\/\/yoast.com\/wordpress\/plugins\/seo\/ -->\n<title>Jazzensemble f\u00fcr Hochzeiten, Cocktails, Geburtstage, private Abendveranstaltungen im Elsass<\/title>\n<meta name=\"description\" content=\"Das Jazzensemble Cordology ist f\u00fcr Ihre Hochzeit oder private Feier in musikalischer Mission unterwegs: im Elsass und in ganz Frankreich, in Deutschland, der Schweiz und in Luxemburg.\" \/>\n<meta name=\"robots\" content=\"index, follow, max-snippet:-1, max-image-preview:large, max-video-preview:-1\" \/>\n<link rel=\"canonical\" href=\"https:\/\/www.jazz-premium-events.com\/de\/musikalisches-angebot\/hochzeit-und-private-feiern\/\" \/>\n<meta property=\"og:locale\" content=\"de_DE\" \/>\n<meta property=\"og:type\" content=\"article\" \/>\n<meta property=\"og:title\" content=\"Jazzensemble f\u00fcr Hochzeiten, Cocktails, Geburtstage, private Abendveranstaltungen im Elsass\" \/>\n<meta property=\"og:description\" content=\"Das Jazzensemble Cordology ist f\u00fcr Ihre Hochzeit oder private Feier in musikalischer Mission unterwegs: im Elsass und in ganz Frankreich, in Deutschland, der Schweiz und in Luxemburg.\" \/>\n<meta property=\"og:url\" content=\"https:\/\/www.jazz-premium-events.com\/de\/musikalisches-angebot\/hochzeit-und-private-feiern\/\" \/>\n<meta property=\"og:site_name\" content=\"Cordology\" \/>\n<meta property=\"article:modified_time\" content=\"2021-06-21T09:29:38+00:00\" \/>\n<meta property=\"og:image\" content=\"https:\/\/www.jazz-premium-events.com\/wp-content\/uploads\/2020\/06\/banner-prestations.jpg\" \/>\n\t<meta property=\"og:image:width\" content=\"1920\" \/>\n\t<meta property=\"og:image:height\" content=\"505\" \/>\n\t<meta property=\"og:image:type\" content=\"image\/jpeg\" \/>\n<meta name=\"twitter:card\" content=\"summary_large_image\" \/>\n<meta name=\"twitter:label1\" content=\"Gesch\u00e4tzte Lesezeit\" \/>\n\t<meta name=\"twitter:data1\" content=\"6\u00a0Minuten\" \/>\n<script type=\"application\/ld+json\" class=\"yoast-schema-graph\">{\"@context\":\"https:\/\/schema.org\",\"@graph\":[{\"@type\":\"WebPage\",\"@id\":\"https:\/\/www.jazz-premium-events.com\/de\/musikalisches-angebot\/hochzeit-und-private-feiern\/\",\"url\":\"https:\/\/www.jazz-premium-events.com\/de\/musikalisches-angebot\/hochzeit-und-private-feiern\/\",\"name\":\"Jazzensemble f\u00fcr Hochzeiten, Cocktails, Geburtstage, private Abendveranstaltungen im Elsass\",\"isPartOf\":{\"@id\":\"https:\/\/www.jazz-premium-events.com\/de\/#website\"},\"datePublished\":\"2021-05-20T07:43:02+00:00\",\"dateModified\":\"2021-06-21T09:29:38+00:00\",\"description\":\"Das Jazzensemble Cordology ist f\u00fcr Ihre Hochzeit oder private Feier in musikalischer Mission unterwegs: im Elsass und in ganz Frankreich, in Deutschland, der Schweiz und in Luxemburg.\",\"breadcrumb\":{\"@id\":\"https:\/\/www.jazz-premium-events.com\/de\/musikalisches-angebot\/hochzeit-und-private-feiern\/#breadcrumb\"},\"inLanguage\":\"de\",\"potentialAction\":[{\"@type\":\"ReadAction\",\"target\":[\"https:\/\/www.jazz-premium-events.com\/de\/musikalisches-angebot\/hochzeit-und-private-feiern\/\"]}]},{\"@type\":\"BreadcrumbList\",\"@id\":\"https:\/\/www.jazz-premium-events.com\/de\/musikalisches-angebot\/hochzeit-und-private-feiern\/#breadcrumb\",\"itemListElement\":[{\"@type\":\"ListItem\",\"position\":1,\"name\":\"Accueil\",\"item\":\"https:\/\/www.jazz-premium-events.com\/de\/\"},{\"@type\":\"ListItem\",\"position\":2,\"name\":\"Musikalisches Angebot\",\"item\":\"https:\/\/www.jazz-premium-events.com\/de\/musikalisches-angebot\/\"},{\"@type\":\"ListItem\",\"position\":3,\"name\":\"Hochzeitsfeiern und andere private Feiern\"}]},{\"@type\":\"WebSite\",\"@id\":\"https:\/\/www.jazz-premium-events.com\/de\/#website\",\"url\":\"https:\/\/www.jazz-premium-events.com\/de\/\",\"name\":\"Cordology\",\"description\":\"Trio jazz \u00e0 cordes\",\"publisher\":{\"@id\":\"https:\/\/www.jazz-premium-events.com\/de\/#organization\"},\"potentialAction\":[{\"@type\":\"SearchAction\",\"target\":{\"@type\":\"EntryPoint\",\"urlTemplate\":\"https:\/\/www.jazz-premium-events.com\/de\/?s={search_term_string}\"},\"query-input\":\"required name=search_term_string\"}],\"inLanguage\":\"de\"},{\"@type\":\"Organization\",\"@id\":\"https:\/\/www.jazz-premium-events.com\/de\/#organization\",\"name\":\"Cordology\",\"url\":\"https:\/\/www.jazz-premium-events.com\/de\/\",\"logo\":{\"@type\":\"ImageObject\",\"inLanguage\":\"de\",\"@id\":\"https:\/\/www.jazz-premium-events.com\/de\/#\/schema\/logo\/image\/\",\"url\":\"https:\/\/www.jazz-premium-events.com\/wp-content\/uploads\/2020\/06\/logo-cordology.png\",\"contentUrl\":\"https:\/\/www.jazz-premium-events.com\/wp-content\/uploads\/2020\/06\/logo-cordology.png\",\"width\":234,\"height\":208,\"caption\":\"Cordology\"},\"image\":{\"@id\":\"https:\/\/www.jazz-premium-events.com\/de\/#\/schema\/logo\/image\/\"}}]}<\/script>\n<!-- \/ Yoast SEO plugin. -->","yoast_head_json":{"title":"Jazzensemble f\u00fcr Hochzeiten, Cocktails, Geburtstage, private Abendveranstaltungen im Elsass","description":"Das Jazzensemble Cordology ist f\u00fcr Ihre Hochzeit oder private Feier in musikalischer Mission unterwegs: im Elsass und in ganz Frankreich, in Deutschland, der Schweiz und in Luxemburg.","robots":{"index":"index","follow":"follow","max-snippet":"max-snippet:-1","max-image-preview":"max-image-preview:large","max-video-preview":"max-video-preview:-1"},"canonical":"https:\/\/www.jazz-premium-events.com\/de\/musikalisches-angebot\/hochzeit-und-private-feiern\/","og_locale":"de_DE","og_type":"article","og_title":"Jazzensemble f\u00fcr Hochzeiten, Cocktails, Geburtstage, private Abendveranstaltungen im Elsass","og_description":"Das Jazzensemble Cordology ist f\u00fcr Ihre Hochzeit oder private Feier in musikalischer Mission unterwegs: im Elsass und in ganz Frankreich, in Deutschland, der Schweiz und in Luxemburg.","og_url":"https:\/\/www.jazz-premium-events.com\/de\/musikalisches-angebot\/hochzeit-und-private-feiern\/","og_site_name":"Cordology","article_modified_time":"2021-06-21T09:29:38+00:00","og_image":[{"width":1920,"height":505,"url":"https:\/\/www.jazz-premium-events.com\/wp-content\/uploads\/2020\/06\/banner-prestations.jpg","type":"image\/jpeg"}],"twitter_card":"summary_large_image","twitter_misc":{"Gesch\u00e4tzte Lesezeit":"6\u00a0Minuten"},"schema":{"@context":"https:\/\/schema.org","@graph":[{"@type":"WebPage","@id":"https:\/\/www.jazz-premium-events.com\/de\/musikalisches-angebot\/hochzeit-und-private-feiern\/","url":"https:\/\/www.jazz-premium-events.com\/de\/musikalisches-angebot\/hochzeit-und-private-feiern\/","name":"Jazzensemble f\u00fcr Hochzeiten, Cocktails, Geburtstage, private Abendveranstaltungen im Elsass","isPartOf":{"@id":"https:\/\/www.jazz-premium-events.com\/de\/#website"},"datePublished":"2021-05-20T07:43:02+00:00","dateModified":"2021-06-21T09:29:38+00:00","description":"Das Jazzensemble Cordology ist f\u00fcr Ihre Hochzeit oder private Feier in musikalischer Mission unterwegs: im Elsass und in ganz Frankreich, in Deutschland, der Schweiz und in Luxemburg.","breadcrumb":{"@id":"https:\/\/www.jazz-premium-events.com\/de\/musikalisches-angebot\/hochzeit-und-private-feiern\/#breadcrumb"},"inLanguage":"de","potentialAction":[{"@type":"ReadAction","target":["https:\/\/www.jazz-premium-events.com\/de\/musikalisches-angebot\/hochzeit-und-private-feiern\/"]}]},{"@type":"BreadcrumbList","@id":"https:\/\/www.jazz-premium-events.com\/de\/musikalisches-angebot\/hochzeit-und-private-feiern\/#breadcrumb","itemListElement":[{"@type":"ListItem","position":1,"name":"Accueil","item":"https:\/\/www.jazz-premium-events.com\/de\/"},{"@type":"ListItem","position":2,"name":"Musikalisches Angebot","item":"https:\/\/www.jazz-premium-events.com\/de\/musikalisches-angebot\/"},{"@type":"ListItem","position":3,"name":"Hochzeitsfeiern und andere private Feiern"}]},{"@type":"WebSite","@id":"https:\/\/www.jazz-premium-events.com\/de\/#website","url":"https:\/\/www.jazz-premium-events.com\/de\/","name":"Cordology","description":"Trio jazz \u00e0 cordes","publisher":{"@id":"https:\/\/www.jazz-premium-events.com\/de\/#organization"},"potentialAction":[{"@type":"SearchAction","target":{"@type":"EntryPoint","urlTemplate":"https:\/\/www.jazz-premium-events.com\/de\/?s={search_term_string}"},"query-input":"required name=search_term_string"}],"inLanguage":"de"},{"@type":"Organization","@id":"https:\/\/www.jazz-premium-events.com\/de\/#organization","name":"Cordology","url":"https:\/\/www.jazz-premium-events.com\/de\/","logo":{"@type":"ImageObject","inLanguage":"de","@id":"https:\/\/www.jazz-premium-events.com\/de\/#\/schema\/logo\/image\/","url":"https:\/\/www.jazz-premium-events.com\/wp-content\/uploads\/2020\/06\/logo-cordology.png","contentUrl":"https:\/\/www.jazz-premium-events.com\/wp-content\/uploads\/2020\/06\/logo-cordology.png","width":234,"height":208,"caption":"Cordology"},"image":{"@id":"https:\/\/www.jazz-premium-events.com\/de\/#\/schema\/logo\/image\/"}}]}},"featured_image_src":"https:\/\/www.jazz-premium-events.com\/wp-content\/uploads\/2020\/06\/banner-prestations.jpg","featured_image_src_square":"https:\/\/www.jazz-premium-events.com\/wp-content\/uploads\/2020\/06\/banner-prestations.jpg","_links":{"self":[{"href":"https:\/\/www.jazz-premium-events.com\/de\/wp-json\/wp\/v2\/pages\/907"}],"collection":[{"href":"https:\/\/www.jazz-premium-events.com\/de\/wp-json\/wp\/v2\/pages"}],"about":[{"href":"https:\/\/www.jazz-premium-events.com\/de\/wp-json\/wp\/v2\/types\/page"}],"author":[{"embeddable":true,"href":"https:\/\/www.jazz-premium-events.com\/de\/wp-json\/wp\/v2\/users\/1"}],"replies":[{"embeddable":true,"href":"https:\/\/www.jazz-premium-events.com\/de\/wp-json\/wp\/v2\/comments?post=907"}],"version-history":[{"count":7,"href":"https:\/\/www.jazz-premium-events.com\/de\/wp-json\/wp\/v2\/pages\/907\/revisions"}],"predecessor-version":[{"id":1174,"href":"https:\/\/www.jazz-premium-events.com\/de\/wp-json\/wp\/v2\/pages\/907\/revisions\/1174"}],"up":[{"embeddable":true,"href":"https:\/\/www.jazz-premium-events.com\/de\/wp-json\/wp\/v2\/pages\/903"}],"wp:featuredmedia":[{"embeddable":true,"href":"https:\/\/www.jazz-premium-events.com\/de\/wp-json\/wp\/v2\/media\/622"}],"wp:attachment":[{"href":"https:\/\/www.jazz-premium-events.com\/de\/wp-json\/wp\/v2\/media?parent=907"}],"curies":[{"name":"wp","href":"https:\/\/api.w.org\/{rel}","templated":true}]}}